{"id":1944,"date":"2025-09-16T10:36:40","date_gmt":"2025-09-16T10:36:40","guid":{"rendered":"https:\/\/micene.conform.it\/european-trainers-network\/"},"modified":"2026-02-22T17:25:48","modified_gmt":"2026-02-22T17:25:48","slug":"european-trainers-network","status":"publish","type":"page","link":"https:\/\/micene.conform.it\/sl\/european-trainers-network\/","title":{"rendered":"EVROPSKA MRE\u017dA TRENERJEV"},"content":{"rendered":"<div class=\"wpb-content-wrapper\"><p>[vc_row padding_top_multiplier=&#8221;3x&#8221; padding_bottom_multiplier=&#8221;&#8221; section_id=&#8221;info&#8221;][vc_column]<h3 class=\"grve-element grve-title grve-align-center grve-animated-item grve-duration-normal grve-fade-in-down grve-h6\" style=\"\" data-delay=\"400\"><span><br>\n<h4>Evropska mre\u017ea trenerjev projekta \u00bbMICE.N.E\u00ab<\/h4>\n<\/span><\/h3><div class=\"grve-element grve-divider grve-animated-item grve-fade-in-up grve-duration-normal grve-align-center\" style=\"\" data-delay=\"200\"><span class=\"grve-custom-divider grve-bg-primary-1\" style=\"width: 50px;height: 2px;\"><\/span><\/div><div class=\"grve-empty-space grve-height-1x\" style=\"\"><\/div>[\/vc_column][\/vc_row][vc_row padding_top_multiplier=&#8221;&#8221; padding_bottom_multiplier=&#8221;&#8221;][vc_column width=&#8221;1\/3&#8243;]<div class=\"grve-element grve-image grve-align-center\" style=\"\">  <div class=\"grve-image-wrapper\"><img loading=\"lazy\" decoding=\"async\" width=\"800\" height=\"800\" src=\"https:\/\/micene.conform.it\/wp-content\/uploads\/2025\/09\/European-Trainers-Network-1.webp\" class=\"attachment-full size-full\" alt=\"European Trainers Network\" srcset=\"https:\/\/micene.conform.it\/wp-content\/uploads\/2025\/09\/European-Trainers-Network-1.webp 800w, https:\/\/micene.conform.it\/wp-content\/uploads\/2025\/09\/European-Trainers-Network-1-300x300.webp 300w, https:\/\/micene.conform.it\/wp-content\/uploads\/2025\/09\/European-Trainers-Network-1-150x150.webp 150w, https:\/\/micene.conform.it\/wp-content\/uploads\/2025\/09\/European-Trainers-Network-1-768x768.webp 768w, https:\/\/micene.conform.it\/wp-content\/uploads\/2025\/09\/European-Trainers-Network-1-560x560.webp 560w\" sizes=\"auto, (max-width: 800px) 100vw, 800px\" \/>   <\/div><\/div>[\/vc_column][vc_column width=&#8221;2\/3&#8243;]<div class=\"ult-spacer spacer-69e7450708017\" data-id=\"69e7450708017\" data-height=\"10\" data-height-mobile=\"10\" data-height-tab=\"10\" data-height-tab-portrait=\"10\" data-height-mobile-landscape=\"10\" style=\"clear:both;display:block;\"><\/div>[vc_column_text css=&#8221;&#8221;]<\/p>\n<p style=\"text-align: justify;\"><strong>Evropska mre\u017ea trenerjev \u00bbMICE.N.E.\u00ab<\/strong> je mre\u017ea izobra\u017eevalcev iz Italije, Litve, Slovenije, \u0160panije in Belgije, ki predstavljajo naslednje visoko\u0161olske institucije, centre poklicnega izobra\u017eevanja in usposabljanja (VET), akterje sektorja MICE ter mednarodno mre\u017eo za kakovost:<\/p>\n<ul>\n<li style=\"text-align: left;\"><strong>UNIVERSIT\u00c0 DEGLI STUDI DI NAPOLI FEDERICO II<\/strong>, Oddelek za ekonomijo, management in institucije (DEMI) (Italija)<\/li>\n<li style=\"text-align: left;\"><strong>CONFORM<\/strong> \u2013 Consulenza Formazione e Management S.c.a.r.l. (Italija)<\/li>\n<li style=\"text-align: left;\"><strong>VILNIUS GEDIMINAS TECHNICAL UNIVERSITY<\/strong> (Litva)<\/li>\n<li style=\"text-align: left;\"><strong>LITHUANIAN ASSOCIATION OF MEETINGS AND EVENTS<\/strong> (LKRA) (Litva)<\/li>\n<li style=\"text-align: left;\"><strong>UNIVERSITY OF MARIBOR, FACULTY OF ECONOMICS AND BUSINESS<\/strong> (Slovenija)<\/li>\n<li style=\"text-align: left;\"><strong>MARIBOR TOURIST BOARD<\/strong> (Slovenija)<\/li>\n<li style=\"text-align: left;\"><strong>UNIVERSIDAD NEBRIJA<\/strong> (\u0160panija)<\/li>\n<li style=\"text-align: left;\"><strong>EFMD GLOBAL<\/strong> (Belgija)<\/li>\n<\/ul>\n<p>[\/vc_column_text]<div class=\"grve-empty-space grve-height-1x\" style=\"\"><\/div>[\/vc_column][\/vc_row][vc_row padding_top_multiplier=&#8221;&#8221; padding_bottom_multiplier=&#8221;&#8221;][vc_column][vc_column_text css=&#8221;&#8221;]<\/p>\n<p style=\"text-align: justify;\">ki je bila ustanovljena kot rezultat mednarodne mobilnosti, izvedene v okviru projekta Erasmus+ <strong>\u00bbMICE.N.E. MICE Next Evolution\u00ab<\/strong> \u2013 Strate\u0161ka partnerstva na podro\u010dju visokega \u0161olstva (<strong>Sporazum \u0161t. 2023-1-IT02-KA220-HED-000159041<\/strong>), ki ga je gostila <strong>Universidad Nebrija na Politehni\u010dnem in dru\u017eboslovnem kampusu, C\/ Santa Cruz de Marcenado 27, 28015 Madrid (\u0160panija), od 16. do 20. junija 2025.<\/strong><br \/>\nCilj mobilnosti je bil podpreti evropske visoko\u0161olske profesorje pri oblikovanju za\u010detne skupine strokovnjakov za transformacijski timski coaching in u\u010denje na delovnem mestu v sektorju MICE, ki bo delovala kot gonilna sila in povezovalec \u0161iroke, odprte mre\u017ee za zagotavljanje trajnosti kurikuluma, u\u010dnih gradiv ter Priro\u010dnika za pou\u010devanje MICE, ki so ga razvili in delili visoko\u0161olski profesorji, tudi po zaklju\u010dku projekta.<\/p>\n<p>[\/vc_column_text]<div class=\"grve-empty-space grve-height-1x\" style=\"\"><\/div>[\/vc_column][\/vc_row][vc_row padding_top_multiplier=&#8221;&#8221;][vc_column]<h3 class=\"grve-element grve-title grve-align-center grve-h6\" style=\"\"><span><br>\n<h4>Kliknite na naslove razdelkov za ve\u010d informacij<\/h4>\n<\/span><\/h3>[\/vc_column][\/vc_row][vc_row padding_bottom_multiplier=&#8221;4x&#8221;][vc_column][vc_tta_accordion title_tag=&#8221;h3&#8243; c_align=&#8221;left&#8221; c_position=&#8221;left&#8221; active_section=&#8221;0&#8243; heading_tag=&#8221;h5&#8243; heading=&#8221;h5&#8243;][vc_tta_section title=&#8221;Cilji mre\u017ee&#8221; tab_id=&#8221;1730636567121-4a6d71d8-3875&#8243;][vc_row_inner][vc_column_inner width=&#8221;1\/6&#8243;]<div class=\"grve-empty-space\" style=\"height: 20px;\"><\/div><div class=\"grve-element grve-single-icon grve-align-center grve-extra-large\" style=\"\">  <div class=\"grve-wrapper-icon grve-no-shape\" style=\"\"><i class=\"et-icon-target grve-text-blue\"><\/i><\/div><\/div><div class=\"grve-empty-space grve-height-1x\" style=\"\"><\/div>[\/vc_column_inner][vc_column_inner width=&#8221;5\/6&#8243;][vc_column_text css=&#8221;&#8221; animation_delay=&#8221;0&#8243;]<\/p>\n<p style=\"text-align: justify;\"><strong><span style=\"color: #00ccff;\">1.\u00a0<\/span>Deliti ustvarjalne, interaktivne, poglobljene in laboratorijsko zasnovane re\u0161itve, metodologije ter tehnologije za pou\u010devanje in u\u010denje, <\/strong>razvite v projektu \u00bbMICE.N.E.\u00ab:<\/p>\n<ul>\n<li style=\"text-align: justify;\"><strong>Visoko\u0161olski kurikulum za management MICE<\/strong>, ki ponuja poglobljen vpogled v industrijo MICE s poudarkom na strate\u0161kem na\u010drtovanju, operativnem upravljanju, trajnostnih praksah ter vklju\u010devanju tehnologij v upravljanje dogodkov. Njegov cilj je razviti usposobljene strokovnjake, pripravljene na soo\u010danje s kompleksnimi izzivi sektorja MICE.<\/li>\n<li style=\"text-align: justify;\">Spletni OER-ji in izobra\u017eevalne igre, ki \u0161tudentom omogo\u010dajo, da se postavijo v vlogo pripravnika v agenciji za organizacijo dogodkov ter preizkusijo pridobljeno znanje.<\/li>\n<li style=\"text-align: justify;\">Priro\u010dnik za pou\u010devanje MICE o transformacijskem timskem coachingu in u\u010denju na delovnem mestu, ki podpira izobra\u017eevalce in opolnomo\u010da \u0161tudente ter jih usmerja pri izvedbi analize stanja \u00bbas-is\u00ab in prihodnjega stanja \u00bbto-be\u00ab v podjetjih sektorja MICE z namenom predlaganja inovativnih re\u0161itev za spodbujanje dvojnega prehoda (digitalnega in zelenega).<\/li>\n<\/ul>\n<p style=\"text-align: justify;\"><strong><span style=\"color: #00ccff;\">2.\u00a0<\/span> Prispevati k opredelitvi vsebin, modelov in orodij za izobra\u017eevanje in usposabljanje, <\/strong>ki so usklajeni z zna\u010dilnostmi evropskega gospodarskega in dru\u017ebenega sistema v globalizirani perspektivi ter prispevajo k pove\u010danju kakovosti in konkuren\u010dnosti.<\/p>\n<p style=\"text-align: justify;\"><strong><span style=\"color: #00ccff;\">3.\u00a0<\/span>Spodbujati prilo\u017enosti <\/strong>za sre\u010devanje in sodelovanje med svojimi \u010dlani.<\/p>\n<p style=\"text-align: justify;\"><strong><span style=\"color: #00ccff;\">4.\u00a0<\/span> Spodbujati razvoj digitalnih kompetenc <\/strong>z omogo\u010danjem stalnega dostopa do raznolikih izobra\u017eevalnih virov.<\/p>\n<p style=\"text-align: justify;\"><strong><span style=\"color: #00ccff;\">5. <\/span>Spodbujati strukturiran dialog <\/strong>in sodelovanje med izvajalci poklicnega izobra\u017eevanja in usposabljanja (VET), akademskimi institucijami ter podjetji s podro\u010dja turizma z namenom pospe\u0161evanja zelenega in digitalnega prehoda<\/p>\n<p style=\"text-align: justify;\"><strong><span style=\"color: #00ccff;\">6.<\/span> Spodbujati trajnost <\/strong>in konkuren\u010dnost evropskih malih in srednje velikih podjetij z nenehnim sodelovanjem in inovacijami.<\/p>\n<p>[\/vc_column_text][\/vc_column_inner][\/vc_row_inner][\/vc_tta_section][vc_tta_section title=&#8221;Kako se pridru\u017eiti mre\u017ei&#8221; tab_id=&#8221;1730639822010-7111a268-f9bc&#8221;][vc_row_inner][vc_column_inner width=&#8221;1\/6&#8243;]<div class=\"grve-empty-space\" style=\"height: 20px;\"><\/div><div class=\"grve-element grve-single-icon grve-align-center grve-extra-large\" style=\"\">  <div class=\"grve-wrapper-icon grve-no-shape\" style=\"\"><i class=\"et-icon-pencil grve-text-blue\"><\/i><\/div><\/div><div class=\"grve-empty-space grve-height-1x\" style=\"\"><\/div>[\/vc_column_inner][vc_column_inner width=&#8221;5\/6&#8243;][vc_column_text css=&#8221;&#8221; animation_delay=&#8221;0&#8243;]<\/p>\n<p style=\"text-align: justify;\"><strong>Pridru\u017eitev mre\u017ei je brezpla\u010dna in sodelujo\u010dih visoko\u0161olskih institucij\/izobra\u017eevalcev\/svetovalcev v ni\u010demer ne zavezuje.<\/strong> Gre zgolj za prilo\u017enost za povezovanje in sodelovanje z drugimi izobra\u017eevalci ter za mo\u017enost uvajanja transformacijskega timskega coachinga in u\u010denja na delovnem mestu, ki odgovarjata na dana\u0161nje potrebe podjetij v sektorju MICE.<\/p>\n<p>[\/vc_column_text]<div class=\"grve-empty-space grve-height-1x\" style=\"\"><\/div><div class=\"grve-element grve-align-center grve-fluid-button\"><a href=\"https:\/\/docs.google.com\/forms\/d\/e\/1FAIpQLSeOKG-2uHMkcv_l915cIiFYcMWh7sh7OFBXG4Ky1s_4QHAGww\/viewform?usp=header\" target=\"_blank\" rel=\"noopener noreferrer\" class=\"grve-btn grve-btn-medium grve-square grve-bg-blue grve-bg-hover-blue grve-btn-line\" style=\"max-width: 250px;\"><span>Pridru\u017eite se mre\u017ei<\/span><\/a><\/div>[\/vc_column_inner][\/vc_row_inner][\/vc_tta_section][vc_tta_section title=&#8221;Komunikacija z mre\u017eo&#8221; tab_id=&#8221;1730640636671-5d0e154b-8cd8&#8243;][vc_row_inner][vc_column_inner width=&#8221;1\/6&#8243;]<div class=\"grve-empty-space\" style=\"height: 20px;\"><\/div><div class=\"grve-element grve-single-icon grve-align-center grve-extra-large\" style=\"\">  <div class=\"grve-wrapper-icon grve-no-shape\" style=\"\"><i class=\"et-icon-chat grve-text-blue\"><\/i><\/div><\/div><div class=\"grve-empty-space grve-height-1x\" style=\"\"><\/div>[\/vc_column_inner][vc_column_inner width=&#8221;5\/6&#8243;][vc_column_text css=&#8221;&#8221; animation_delay=&#8221;0&#8243;]<\/p>\n<p style=\"text-align: justify;\"><strong>Mre\u017ea vodi skupino na platformi <a href=\"https:\/\/epale.ec.europa.eu\/en\/erasmus\/micene-mice-next-evolution-project\" target=\"_blank\" rel=\"noopener\">EPALE<\/a><\/strong>, ki vsebuje uporabna gradiva in vire o glavnih rezultatih projekta MICE.NE. <strong>Vsakdo se ji lahko pridru\u017ei ter z mre\u017eo deli svoje znanje in raziskave<\/strong>. Mre\u017ea pri 90 % svojih dejavnosti uporablja odprtokodna in brezpla\u010dna orodja.<\/p>\n<p>\u00a0[\/vc_column_text]<div class=\"grve-empty-space grve-height-1x\" style=\"\"><\/div><div class=\"grve-element grve-align-center grve-fluid-button\"><a href=\"https:\/\/epale.ec.europa.eu\/en\/erasmus\/start-sustainable-and-technological-approach-rethink-tourism\" target=\"_blank\" rel=\"noopener noreferrer\" class=\"grve-btn grve-btn-medium grve-square grve-bg-blue grve-bg-hover-blue grve-btn-line\" style=\"max-width: 250px;\"><span>Pridru\u017eite se platformi EPALE<\/span><\/a><\/div>[\/vc_column_inner][\/vc_row_inner][\/vc_tta_section][\/vc_tta_accordion][\/vc_column][\/vc_row]<\/p>\n<\/div>","protected":false},"excerpt":{"rendered":"<p>[vc_row padding_top_multiplier=&#8221;3x&#8221; padding_bottom_multiplier=&#8221;&#8221; section_id=&#8221;info&#8221;][vc_column][\/vc_column][\/vc_row][vc_row padding_top_multiplier=&#8221;&#8221; padding_bottom_multiplier=&#8221;&#8221;][vc_column width=&#8221;1\/3&#8243;][\/vc_column][vc_column width=&#8221;2\/3&#8243;][vc_column_text css=&#8221;&#8221;] Evropska mre\u017ea trenerjev \u00bbMICE.N.E.\u00ab je mre\u017ea izobra\u017eevalcev iz Italije, Litve, Slovenije, \u0160panije in Belgije, ki predstavljajo naslednje visoko\u0161olske institucije, centre poklicnega izobra\u017eevanja in usposabljanja (VET), akterje sektorja MICE ter mednarodno mre\u017eo za kakovost: UNIVERSIT\u00c0 DEGLI STUDI DI NAPOLI FEDERICO II, Oddelek za ekonomijo, management in institucije [&hellip;]<\/p>\n","protected":false},"author":1,"featured_media":1170,"parent":0,"menu_order":0,"comment_status":"closed","ping_status":"closed","template":"","meta":{"footnotes":""},"class_list":["post-1944","page","type-page","status-publish","has-post-thumbnail","hentry"],"yoast_head":"<!-- This site is optimized with the Yoast SEO plugin v27.4 - https:\/\/yoast.com\/product\/yoast-seo-wordpress\/ -->\n<title>EVROPSKA MRE\u017dA TRENERJEV - MICENE<\/title>\n<meta name=\"description\" content=\"European Trainers Network is a network of educators and trainers from Italy, Lithuania, Slovenia, Spain and Belgium representing the...\" \/>\n<meta name=\"robots\" content=\"index, follow, max-snippet:-1, max-image-preview:large, max-video-preview:-1\" \/>\n<link rel=\"canonical\" href=\"https:\/\/micene.conform.it\/sl\/european-trainers-network\/\" \/>\n<meta property=\"og:locale\" content=\"sl_SI\" \/>\n<meta property=\"og:type\" content=\"article\" \/>\n<meta property=\"og:title\" content=\"EVROPSKA MRE\u017dA TRENERJEV - MICENE\" \/>\n<meta property=\"og:description\" content=\"European Trainers Network is a network of educators and trainers from Italy, Lithuania, Slovenia, Spain and Belgium representing the...\" \/>\n<meta property=\"og:url\" content=\"https:\/\/micene.conform.it\/sl\/european-trainers-network\/\" \/>\n<meta property=\"og:site_name\" content=\"MICENE\" \/>\n<meta property=\"article:modified_time\" content=\"2026-02-22T17:25:48+00:00\" \/>\n<meta property=\"og:image\" content=\"https:\/\/micene.conform.it\/wp-content\/uploads\/2025\/09\/european-trainers-network.webp\" \/>\n\t<meta property=\"og:image:width\" content=\"1920\" \/>\n\t<meta property=\"og:image:height\" content=\"400\" \/>\n\t<meta property=\"og:image:type\" content=\"image\/webp\" \/>\n<meta name=\"twitter:card\" content=\"summary_large_image\" \/>\n<meta name=\"twitter:label1\" content=\"Est. reading time\" \/>\n\t<meta name=\"twitter:data1\" content=\"4 minute\" \/>\n<script type=\"application\/ld+json\" class=\"yoast-schema-graph\">{\"@context\":\"https:\\\/\\\/schema.org\",\"@graph\":[{\"@type\":\"WebPage\",\"@id\":\"https:\\\/\\\/micene.conform.it\\\/sl\\\/european-trainers-network\\\/\",\"url\":\"https:\\\/\\\/micene.conform.it\\\/sl\\\/european-trainers-network\\\/\",\"name\":\"EVROPSKA MRE\u017dA TRENERJEV - MICENE\",\"isPartOf\":{\"@id\":\"https:\\\/\\\/micene.conform.it\\\/sl\\\/#website\"},\"primaryImageOfPage\":{\"@id\":\"https:\\\/\\\/micene.conform.it\\\/sl\\\/european-trainers-network\\\/#primaryimage\"},\"image\":{\"@id\":\"https:\\\/\\\/micene.conform.it\\\/sl\\\/european-trainers-network\\\/#primaryimage\"},\"thumbnailUrl\":\"https:\\\/\\\/micene.conform.it\\\/wp-content\\\/uploads\\\/2025\\\/09\\\/european-trainers-network.webp\",\"datePublished\":\"2025-09-16T10:36:40+00:00\",\"dateModified\":\"2026-02-22T17:25:48+00:00\",\"description\":\"European Trainers Network is a network of educators and trainers from Italy, Lithuania, Slovenia, Spain and Belgium representing the...\",\"breadcrumb\":{\"@id\":\"https:\\\/\\\/micene.conform.it\\\/sl\\\/european-trainers-network\\\/#breadcrumb\"},\"inLanguage\":\"sl-SI\",\"potentialAction\":[{\"@type\":\"ReadAction\",\"target\":[\"https:\\\/\\\/micene.conform.it\\\/sl\\\/european-trainers-network\\\/\"]}]},{\"@type\":\"ImageObject\",\"inLanguage\":\"sl-SI\",\"@id\":\"https:\\\/\\\/micene.conform.it\\\/sl\\\/european-trainers-network\\\/#primaryimage\",\"url\":\"https:\\\/\\\/micene.conform.it\\\/wp-content\\\/uploads\\\/2025\\\/09\\\/european-trainers-network.webp\",\"contentUrl\":\"https:\\\/\\\/micene.conform.it\\\/wp-content\\\/uploads\\\/2025\\\/09\\\/european-trainers-network.webp\",\"width\":1920,\"height\":400,\"caption\":\"European Trainers Network\"},{\"@type\":\"BreadcrumbList\",\"@id\":\"https:\\\/\\\/micene.conform.it\\\/sl\\\/european-trainers-network\\\/#breadcrumb\",\"itemListElement\":[{\"@type\":\"ListItem\",\"position\":1,\"name\":\"Home\",\"item\":\"https:\\\/\\\/micene.conform.it\\\/sl\\\/\"},{\"@type\":\"ListItem\",\"position\":2,\"name\":\"EVROPSKA MRE\u017dA TRENERJEV\"}]},{\"@type\":\"WebSite\",\"@id\":\"https:\\\/\\\/micene.conform.it\\\/sl\\\/#website\",\"url\":\"https:\\\/\\\/micene.conform.it\\\/sl\\\/\",\"name\":\"MICENE\",\"description\":\"Mice Next Evolution\",\"potentialAction\":[{\"@type\":\"SearchAction\",\"target\":{\"@type\":\"EntryPoint\",\"urlTemplate\":\"https:\\\/\\\/micene.conform.it\\\/sl\\\/?s={search_term_string}\"},\"query-input\":{\"@type\":\"PropertyValueSpecification\",\"valueRequired\":true,\"valueName\":\"search_term_string\"}}],\"inLanguage\":\"sl-SI\"}]}<\/script>\n<!-- \/ Yoast SEO plugin. -->","yoast_head_json":{"title":"EVROPSKA MRE\u017dA TRENERJEV - MICENE","description":"European Trainers Network is a network of educators and trainers from Italy, Lithuania, Slovenia, Spain and Belgium representing the...","robots":{"index":"index","follow":"follow","max-snippet":"max-snippet:-1","max-image-preview":"max-image-preview:large","max-video-preview":"max-video-preview:-1"},"canonical":"https:\/\/micene.conform.it\/sl\/european-trainers-network\/","og_locale":"sl_SI","og_type":"article","og_title":"EVROPSKA MRE\u017dA TRENERJEV - MICENE","og_description":"European Trainers Network is a network of educators and trainers from Italy, Lithuania, Slovenia, Spain and Belgium representing the...","og_url":"https:\/\/micene.conform.it\/sl\/european-trainers-network\/","og_site_name":"MICENE","article_modified_time":"2026-02-22T17:25:48+00:00","og_image":[{"width":1920,"height":400,"url":"https:\/\/micene.conform.it\/wp-content\/uploads\/2025\/09\/european-trainers-network.webp","type":"image\/webp"}],"twitter_card":"summary_large_image","twitter_misc":{"Est. reading time":"4 minute"},"schema":{"@context":"https:\/\/schema.org","@graph":[{"@type":"WebPage","@id":"https:\/\/micene.conform.it\/sl\/european-trainers-network\/","url":"https:\/\/micene.conform.it\/sl\/european-trainers-network\/","name":"EVROPSKA MRE\u017dA TRENERJEV - MICENE","isPartOf":{"@id":"https:\/\/micene.conform.it\/sl\/#website"},"primaryImageOfPage":{"@id":"https:\/\/micene.conform.it\/sl\/european-trainers-network\/#primaryimage"},"image":{"@id":"https:\/\/micene.conform.it\/sl\/european-trainers-network\/#primaryimage"},"thumbnailUrl":"https:\/\/micene.conform.it\/wp-content\/uploads\/2025\/09\/european-trainers-network.webp","datePublished":"2025-09-16T10:36:40+00:00","dateModified":"2026-02-22T17:25:48+00:00","description":"European Trainers Network is a network of educators and trainers from Italy, Lithuania, Slovenia, Spain and Belgium representing the...","breadcrumb":{"@id":"https:\/\/micene.conform.it\/sl\/european-trainers-network\/#breadcrumb"},"inLanguage":"sl-SI","potentialAction":[{"@type":"ReadAction","target":["https:\/\/micene.conform.it\/sl\/european-trainers-network\/"]}]},{"@type":"ImageObject","inLanguage":"sl-SI","@id":"https:\/\/micene.conform.it\/sl\/european-trainers-network\/#primaryimage","url":"https:\/\/micene.conform.it\/wp-content\/uploads\/2025\/09\/european-trainers-network.webp","contentUrl":"https:\/\/micene.conform.it\/wp-content\/uploads\/2025\/09\/european-trainers-network.webp","width":1920,"height":400,"caption":"European Trainers Network"},{"@type":"BreadcrumbList","@id":"https:\/\/micene.conform.it\/sl\/european-trainers-network\/#breadcrumb","itemListElement":[{"@type":"ListItem","position":1,"name":"Home","item":"https:\/\/micene.conform.it\/sl\/"},{"@type":"ListItem","position":2,"name":"EVROPSKA MRE\u017dA TRENERJEV"}]},{"@type":"WebSite","@id":"https:\/\/micene.conform.it\/sl\/#website","url":"https:\/\/micene.conform.it\/sl\/","name":"MICENE","description":"Mice Next Evolution","potentialAction":[{"@type":"SearchAction","target":{"@type":"EntryPoint","urlTemplate":"https:\/\/micene.conform.it\/sl\/?s={search_term_string}"},"query-input":{"@type":"PropertyValueSpecification","valueRequired":true,"valueName":"search_term_string"}}],"inLanguage":"sl-SI"}]}},"_links":{"self":[{"href":"https:\/\/micene.conform.it\/sl\/wp-json\/wp\/v2\/pages\/1944","targetHints":{"allow":["GET"]}}],"collection":[{"href":"https:\/\/micene.conform.it\/sl\/wp-json\/wp\/v2\/pages"}],"about":[{"href":"https:\/\/micene.conform.it\/sl\/wp-json\/wp\/v2\/types\/page"}],"author":[{"embeddable":true,"href":"https:\/\/micene.conform.it\/sl\/wp-json\/wp\/v2\/users\/1"}],"replies":[{"embeddable":true,"href":"https:\/\/micene.conform.it\/sl\/wp-json\/wp\/v2\/comments?post=1944"}],"version-history":[{"count":3,"href":"https:\/\/micene.conform.it\/sl\/wp-json\/wp\/v2\/pages\/1944\/revisions"}],"predecessor-version":[{"id":1947,"href":"https:\/\/micene.conform.it\/sl\/wp-json\/wp\/v2\/pages\/1944\/revisions\/1947"}],"wp:featuredmedia":[{"embeddable":true,"href":"https:\/\/micene.conform.it\/sl\/wp-json\/wp\/v2\/media\/1170"}],"wp:attachment":[{"href":"https:\/\/micene.conform.it\/sl\/wp-json\/wp\/v2\/media?parent=1944"}],"curies":[{"name":"wp","href":"https:\/\/api.w.org\/{rel}","templated":true}]}}