{"id":851,"date":"2024-10-25T19:07:29","date_gmt":"2024-10-25T19:07:29","guid":{"rendered":"https:\/\/micene.conform.it\/mice-management-he-curriculum\/"},"modified":"2026-02-04T18:03:14","modified_gmt":"2026-02-04T18:03:14","slug":"mice-management-he-curriculum","status":"publish","type":"page","link":"https:\/\/micene.conform.it\/lt\/mice-management-he-curriculum\/","title":{"rendered":"PELI\u0172 VALDYMAS JIS MOKYMO PROGRAMA"},"content":{"rendered":"<div class=\"wpb-content-wrapper\"><p>[vc_row padding_top_multiplier=&#8221;3x&#8221; padding_bottom_multiplier=&#8221;&#8221;][vc_column]<style type=\"text\/css\">.grve-title-gradient.grve-title-69ff7c086dab8 > span,.grve-title-gradient.grve-title-69ff7c086dab8 .grve-clipping-content > span {color: #1a3e79;background-image: -moz-linear-gradient(-45deg, #1a3e79 0%, #1a3e79 100%);background-image: -webkit-linear-gradient(-45deg, #1a3e79 0%, #1a3e79 100%);background-image: linear-gradient(135deg, #1a3e79 0%, #1a3e79 100%);}<\/style><h3 class=\"grve-element grve-title grve-align-center grve-animated-item grve-duration-normal grve-fade-in-up grve-h6 grve-title-gradient grve-title-69ff7c086dab8\" style=\"\" data-delay=\"400\"><span><br>\n<h4>Projekto MICE.N.E mokymo programos sritis<\/h4>\n<\/span><\/h3><div class=\"grve-element grve-divider grve-animated-item grve-fade-in-up grve-duration-normal grve-align-center\" style=\"\" data-delay=\"200\"><span class=\"grve-custom-divider grve-bg-primary-1\" style=\"width: 50px;height: 2px;\"><\/span><\/div><div class=\"grve-empty-space grve-height-1x\" style=\"\"><\/div>[vc_column_text css=&#8221;&#8221; animation=&#8221;grve-fade-in-down&#8221; animation_delay=&#8221;400&#8243;]<\/p>\n<p style=\"text-align: justify;\">Auk\u0161tojo <strong>mokslo studij\u0173 programos &#8222;MICE vadyba&#8221;<\/strong> mikroprojektas yra strateginis planas, padedantis ekonomin\u012f i\u0161silavinim\u0105 turintiems Europos studentams patirtiniu b\u016bdu \u012fgyti specializuot\u0173 \u017eini\u0173. \u0160ioje programoje suderinami vadybiniai, skaitmeniniai ir ekologiniai \u012fg\u016bd\u017eiai, j\u0173 \u017einias derinant su kintan\u010diais MICE sektoriaus poreikiais. Studentai, tarsi savo profesin\u0117s ateities architektai, formuoja ir i\u0161 naujo apibr\u0117\u017eia savo kompetencijas, remdamiesi universitet\u0173 ir pramon\u0117s partneri\u0173 bendrai parengta mokymo programa, skatinan\u010dia tiek konkurencing\u0105 verslo augim\u0105, tiek praturtint\u0105 student\u0173 tobul\u0117jim\u0105 \u017eali\u0173j\u0173 ir skaitmenini\u0173 pereinam\u0173j\u0173 laikotarpi\u0173 srityje.<\/p>\n<p>[\/vc_column_text]<div class=\"grve-empty-space grve-height-1x\" style=\"\"><\/div>[\/vc_column][\/vc_row][vc_row padding_top_multiplier=&#8221;&#8221; padding_bottom_multiplier=&#8221;3x&#8221;][vc_column width=&#8221;1\/3&#8243;]<div class=\"grve-element grve-image grve-align-center\" style=\"\">  <div class=\"grve-image-wrapper\"><img loading=\"lazy\" decoding=\"async\" width=\"800\" height=\"800\" src=\"https:\/\/micene.conform.it\/wp-content\/uploads\/2024\/10\/IMG-Mice-Management-He-Curriculum.webp\" class=\"attachment-full size-full\" alt=\"\" srcset=\"https:\/\/micene.conform.it\/wp-content\/uploads\/2024\/10\/IMG-Mice-Management-He-Curriculum.webp 800w, https:\/\/micene.conform.it\/wp-content\/uploads\/2024\/10\/IMG-Mice-Management-He-Curriculum-300x300.webp 300w, https:\/\/micene.conform.it\/wp-content\/uploads\/2024\/10\/IMG-Mice-Management-He-Curriculum-150x150.webp 150w, https:\/\/micene.conform.it\/wp-content\/uploads\/2024\/10\/IMG-Mice-Management-He-Curriculum-768x768.webp 768w, https:\/\/micene.conform.it\/wp-content\/uploads\/2024\/10\/IMG-Mice-Management-He-Curriculum-560x560.webp 560w\" sizes=\"auto, (max-width: 800px) 100vw, 800px\" \/>   <\/div><\/div>[\/vc_column][vc_column width=&#8221;2\/3&#8243;]<div class=\"grve-empty-space grve-height-1x\" style=\"\"><\/div>[vc_column_text css=&#8221;&#8221; animation=&#8221;grve-fade-in-down&#8221; animation_delay=&#8221;400&#8243;]<strong>Mokymo program\u0105 partneriai pareng\u0117 vykdydami dvi integruotas veiklas:<\/strong><\/p>\n<ul>\n<li><strong>POREIKI\u0172 ANALIZ\u0116S,<\/strong> kuri buvo kaip kompasas, siekiant orientuotis rengiant mokymo program\u0105 ir nustatyti jos sudedam\u0105sias dalis, per\u017ei\u016bra.<\/li>\n<li><strong>TIKSLO ANALIZ\u0116<\/strong>, surengus kelet\u0105 patvirtinimo seminar\u0173 su d\u0117stytojais ir MICE sektoriaus atstovais, kurie suk\u016br\u0117 dinami\u0161k\u0105 dalyvavimo s\u016bkur\u012f.<\/li>\n<\/ul>\n<p>Nor\u0117dami atsisi\u0173sti MICE.N.E. mokymo program\u0105, spauskite toliau esan\u010dius mygtukus[\/vc_column_text]<div class=\"grve-empty-space grve-height-1x\" style=\"\"><\/div>[vc_row_inner][vc_column_inner width=&#8221;1\/12&#8243;][\/vc_column_inner][vc_column_inner width=&#8221;5\/12&#8243;]<div class=\"grve-element grve-align-center grve-fluid-button\"><a href=\"https:\/\/micene.conform.it\/wp-content\/uploads\/2026\/02\/WP2_MICENE_HE-MICE-Management-Curriculum_LT.pdf\" target=\"_blank\" rel=\"noopener noreferrer\" class=\"grve-btn grve-btn-medium grve-square grve-bg-primary-1 grve-bg-hover-primary-2\" style=\"max-width: 250px;\"><span>MICE.N.E. MOKYMO PROGRAMA<\/span><\/a><\/div><div class=\"grve-empty-space\" style=\"height: 20px;\"><\/div>[\/vc_column_inner][vc_column_inner width=&#8221;5\/12&#8243;][\/vc_column_inner][vc_column_inner width=&#8221;1\/12&#8243;][\/vc_column_inner][\/vc_row_inner][\/vc_column][\/vc_row][vc_row heading_color=&#8221;light&#8221; disable_element=&#8221;yes&#8221; padding_top_multiplier=&#8221;2x&#8221; padding_bottom_multiplier=&#8221;3x&#8221; scroll_header_style=&#8221;default&#8221; font_color=&#8221;#ffffff&#8221;][vc_column]<h3 class=\"grve-element grve-title grve-align-center grve-animated-item grve-duration-normal grve-fade-in-up grve-h6\" style=\"\" data-delay=\"400\"><span><br>\n<h4>Don&#8217;t miss out on the adventure: hit play now and immerse yourself in a world of excitement!<\/h4>\n<\/span><\/h3><div class=\"grve-empty-space grve-height-1x\" style=\"\"><\/div><div class=\"grve-element grve-video\" style=\"\"><iframe loading=\"lazy\" title=\"Video Brunella\" src=\"https:\/\/player.vimeo.com\/video\/869581059?dnt=1&amp;app_id=122963\" width=\"1080\" height=\"608\" frameborder=\"0\" allow=\"autoplay; fullscreen; picture-in-picture; clipboard-write\"><\/iframe><\/div><div class=\"grve-empty-space grve-height-1x\" style=\"\"><\/div>[\/vc_column][\/vc_row][vc_row disable_element=&#8221;yes&#8221;][vc_column][vc_column_text css=&#8221;&#8221;]<\/p>\n<p style=\"text-align: center;\"><a href=\"https:\/\/micene.conform.it\/privacy-policy\/\">internal<\/a><\/p>\n<p>&nbsp;<\/p>\n<p style=\"text-align: center;\"><a href=\"https:\/\/conform.it\/privacy-policy\/\">esternal<\/a><\/p>\n<p>&nbsp;<\/p>\n<p>[\/vc_column_text][\/vc_column][\/vc_row][vc_row heading_color=&#8221;light&#8221; disable_element=&#8221;yes&#8221; bg_type=&#8221;image&#8221; bg_image=&#8221;16815&#8243; bg_image_type=&#8221;parallax&#8221; color_overlay=&#8221;primary-2&#8243; opacity_overlay=&#8221;70&#8243; padding_top_multiplier=&#8221;6x&#8221; padding_bottom_multiplier=&#8221;6x&#8221; parallax_sensor=&#8221;550&#8243; font_color=&#8221;#ffffff&#8221; section_id=&#8221;newsletters&#8221;][vc_column width=&#8221;1\/6&#8243;][\/vc_column][vc_column width=&#8221;2\/3&#8243;]<h3 class=\"grve-element grve-title grve-align-center grve-h6\" style=\"\"><span><br>\n<h1>Newsletters<\/h1>\n<span class=\"grve-title-line grve-bg-white\" style=\"width: 50px;height: 2px;\"><\/span><\/span><\/h3>[vc_column_text]<\/p>\n<p style=\"text-align: center;\">In this section you can download the newsletters that contains information on project activities.<\/p>\n<p>[\/vc_column_text][\/vc_column][vc_column width=&#8221;1\/6&#8243;][\/vc_column][\/vc_row][vc_row heading_color=&#8221;light&#8221; disable_element=&#8221;yes&#8221; section_type=&#8221;fullwidth&#8221; bg_type=&#8221;image&#8221; bg_image=&#8221;16749&#8243; padding_top_multiplier=&#8221;&#8221; padding_bottom_multiplier=&#8221;&#8221; columns_gap=&#8221;none&#8221; equal_column_height=&#8221;equal-column&#8221; parallax_style=&#8221;vcpb-default&#8221; bg_image_new=&#8221;id^16749|url^https:\/\/start.conform.it\/wp-content\/uploads\/2023\/05\/Communication.webp|caption^Communication|alt^Communication|title^Communication|description^Communication&#8221; font_color=&#8221;#ffffff&#8221;][vc_column width=&#8221;1\/2&#8243; css=&#8221;.vc_custom_1507880751781{padding: 14% !important;}&#8221;]<h3 class=\"grve-element grve-title grve-align-left grve-h5\" style=\"\"><span>Eos solum doming ornatus.<\/span><\/h3><h3 class=\"grve-element grve-title grve-align-left grve-small-text\" style=\"margin-bottom: 18px;\"><span><span style=\"color: #000000;\">Situation extremely<\/span><\/span><\/h3>[\/vc_column][vc_column width=&#8221;1\/2&#8243; css=&#8221;.vc_custom_1699009720039{padding-top: 14% !important;padding-right: 14% !important;padding-bottom: 14% !important;padding-left: 14% !important;}&#8221;]<h3 class=\"grve-element grve-title grve-align-left grve-h5\" style=\"\"><span>Eos solum doming ornatus.<\/span><\/h3>[vc_column_text]You one delay nor begin our folly abode. By disposed replying mr me unpacked no. As moonlight of my resolving unwilling. [\/vc_column_text][\/vc_column][\/vc_row][vc_row disable_element=&#8221;yes&#8221;][vc_column]<div class=\"grve-element grve-slogan grve-align-left grve-animated-item grve-fade-in-down grve-duration-normal\" style=\"\" data-delay=\"400\"><div class=\"grve-btn-wrapper\"><a href=\"https:\/\/start.conform.it\/wp-content\/uploads\/2023\/05\/01-The-impact-of-digitalisation-on-the-tourism-sector-transforming-the-way-we-travel.pdf\" target=\"_blank\" rel=\"noopener noreferrer\" class=\"grve-btn grve-btn-extralarge grve-square grve-bg-primary-1 grve-bg-hover-primary-1 grve-btn-line\"><span><i class=\"fas fa-search-plus\"><\/i>Read More<\/span><\/a><\/div><\/div>[vc_tta_tour][vc_tta_section i_icon_fontawesome=&#8221;far fa-paper-plane&#8221; add_icon=&#8221;true&#8221; title=&#8221;Newsletter&#8221; tab_id=&#8221;1699011948224-08403114-c3e9&#8243;][vc_row_inner][vc_column_inner width=&#8221;1\/3&#8243;]<div class=\"grve-element grve-counter grve-align-center grve-animated-item grve-fade-in-up grve-duration-normal\" style=\"\" data-delay=\"200\">  <div class=\"grve-counter-icon\">  <i class=\"et-icon-profile-male grve-text-primary-2 grve-medium\"><\/i>  <\/div>  <div class=\"grve-counter-content\">    <div class=\"grve-counter-item grve-h1 grve-text-primary-1 grve-increase-heading grve-heading-140\">      <span data-thousands-separator-vis=\"\" data-thousands-separator=\",\" data-prefix=\"\" data-suffix=\"\" data-start-val=\"0\" data-end-val=\"80\" data-decimal-points=\"0\" data-decimal-separator=\".\" >0<\/span>    <\/div>\t<h3 class=\"grve-counter-title grve-h3\">Tourism Sector Workers Trained<\/h3>  <\/div><\/div>[\/vc_column_inner][vc_column_inner width=&#8221;1\/3&#8243;]<div class=\"grve-element grve-counter grve-align-center grve-animated-item grve-fade-in-up grve-duration-normal\" style=\"\" data-delay=\"200\">  <div class=\"grve-counter-icon\">  <i class=\"et-icon-profile-male grve-text-primary-2 grve-medium\"><\/i>  <\/div>  <div class=\"grve-counter-content\">    <div class=\"grve-counter-item grve-h1 grve-text-primary-1 grve-increase-heading grve-heading-140\">      <span data-thousands-separator-vis=\"\" data-thousands-separator=\",\" data-prefix=\"\" data-suffix=\"\" data-start-val=\"0\" data-end-val=\"80\" data-decimal-points=\"0\" data-decimal-separator=\".\" >0<\/span>    <\/div>\t<h3 class=\"grve-counter-title grve-h3\">Tourism Sector Workers Trained<\/h3>  <\/div><\/div>[\/vc_column_inner][vc_column_inner width=&#8221;1\/3&#8243;]<div class=\"grve-element grve-counter grve-align-center grve-animated-item grve-fade-in-up grve-duration-normal\" style=\"\" data-delay=\"200\">  <div class=\"grve-counter-icon\">  <i class=\"et-icon-profile-male grve-text-primary-2 grve-medium\"><\/i>  <\/div>  <div class=\"grve-counter-content\">    <div class=\"grve-counter-item grve-h1 grve-text-primary-1 grve-increase-heading grve-heading-140\">      <span data-thousands-separator-vis=\"\" data-thousands-separator=\",\" data-prefix=\"\" data-suffix=\"\" data-start-val=\"0\" data-end-val=\"80\" data-decimal-points=\"0\" data-decimal-separator=\".\" >0<\/span>    <\/div>\t<h3 class=\"grve-counter-title grve-h3\">Tourism Sector Workers Trained<\/h3>  <\/div><\/div>[\/vc_column_inner][\/vc_row_inner][\/vc_tta_section][vc_tta_section title=&#8221;Sezione 2&#8243; tab_id=&#8221;1699011950064-fb19e031-b4cd&#8221;][\/vc_tta_section][\/vc_tta_tour][\/vc_column][\/vc_row]<\/p>\n<\/div>","protected":false},"excerpt":{"rendered":"<p>[vc_row padding_top_multiplier=&#8221;3x&#8221; padding_bottom_multiplier=&#8221;&#8221;][vc_column][vc_column_text css=&#8221;&#8221; animation=&#8221;grve-fade-in-down&#8221; animation_delay=&#8221;400&#8243;] Auk\u0161tojo mokslo studij\u0173 programos &#8222;MICE vadyba&#8221; mikroprojektas yra strateginis planas, padedantis ekonomin\u012f i\u0161silavinim\u0105 turintiems Europos studentams patirtiniu b\u016bdu \u012fgyti specializuot\u0173 \u017eini\u0173. \u0160ioje programoje suderinami vadybiniai, skaitmeniniai ir ekologiniai \u012fg\u016bd\u017eiai, j\u0173 \u017einias derinant su kintan\u010diais MICE sektoriaus poreikiais. Studentai, tarsi savo profesin\u0117s ateities architektai, formuoja ir i\u0161 naujo apibr\u0117\u017eia savo [&hellip;]<\/p>\n","protected":false},"author":1,"featured_media":629,"parent":0,"menu_order":0,"comment_status":"closed","ping_status":"closed","template":"","meta":{"footnotes":""},"class_list":["post-851","page","type-page","status-publish","has-post-thumbnail","hentry"],"yoast_head":"<!-- This site is optimized with the Yoast SEO plugin v27.5 - https:\/\/yoast.com\/product\/yoast-seo-wordpress\/ -->\n<title>PELI\u0172 VALDYMAS JIS MOKYMO PROGRAMA - MICENE<\/title>\n<meta name=\"description\" content=\"Auk\u0161tojo mokslo studij\u0173 programos, skirtos MICE vadybai, mikroprojektavimas yra strateginis planas, padedantis Europos studentams...\" \/>\n<meta name=\"robots\" content=\"index, follow, max-snippet:-1, max-image-preview:large, max-video-preview:-1\" \/>\n<link rel=\"canonical\" href=\"https:\/\/micene.conform.it\/lt\/mice-management-he-curriculum\/\" \/>\n<meta property=\"og:locale\" content=\"lt_LT\" \/>\n<meta property=\"og:type\" content=\"article\" \/>\n<meta property=\"og:title\" content=\"PELI\u0172 VALDYMAS JIS MOKYMO PROGRAMA - MICENE\" \/>\n<meta property=\"og:description\" content=\"Auk\u0161tojo mokslo studij\u0173 programos, skirtos MICE vadybai, mikroprojektavimas yra strateginis planas, padedantis Europos studentams...\" \/>\n<meta property=\"og:url\" content=\"https:\/\/micene.conform.it\/lt\/mice-management-he-curriculum\/\" \/>\n<meta property=\"og:site_name\" content=\"MICENE\" \/>\n<meta property=\"article:modified_time\" content=\"2026-02-04T18:03:14+00:00\" \/>\n<meta property=\"og:image\" content=\"https:\/\/micene.conform.it\/wp-content\/uploads\/2024\/10\/Mice-Management-He-Curriculum.webp\" \/>\n\t<meta property=\"og:image:width\" content=\"1920\" \/>\n\t<meta property=\"og:image:height\" content=\"500\" \/>\n\t<meta property=\"og:image:type\" content=\"image\/webp\" \/>\n<meta name=\"twitter:card\" content=\"summary_large_image\" \/>\n<meta name=\"twitter:label1\" content=\"Est. reading time\" \/>\n\t<meta name=\"twitter:data1\" content=\"2 minut\u0117s\" \/>\n<script type=\"application\/ld+json\" class=\"yoast-schema-graph\">{\"@context\":\"https:\\\/\\\/schema.org\",\"@graph\":[{\"@type\":\"WebPage\",\"@id\":\"https:\\\/\\\/micene.conform.it\\\/lt\\\/mice-management-he-curriculum\\\/\",\"url\":\"https:\\\/\\\/micene.conform.it\\\/lt\\\/mice-management-he-curriculum\\\/\",\"name\":\"PELI\u0172 VALDYMAS JIS MOKYMO PROGRAMA - MICENE\",\"isPartOf\":{\"@id\":\"https:\\\/\\\/micene.conform.it\\\/lt\\\/#website\"},\"primaryImageOfPage\":{\"@id\":\"https:\\\/\\\/micene.conform.it\\\/lt\\\/mice-management-he-curriculum\\\/#primaryimage\"},\"image\":{\"@id\":\"https:\\\/\\\/micene.conform.it\\\/lt\\\/mice-management-he-curriculum\\\/#primaryimage\"},\"thumbnailUrl\":\"https:\\\/\\\/micene.conform.it\\\/wp-content\\\/uploads\\\/2024\\\/10\\\/Mice-Management-He-Curriculum.webp\",\"datePublished\":\"2024-10-25T19:07:29+00:00\",\"dateModified\":\"2026-02-04T18:03:14+00:00\",\"description\":\"Auk\u0161tojo mokslo studij\u0173 programos, skirtos MICE vadybai, mikroprojektavimas yra strateginis planas, padedantis Europos studentams...\",\"breadcrumb\":{\"@id\":\"https:\\\/\\\/micene.conform.it\\\/lt\\\/mice-management-he-curriculum\\\/#breadcrumb\"},\"inLanguage\":\"lt-LT\",\"potentialAction\":[{\"@type\":\"ReadAction\",\"target\":[\"https:\\\/\\\/micene.conform.it\\\/lt\\\/mice-management-he-curriculum\\\/\"]}]},{\"@type\":\"ImageObject\",\"inLanguage\":\"lt-LT\",\"@id\":\"https:\\\/\\\/micene.conform.it\\\/lt\\\/mice-management-he-curriculum\\\/#primaryimage\",\"url\":\"https:\\\/\\\/micene.conform.it\\\/wp-content\\\/uploads\\\/2024\\\/10\\\/Mice-Management-He-Curriculum.webp\",\"contentUrl\":\"https:\\\/\\\/micene.conform.it\\\/wp-content\\\/uploads\\\/2024\\\/10\\\/Mice-Management-He-Curriculum.webp\",\"width\":1920,\"height\":500,\"caption\":\"Mice Management He Curriculum\"},{\"@type\":\"BreadcrumbList\",\"@id\":\"https:\\\/\\\/micene.conform.it\\\/lt\\\/mice-management-he-curriculum\\\/#breadcrumb\",\"itemListElement\":[{\"@type\":\"ListItem\",\"position\":1,\"name\":\"Home\",\"item\":\"https:\\\/\\\/micene.conform.it\\\/lt\\\/\"},{\"@type\":\"ListItem\",\"position\":2,\"name\":\"PELI\u0172 VALDYMAS JIS MOKYMO PROGRAMA\"}]},{\"@type\":\"WebSite\",\"@id\":\"https:\\\/\\\/micene.conform.it\\\/lt\\\/#website\",\"url\":\"https:\\\/\\\/micene.conform.it\\\/lt\\\/\",\"name\":\"MICENE\",\"description\":\"Mice Next Evolution\",\"potentialAction\":[{\"@type\":\"SearchAction\",\"target\":{\"@type\":\"EntryPoint\",\"urlTemplate\":\"https:\\\/\\\/micene.conform.it\\\/lt\\\/?s={search_term_string}\"},\"query-input\":{\"@type\":\"PropertyValueSpecification\",\"valueRequired\":true,\"valueName\":\"search_term_string\"}}],\"inLanguage\":\"lt-LT\"}]}<\/script>\n<!-- \/ Yoast SEO plugin. -->","yoast_head_json":{"title":"PELI\u0172 VALDYMAS JIS MOKYMO PROGRAMA - MICENE","description":"Auk\u0161tojo mokslo studij\u0173 programos, skirtos MICE vadybai, mikroprojektavimas yra strateginis planas, padedantis Europos studentams...","robots":{"index":"index","follow":"follow","max-snippet":"max-snippet:-1","max-image-preview":"max-image-preview:large","max-video-preview":"max-video-preview:-1"},"canonical":"https:\/\/micene.conform.it\/lt\/mice-management-he-curriculum\/","og_locale":"lt_LT","og_type":"article","og_title":"PELI\u0172 VALDYMAS JIS MOKYMO PROGRAMA - MICENE","og_description":"Auk\u0161tojo mokslo studij\u0173 programos, skirtos MICE vadybai, mikroprojektavimas yra strateginis planas, padedantis Europos studentams...","og_url":"https:\/\/micene.conform.it\/lt\/mice-management-he-curriculum\/","og_site_name":"MICENE","article_modified_time":"2026-02-04T18:03:14+00:00","og_image":[{"width":1920,"height":500,"url":"https:\/\/micene.conform.it\/wp-content\/uploads\/2024\/10\/Mice-Management-He-Curriculum.webp","type":"image\/webp"}],"twitter_card":"summary_large_image","twitter_misc":{"Est. reading time":"2 minut\u0117s"},"schema":{"@context":"https:\/\/schema.org","@graph":[{"@type":"WebPage","@id":"https:\/\/micene.conform.it\/lt\/mice-management-he-curriculum\/","url":"https:\/\/micene.conform.it\/lt\/mice-management-he-curriculum\/","name":"PELI\u0172 VALDYMAS JIS MOKYMO PROGRAMA - MICENE","isPartOf":{"@id":"https:\/\/micene.conform.it\/lt\/#website"},"primaryImageOfPage":{"@id":"https:\/\/micene.conform.it\/lt\/mice-management-he-curriculum\/#primaryimage"},"image":{"@id":"https:\/\/micene.conform.it\/lt\/mice-management-he-curriculum\/#primaryimage"},"thumbnailUrl":"https:\/\/micene.conform.it\/wp-content\/uploads\/2024\/10\/Mice-Management-He-Curriculum.webp","datePublished":"2024-10-25T19:07:29+00:00","dateModified":"2026-02-04T18:03:14+00:00","description":"Auk\u0161tojo mokslo studij\u0173 programos, skirtos MICE vadybai, mikroprojektavimas yra strateginis planas, padedantis Europos studentams...","breadcrumb":{"@id":"https:\/\/micene.conform.it\/lt\/mice-management-he-curriculum\/#breadcrumb"},"inLanguage":"lt-LT","potentialAction":[{"@type":"ReadAction","target":["https:\/\/micene.conform.it\/lt\/mice-management-he-curriculum\/"]}]},{"@type":"ImageObject","inLanguage":"lt-LT","@id":"https:\/\/micene.conform.it\/lt\/mice-management-he-curriculum\/#primaryimage","url":"https:\/\/micene.conform.it\/wp-content\/uploads\/2024\/10\/Mice-Management-He-Curriculum.webp","contentUrl":"https:\/\/micene.conform.it\/wp-content\/uploads\/2024\/10\/Mice-Management-He-Curriculum.webp","width":1920,"height":500,"caption":"Mice Management He Curriculum"},{"@type":"BreadcrumbList","@id":"https:\/\/micene.conform.it\/lt\/mice-management-he-curriculum\/#breadcrumb","itemListElement":[{"@type":"ListItem","position":1,"name":"Home","item":"https:\/\/micene.conform.it\/lt\/"},{"@type":"ListItem","position":2,"name":"PELI\u0172 VALDYMAS JIS MOKYMO PROGRAMA"}]},{"@type":"WebSite","@id":"https:\/\/micene.conform.it\/lt\/#website","url":"https:\/\/micene.conform.it\/lt\/","name":"MICENE","description":"Mice Next Evolution","potentialAction":[{"@type":"SearchAction","target":{"@type":"EntryPoint","urlTemplate":"https:\/\/micene.conform.it\/lt\/?s={search_term_string}"},"query-input":{"@type":"PropertyValueSpecification","valueRequired":true,"valueName":"search_term_string"}}],"inLanguage":"lt-LT"}]}},"_links":{"self":[{"href":"https:\/\/micene.conform.it\/lt\/wp-json\/wp\/v2\/pages\/851","targetHints":{"allow":["GET"]}}],"collection":[{"href":"https:\/\/micene.conform.it\/lt\/wp-json\/wp\/v2\/pages"}],"about":[{"href":"https:\/\/micene.conform.it\/lt\/wp-json\/wp\/v2\/types\/page"}],"author":[{"embeddable":true,"href":"https:\/\/micene.conform.it\/lt\/wp-json\/wp\/v2\/users\/1"}],"replies":[{"embeddable":true,"href":"https:\/\/micene.conform.it\/lt\/wp-json\/wp\/v2\/comments?post=851"}],"version-history":[{"count":5,"href":"https:\/\/micene.conform.it\/lt\/wp-json\/wp\/v2\/pages\/851\/revisions"}],"predecessor-version":[{"id":1442,"href":"https:\/\/micene.conform.it\/lt\/wp-json\/wp\/v2\/pages\/851\/revisions\/1442"}],"wp:featuredmedia":[{"embeddable":true,"href":"https:\/\/micene.conform.it\/lt\/wp-json\/wp\/v2\/media\/629"}],"wp:attachment":[{"href":"https:\/\/micene.conform.it\/lt\/wp-json\/wp\/v2\/media?parent=851"}],"curies":[{"name":"wp","href":"https:\/\/api.w.org\/{rel}","templated":true}]}}