{"id":1903,"date":"2025-09-16T10:36:40","date_gmt":"2025-09-16T10:36:40","guid":{"rendered":"https:\/\/micene.conform.it\/european-trainers-network\/"},"modified":"2026-02-22T12:06:25","modified_gmt":"2026-02-22T12:06:25","slug":"european-trainers-network","status":"publish","type":"page","link":"https:\/\/micene.conform.it\/lt\/european-trainers-network\/","title":{"rendered":"EUROPOS TRENERI\u0172 TINKLAS"},"content":{"rendered":"<div class=\"wpb-content-wrapper\"><p>[vc_row padding_top_multiplier=&#8221;3x&#8221; padding_bottom_multiplier=&#8221;&#8221; section_id=&#8221;info&#8221;][vc_column]<h3 class=\"grve-element grve-title grve-align-center grve-animated-item grve-duration-normal grve-fade-in-down grve-h6\" style=\"\" data-delay=\"400\"><span><br>\n<h4>\u201eMICE.N.E\u201c projekto Europos treneri\u0173 tinklas<\/h4>\n<\/span><\/h3><div class=\"grve-element grve-divider grve-animated-item grve-fade-in-up grve-duration-normal grve-align-center\" style=\"\" data-delay=\"200\"><span class=\"grve-custom-divider grve-bg-primary-1\" style=\"width: 50px;height: 2px;\"><\/span><\/div><div class=\"grve-empty-space grve-height-1x\" style=\"\"><\/div>[\/vc_column][\/vc_row][vc_row padding_top_multiplier=&#8221;&#8221; padding_bottom_multiplier=&#8221;&#8221;][vc_column width=&#8221;1\/3&#8243;]<div class=\"grve-element grve-image grve-align-center\" style=\"\">  <div class=\"grve-image-wrapper\"><img loading=\"lazy\" decoding=\"async\" width=\"800\" height=\"800\" src=\"https:\/\/micene.conform.it\/wp-content\/uploads\/2025\/09\/European-Trainers-Network-1.webp\" class=\"attachment-full size-full\" alt=\"European Trainers Network\" srcset=\"https:\/\/micene.conform.it\/wp-content\/uploads\/2025\/09\/European-Trainers-Network-1.webp 800w, https:\/\/micene.conform.it\/wp-content\/uploads\/2025\/09\/European-Trainers-Network-1-300x300.webp 300w, https:\/\/micene.conform.it\/wp-content\/uploads\/2025\/09\/European-Trainers-Network-1-150x150.webp 150w, https:\/\/micene.conform.it\/wp-content\/uploads\/2025\/09\/European-Trainers-Network-1-768x768.webp 768w, https:\/\/micene.conform.it\/wp-content\/uploads\/2025\/09\/European-Trainers-Network-1-560x560.webp 560w\" sizes=\"auto, (max-width: 800px) 100vw, 800px\" \/>   <\/div><\/div>[\/vc_column][vc_column width=&#8221;2\/3&#8243;]<div class=\"ult-spacer spacer-69e744a9edfc8\" data-id=\"69e744a9edfc8\" data-height=\"10\" data-height-mobile=\"10\" data-height-tab=\"10\" data-height-tab-portrait=\"10\" data-height-mobile-landscape=\"10\" style=\"clear:both;display:block;\"><\/div>[vc_column_text css=&#8221;&#8221;]<\/p>\n<p style=\"text-align: justify;\"><strong>\u201eMICE.N.E.\u201c Europos treneri\u0173 tinklas<\/strong> \u2013 tai Italijos, Lietuvos, Slov\u0117nijos, Ispanijos ir Belgijos pedagog\u0173 tinklas, atstovaujantis \u0161ias auk\u0161tojo mokslo institucijas, profesinio mokymo centrus, MICE sektoriaus dalyvius bei tarptautin\u012f kokyb\u0117s tinkl\u0105:<\/p>\n<ul>\n<li style=\"text-align: left;\"><strong>UNIVERSIT\u00c0 DEGLI STUDI DI NAPOLI FEDERICO II<\/strong>, Ekonomikos, vadybos ir institucij\u0173 departamentas (DEMI) (Italija)<\/li>\n<li style=\"text-align: left;\"><strong>CONFORM<\/strong> \u2013 Consulenza Formazione e Management S.c.a.r.l. (Italija),<\/li>\n<li style=\"text-align: left;\"><strong>VILNIAUS GEDIMINO TECHNIKOS UNIVERSITETAS <\/strong>\u00a0(Lietuva)<\/li>\n<li style=\"text-align: left;\"><strong>LIETUVOS RENGINI\u0172 IR SUSITIKIM\u0172 ASOCIACIJA (LKRA) <\/strong>(Lietuva)<\/li>\n<li style=\"text-align: left;\"><strong>UNIVERSITETAS MARIBORAS<\/strong>, Ekonomikos ir verslo fakultetas (Slov\u0117nija)<\/li>\n<li><strong>MARIBORO TURIZMO TARYBA<\/strong> (Slov\u0117nija)<\/li>\n<li><strong>NEBRIJOS UNIVERSITETAS<\/strong> (Ispanija)<\/li>\n<li><strong>EFMD GLOBAL<\/strong> (Belgija)<\/li>\n<\/ul>\n<p>[\/vc_column_text]<div class=\"grve-empty-space grve-height-1x\" style=\"\"><\/div>[\/vc_column][\/vc_row][vc_row padding_top_multiplier=&#8221;&#8221; padding_bottom_multiplier=&#8221;&#8221;][vc_column][vc_column_text css=&#8221;&#8221;]<\/p>\n<p style=\"text-align: justify;\">Tinklas buvo \u012fkurtas kaip tarptautin\u0117s mobilumo veiklos rezultatas, vykusios pagal Erasmus+ <strong>\u201eMICE.N.E. Mice Next Evolution\u201c<\/strong> strategini\u0173 partnerysti\u0173 projekt\u0105 auk\u0161tojo mokslo srityje (<strong>sutartis 2023-1-IT02-KA220-HED-000159041<\/strong>), kur\u012f 2025 m. bir\u017eelio 16\u201320 d. <strong>organizavo Nebrijos universitetas Madride, Politechnikos ir socialini\u0173 moksl\u0173 miestelyje, C\/ Santa Cruz de Marcenado, 27, 28015<\/strong> (Ispanija). \u0160io mobilumo tikslas \u2013 pad\u0117ti Europos auk\u0161tojo mokslo d\u0117stytojams suformuoti pradin\u0119 ekspert\u0173 komand\u0105, specializuojan\u010di\u0105 transformuojan\u010diame komandinio kou\u010dingo ir darbo vietoje grind\u017eiamo mokymo (WBL) srityse MICE sektoriuje, kuri veiks kaip varomoji j\u0117ga ir atviros bendruomen\u0117s koordinatorius, u\u017etikrinantis studij\u0173 programos, mokymosi med\u017eiag\u0173 ir MICE d\u0117stymo vadovo tvarum\u0105, sukurt\u0105 ir dalinam\u0105 auk\u0161tojo mokslo d\u0117stytoj\u0173, taip pat ir po projekto ciklo pabaigos.<\/p>\n<p>[\/vc_column_text]<div class=\"grve-empty-space grve-height-1x\" style=\"\"><\/div>[\/vc_column][\/vc_row][vc_row padding_top_multiplier=&#8221;&#8221;][vc_column]<h3 class=\"grve-element grve-title grve-align-center grve-h6\" style=\"\"><span><br>\n<h4>Spustel\u0117kite skilties pavadinimus, kad su\u017einotum\u0117te daugiau.<\/h4>\n<\/span><\/h3>[\/vc_column][\/vc_row][vc_row padding_bottom_multiplier=&#8221;4x&#8221;][vc_column][vc_tta_accordion title_tag=&#8221;h3&#8243; c_align=&#8221;left&#8221; c_position=&#8221;left&#8221; active_section=&#8221;0&#8243; heading_tag=&#8221;h5&#8243; heading=&#8221;h5&#8243;][vc_tta_section title=&#8221;Tinklo tikslai&#8221; tab_id=&#8221;1730636567121-4a6d71d8-3875&#8243;][vc_row_inner][vc_column_inner width=&#8221;1\/6&#8243;]<div class=\"grve-empty-space\" style=\"height: 20px;\"><\/div><div class=\"grve-element grve-single-icon grve-align-center grve-extra-large\" style=\"\">  <div class=\"grve-wrapper-icon grve-no-shape\" style=\"\"><i class=\"et-icon-target grve-text-blue\"><\/i><\/div><\/div><div class=\"grve-empty-space grve-height-1x\" style=\"\"><\/div>[\/vc_column_inner][vc_column_inner width=&#8221;5\/6&#8243;][vc_column_text css=&#8221;&#8221; animation_delay=&#8221;0&#8243;]<\/p>\n<p style=\"text-align: justify;\"><strong><span style=\"color: #00ccff;\">1.\u00a0<\/span> Dalytis k\u016brybiniais, interaktyviais, \u012ftraukian\u010diais ir laboratoriniais sprendimais, metodikomis bei technologijomis, <\/strong>skirtomis mokymui\/d\u0117stymui, sukurtomis \u201eMICE.N.E.\u201c projekte:<\/p>\n<ul>\n<li><strong>Auk\u0161tojo mokslo MICE vadybos studij\u0173 programa<\/strong>, si\u016blanti i\u0161sam\u0173 MICE sektoriaus tyrim\u0105, orientuot\u0105 \u012f strategin\u012f planavim\u0105, operacij\u0173 valdym\u0105, tvarias praktikas ir technologij\u0173 integracij\u0105 rengini\u0173 valdyme. Programa siekia parengti kvalifikuotus specialistus, geban\u010dius spr\u0119sti sud\u0117tingus MICE sektoriaus i\u0161\u0161\u016bkius.<\/li>\n<li><strong>Internetiniai OER ir edukaciniai \u017eaidimai<\/strong>, leid\u017eiantys studentams \u012fsijausti \u012f rengini\u0173 organizavimo agent\u016bros praktikanto vaidmen\u012f ir prakti\u0161kai patikrinti \u012fgytas \u017einias.<\/li>\n<li><strong>MICE d\u0117stymo vadovas<\/strong> transformuojan\u010dio komandinio kou\u010dingo ir darbo vietoje grind\u017eiamo mokymo temomis, kuris remia d\u0117stytojus ir suteikia studentams gali\u0173, padedant atlikti \u201eas-is\/to-be\u201c analiz\u0119 \u012fmon\u0117se MICE sektoriuje bei si\u016blyti novatori\u0161kus sprendimus, palengvinan\u010dius dvigub\u0105 pereinam\u0105j\u012f proces\u0105 (twin transition).<\/li>\n<\/ul>\n<p style=\"text-align: justify;\"><strong><span style=\"color: #00ccff;\">2.\u00a0<\/span>Prisid\u0117ti prie \u0161vietimo ir mokymo turinio, <\/strong>modeli\u0173 bei \u012franki\u0173 formavimo, atitinkan\u010dio Europos ekonomin\u0117s ir socialin\u0117s sistemos ypatybes, globalioje perspektyvoje, didinant kokyb\u0119 ir konkurencingum\u0105.<\/p>\n<p style=\"text-align: justify;\"><strong><span style=\"color: #00ccff;\">3.\u00a0<\/span> Skatinti nari\u0173 tarpusavio susitikim\u0173 ir bendradarbiavimo galimybes.<\/strong><\/p>\n<p style=\"text-align: justify;\"><strong><span style=\"color: #00ccff;\">4.\u00a0<\/span>Skatinti skaitmenini\u0173 \u012fg\u016bd\u017ei\u0173 ugdym\u0105, <\/strong>u\u017etikrinant nuolatin\u0119 prieig\u0105 prie \u012fvairi\u0173 \u0161vietimo i\u0161tekli\u0173.<\/p>\n<p style=\"text-align: justify;\"><strong><span style=\"color: #00ccff;\">5. <\/span>Skatinti strukt\u016bruot\u0105 dialog\u0105 ir bendradarbiavim\u0105 tarp profesinio mokymo teik\u0117j\u0173,<\/strong> akademini\u0173 institucij\u0173 ir turizmu susijusi\u0173 \u012fmoni\u0173, siekiant skatinti \u017eali\u0105j\u0105 ir skaitmenin\u0119 pertvark\u0105.<\/p>\n<p style=\"text-align: justify;\"><strong><span style=\"color: #00ccff;\">6. <\/span>Skatinti Europos smulki\u0173 ir vidutini\u0173 \u012fmoni\u0173 tvarum\u0105 bei konkurencingum\u0105 <\/strong>per nuolatin\u012f bendradarbiavim\u0105 ir inovacijas<strong>.<\/strong><\/p>\n<p>[\/vc_column_text][\/vc_column_inner][\/vc_row_inner][\/vc_tta_section][vc_tta_section title=&#8221;Kaip prisijungti prie tinklo&#8221; tab_id=&#8221;1730639822010-7111a268-f9bc&#8221;][vc_row_inner][vc_column_inner width=&#8221;1\/6&#8243;]<div class=\"grve-empty-space\" style=\"height: 20px;\"><\/div><div class=\"grve-element grve-single-icon grve-align-center grve-extra-large\" style=\"\">  <div class=\"grve-wrapper-icon grve-no-shape\" style=\"\"><i class=\"et-icon-pencil grve-text-blue\"><\/i><\/div><\/div><div class=\"grve-empty-space grve-height-1x\" style=\"\"><\/div>[\/vc_column_inner][vc_column_inner width=&#8221;5\/6&#8243;][vc_column_text css=&#8221;&#8221; animation_delay=&#8221;0&#8243;]<\/p>\n<p style=\"text-align: justify;\"><strong>Prisijungimas prie tinklo yra nemokamas ir niekaip ne\u012fpareigoja dalyvaujan\u010di\u0173 auk\u0161tojo mokslo institucij\u0173, d\u0117stytoj\u0173 ar konsultant\u0173<\/strong>. Tai tiesiog galimyb\u0117 <strong>u\u017emegzti ry\u0161ius ir bendradarbiauti su kitais pedagogais<\/strong> bei taikyti <strong>transformuojan\u010dio komandinio kou\u010dingo ir darbo vietoje grind\u017eiamo mokymo metodikas<\/strong>, atitinkan\u010dias \u0161iandieninius MICE sektoriaus poreikius.<\/p>\n<p>[\/vc_column_text]<div class=\"grve-empty-space grve-height-1x\" style=\"\"><\/div><div class=\"grve-element grve-align-center grve-fluid-button\"><a href=\"https:\/\/docs.google.com\/forms\/d\/e\/1FAIpQLSeOKG-2uHMkcv_l915cIiFYcMWh7sh7OFBXG4Ky1s_4QHAGww\/viewform?usp=header\" target=\"_blank\" rel=\"noopener noreferrer\" class=\"grve-btn grve-btn-medium grve-square grve-bg-blue grve-bg-hover-blue grve-btn-line\" style=\"max-width: 250px;\"><span>Prisijunkite prie tinklo<\/span><\/a><\/div>[\/vc_column_inner][\/vc_row_inner][\/vc_tta_section][vc_tta_section title=&#8221;Bendravimas su tinklu&#8221; tab_id=&#8221;1730640636671-5d0e154b-8cd8&#8243;][vc_row_inner][vc_column_inner width=&#8221;1\/6&#8243;]<div class=\"grve-empty-space\" style=\"height: 20px;\"><\/div><div class=\"grve-element grve-single-icon grve-align-center grve-extra-large\" style=\"\">  <div class=\"grve-wrapper-icon grve-no-shape\" style=\"\"><i class=\"et-icon-chat grve-text-blue\"><\/i><\/div><\/div><div class=\"grve-empty-space grve-height-1x\" style=\"\"><\/div>[\/vc_column_inner][vc_column_inner width=&#8221;5\/6&#8243;][vc_column_text css=&#8221;&#8221; animation_delay=&#8221;0&#8243;]<strong>Tinklas valdo grup\u0119<\/strong> <strong><a href=\"https:\/\/epale.ec.europa.eu\/en\/erasmus\/micene-mice-next-evolution-project\" target=\"_blank\" rel=\"noopener\">EPALE<\/a> <\/strong><strong>platformoje<\/strong>, kurioje pateikiama naudingos med\u017eiagos ir i\u0161tekli\u0173 apie pagrindinius \u201eMICE.N.E.\u201c projekto rezultatus. <strong>Kiekvienas gali prisijungti prie grup\u0117s ir dalytis savo \u012fg\u016bd\u017eiais bei tyrimais su tinklu<\/strong>. Tinklas 90\u202f% savo veikl\u0173 vykdo naudodamas atidaro kodo ir nemokamus \u012frankius.[\/vc_column_text]<div class=\"grve-empty-space grve-height-1x\" style=\"\"><\/div><div class=\"grve-element grve-align-center grve-fluid-button\"><a href=\"https:\/\/epale.ec.europa.eu\/en\/erasmus\/start-sustainable-and-technological-approach-rethink-tourism\" target=\"_blank\" rel=\"noopener noreferrer\" class=\"grve-btn grve-btn-medium grve-square grve-bg-blue grve-bg-hover-blue grve-btn-line\" style=\"max-width: 250px;\"><span>Prisijunkite prie EPALE platformos<\/span><\/a><\/div>[\/vc_column_inner][\/vc_row_inner][\/vc_tta_section][\/vc_tta_accordion][\/vc_column][\/vc_row]<\/p>\n<\/div>","protected":false},"excerpt":{"rendered":"<p>[vc_row padding_top_multiplier=&#8221;3x&#8221; padding_bottom_multiplier=&#8221;&#8221; section_id=&#8221;info&#8221;][vc_column][\/vc_column][\/vc_row][vc_row padding_top_multiplier=&#8221;&#8221; padding_bottom_multiplier=&#8221;&#8221;][vc_column width=&#8221;1\/3&#8243;][\/vc_column][vc_column width=&#8221;2\/3&#8243;][vc_column_text css=&#8221;&#8221;] \u201eMICE.N.E.\u201c Europos treneri\u0173 tinklas \u2013 tai Italijos, Lietuvos, Slov\u0117nijos, Ispanijos ir Belgijos pedagog\u0173 tinklas, atstovaujantis \u0161ias auk\u0161tojo mokslo institucijas, profesinio mokymo centrus, MICE sektoriaus dalyvius bei tarptautin\u012f kokyb\u0117s tinkl\u0105: UNIVERSIT\u00c0 DEGLI STUDI DI NAPOLI FEDERICO II, Ekonomikos, vadybos ir institucij\u0173 departamentas (DEMI) (Italija) CONFORM \u2013 Consulenza [&hellip;]<\/p>\n","protected":false},"author":1,"featured_media":1169,"parent":0,"menu_order":0,"comment_status":"closed","ping_status":"closed","template":"","meta":{"footnotes":""},"class_list":["post-1903","page","type-page","status-publish","has-post-thumbnail","hentry"],"yoast_head":"<!-- This site is optimized with the Yoast SEO plugin v27.4 - https:\/\/yoast.com\/product\/yoast-seo-wordpress\/ -->\n<title>EUROPOS TRENERI\u0172 TINKLAS - MICENE<\/title>\n<meta name=\"description\" content=\"European Trainers Network is a network of educators and trainers from Italy, Lithuania, Slovenia, Spain and Belgium representing the...\" \/>\n<meta name=\"robots\" content=\"index, follow, max-snippet:-1, max-image-preview:large, max-video-preview:-1\" \/>\n<link rel=\"canonical\" href=\"https:\/\/micene.conform.it\/lt\/european-trainers-network\/\" \/>\n<meta property=\"og:locale\" content=\"lt_LT\" \/>\n<meta property=\"og:type\" content=\"article\" \/>\n<meta property=\"og:title\" content=\"EUROPOS TRENERI\u0172 TINKLAS - MICENE\" \/>\n<meta property=\"og:description\" content=\"European Trainers Network is a network of educators and trainers from Italy, Lithuania, Slovenia, Spain and Belgium representing the...\" \/>\n<meta property=\"og:url\" content=\"https:\/\/micene.conform.it\/lt\/european-trainers-network\/\" \/>\n<meta property=\"og:site_name\" content=\"MICENE\" \/>\n<meta property=\"article:modified_time\" content=\"2026-02-22T12:06:25+00:00\" \/>\n<meta property=\"og:image\" content=\"https:\/\/micene.conform.it\/wp-content\/uploads\/2025\/09\/european-trainers-network.webp\" \/>\n\t<meta property=\"og:image:width\" content=\"1920\" \/>\n\t<meta property=\"og:image:height\" content=\"400\" \/>\n\t<meta property=\"og:image:type\" content=\"image\/webp\" \/>\n<meta name=\"twitter:card\" content=\"summary_large_image\" \/>\n<meta name=\"twitter:label1\" content=\"Est. reading time\" \/>\n\t<meta name=\"twitter:data1\" content=\"3 minut\u0117s\" \/>\n<script type=\"application\/ld+json\" class=\"yoast-schema-graph\">{\"@context\":\"https:\\\/\\\/schema.org\",\"@graph\":[{\"@type\":\"WebPage\",\"@id\":\"https:\\\/\\\/micene.conform.it\\\/lt\\\/european-trainers-network\\\/\",\"url\":\"https:\\\/\\\/micene.conform.it\\\/lt\\\/european-trainers-network\\\/\",\"name\":\"EUROPOS TRENERI\u0172 TINKLAS - MICENE\",\"isPartOf\":{\"@id\":\"https:\\\/\\\/micene.conform.it\\\/lt\\\/#website\"},\"primaryImageOfPage\":{\"@id\":\"https:\\\/\\\/micene.conform.it\\\/lt\\\/european-trainers-network\\\/#primaryimage\"},\"image\":{\"@id\":\"https:\\\/\\\/micene.conform.it\\\/lt\\\/european-trainers-network\\\/#primaryimage\"},\"thumbnailUrl\":\"https:\\\/\\\/micene.conform.it\\\/wp-content\\\/uploads\\\/2025\\\/09\\\/european-trainers-network.webp\",\"datePublished\":\"2025-09-16T10:36:40+00:00\",\"dateModified\":\"2026-02-22T12:06:25+00:00\",\"description\":\"European Trainers Network is a network of educators and trainers from Italy, Lithuania, Slovenia, Spain and Belgium representing the...\",\"breadcrumb\":{\"@id\":\"https:\\\/\\\/micene.conform.it\\\/lt\\\/european-trainers-network\\\/#breadcrumb\"},\"inLanguage\":\"lt-LT\",\"potentialAction\":[{\"@type\":\"ReadAction\",\"target\":[\"https:\\\/\\\/micene.conform.it\\\/lt\\\/european-trainers-network\\\/\"]}]},{\"@type\":\"ImageObject\",\"inLanguage\":\"lt-LT\",\"@id\":\"https:\\\/\\\/micene.conform.it\\\/lt\\\/european-trainers-network\\\/#primaryimage\",\"url\":\"https:\\\/\\\/micene.conform.it\\\/wp-content\\\/uploads\\\/2025\\\/09\\\/european-trainers-network.webp\",\"contentUrl\":\"https:\\\/\\\/micene.conform.it\\\/wp-content\\\/uploads\\\/2025\\\/09\\\/european-trainers-network.webp\",\"width\":1920,\"height\":400,\"caption\":\"European Trainers Network\"},{\"@type\":\"BreadcrumbList\",\"@id\":\"https:\\\/\\\/micene.conform.it\\\/lt\\\/european-trainers-network\\\/#breadcrumb\",\"itemListElement\":[{\"@type\":\"ListItem\",\"position\":1,\"name\":\"Home\",\"item\":\"https:\\\/\\\/micene.conform.it\\\/lt\\\/\"},{\"@type\":\"ListItem\",\"position\":2,\"name\":\"EUROPOS TRENERI\u0172 TINKLAS\"}]},{\"@type\":\"WebSite\",\"@id\":\"https:\\\/\\\/micene.conform.it\\\/lt\\\/#website\",\"url\":\"https:\\\/\\\/micene.conform.it\\\/lt\\\/\",\"name\":\"MICENE\",\"description\":\"Mice Next Evolution\",\"potentialAction\":[{\"@type\":\"SearchAction\",\"target\":{\"@type\":\"EntryPoint\",\"urlTemplate\":\"https:\\\/\\\/micene.conform.it\\\/lt\\\/?s={search_term_string}\"},\"query-input\":{\"@type\":\"PropertyValueSpecification\",\"valueRequired\":true,\"valueName\":\"search_term_string\"}}],\"inLanguage\":\"lt-LT\"}]}<\/script>\n<!-- \/ Yoast SEO plugin. -->","yoast_head_json":{"title":"EUROPOS TRENERI\u0172 TINKLAS - MICENE","description":"European Trainers Network is a network of educators and trainers from Italy, Lithuania, Slovenia, Spain and Belgium representing the...","robots":{"index":"index","follow":"follow","max-snippet":"max-snippet:-1","max-image-preview":"max-image-preview:large","max-video-preview":"max-video-preview:-1"},"canonical":"https:\/\/micene.conform.it\/lt\/european-trainers-network\/","og_locale":"lt_LT","og_type":"article","og_title":"EUROPOS TRENERI\u0172 TINKLAS - MICENE","og_description":"European Trainers Network is a network of educators and trainers from Italy, Lithuania, Slovenia, Spain and Belgium representing the...","og_url":"https:\/\/micene.conform.it\/lt\/european-trainers-network\/","og_site_name":"MICENE","article_modified_time":"2026-02-22T12:06:25+00:00","og_image":[{"width":1920,"height":400,"url":"https:\/\/micene.conform.it\/wp-content\/uploads\/2025\/09\/european-trainers-network.webp","type":"image\/webp"}],"twitter_card":"summary_large_image","twitter_misc":{"Est. reading time":"3 minut\u0117s"},"schema":{"@context":"https:\/\/schema.org","@graph":[{"@type":"WebPage","@id":"https:\/\/micene.conform.it\/lt\/european-trainers-network\/","url":"https:\/\/micene.conform.it\/lt\/european-trainers-network\/","name":"EUROPOS TRENERI\u0172 TINKLAS - MICENE","isPartOf":{"@id":"https:\/\/micene.conform.it\/lt\/#website"},"primaryImageOfPage":{"@id":"https:\/\/micene.conform.it\/lt\/european-trainers-network\/#primaryimage"},"image":{"@id":"https:\/\/micene.conform.it\/lt\/european-trainers-network\/#primaryimage"},"thumbnailUrl":"https:\/\/micene.conform.it\/wp-content\/uploads\/2025\/09\/european-trainers-network.webp","datePublished":"2025-09-16T10:36:40+00:00","dateModified":"2026-02-22T12:06:25+00:00","description":"European Trainers Network is a network of educators and trainers from Italy, Lithuania, Slovenia, Spain and Belgium representing the...","breadcrumb":{"@id":"https:\/\/micene.conform.it\/lt\/european-trainers-network\/#breadcrumb"},"inLanguage":"lt-LT","potentialAction":[{"@type":"ReadAction","target":["https:\/\/micene.conform.it\/lt\/european-trainers-network\/"]}]},{"@type":"ImageObject","inLanguage":"lt-LT","@id":"https:\/\/micene.conform.it\/lt\/european-trainers-network\/#primaryimage","url":"https:\/\/micene.conform.it\/wp-content\/uploads\/2025\/09\/european-trainers-network.webp","contentUrl":"https:\/\/micene.conform.it\/wp-content\/uploads\/2025\/09\/european-trainers-network.webp","width":1920,"height":400,"caption":"European Trainers Network"},{"@type":"BreadcrumbList","@id":"https:\/\/micene.conform.it\/lt\/european-trainers-network\/#breadcrumb","itemListElement":[{"@type":"ListItem","position":1,"name":"Home","item":"https:\/\/micene.conform.it\/lt\/"},{"@type":"ListItem","position":2,"name":"EUROPOS TRENERI\u0172 TINKLAS"}]},{"@type":"WebSite","@id":"https:\/\/micene.conform.it\/lt\/#website","url":"https:\/\/micene.conform.it\/lt\/","name":"MICENE","description":"Mice Next Evolution","potentialAction":[{"@type":"SearchAction","target":{"@type":"EntryPoint","urlTemplate":"https:\/\/micene.conform.it\/lt\/?s={search_term_string}"},"query-input":{"@type":"PropertyValueSpecification","valueRequired":true,"valueName":"search_term_string"}}],"inLanguage":"lt-LT"}]}},"_links":{"self":[{"href":"https:\/\/micene.conform.it\/lt\/wp-json\/wp\/v2\/pages\/1903","targetHints":{"allow":["GET"]}}],"collection":[{"href":"https:\/\/micene.conform.it\/lt\/wp-json\/wp\/v2\/pages"}],"about":[{"href":"https:\/\/micene.conform.it\/lt\/wp-json\/wp\/v2\/types\/page"}],"author":[{"embeddable":true,"href":"https:\/\/micene.conform.it\/lt\/wp-json\/wp\/v2\/users\/1"}],"replies":[{"embeddable":true,"href":"https:\/\/micene.conform.it\/lt\/wp-json\/wp\/v2\/comments?post=1903"}],"version-history":[{"count":3,"href":"https:\/\/micene.conform.it\/lt\/wp-json\/wp\/v2\/pages\/1903\/revisions"}],"predecessor-version":[{"id":1906,"href":"https:\/\/micene.conform.it\/lt\/wp-json\/wp\/v2\/pages\/1903\/revisions\/1906"}],"wp:featuredmedia":[{"embeddable":true,"href":"https:\/\/micene.conform.it\/lt\/wp-json\/wp\/v2\/media\/1169"}],"wp:attachment":[{"href":"https:\/\/micene.conform.it\/lt\/wp-json\/wp\/v2\/media?parent=1903"}],"curies":[{"name":"wp","href":"https:\/\/api.w.org\/{rel}","templated":true}]}}