{"id":1097,"date":"2025-06-21T11:03:48","date_gmt":"2025-06-21T11:03:48","guid":{"rendered":"https:\/\/micene.conform.it\/microlearning-pills\/"},"modified":"2025-07-28T18:06:04","modified_gmt":"2025-07-28T18:06:04","slug":"microlearning-pills","status":"publish","type":"page","link":"https:\/\/micene.conform.it\/lt\/microlearning-pills\/","title":{"rendered":"MIKROMOKYMOSI DOZ\u0116S"},"content":{"rendered":"<div class=\"wpb-content-wrapper\"><p>[vc_row padding_top_multiplier=&#8221;3x&#8221; padding_bottom_multiplier=&#8221;&#8221;][vc_column]<h3 class=\"grve-element grve-title grve-align-center grve-animated-item grve-duration-normal grve-fade-in-up grve-h6\" style=\"\" data-delay=\"400\"><span><br>\n<h4>MICE.N.E. kursas<\/h4>\n<\/span><\/h3>[vc_column_text css=&#8221;&#8221; animation=&#8221;grve-fade-in-down&#8221; animation_delay=&#8221;400&#8243;]<\/p>\n<p style=\"text-align: justify;\"><strong>Mikromokymosi moduliai ir pasakojimo \u0161ak\u0173 scenarijai,<\/strong> sukurti MICENE projektui, leid\u017eia verslo srities studentams \u012fgyti ir i\u0161laikyti \u017eali\u0105sias, skaitmenines ir vadybines kompetencijas, siekiant <strong>padidinti MICE sektoriaus konkurencingum\u0105<\/strong>!<\/p>\n<p>[\/vc_column_text]<div class=\"grve-element grve-divider grve-animated-item grve-fade-in-up grve-duration-normal grve-align-center\" style=\"\" data-delay=\"200\"><span class=\"grve-custom-divider grve-bg-primary-1\" style=\"width: 50px;height: 2px;\"><\/span><\/div><div class=\"grve-empty-space grve-height-1x\" style=\"\"><\/div>[vc_column_text css=&#8221;&#8221; animation=&#8221;grve-fade-in-down&#8221; animation_delay=&#8221;400&#8243;]<\/p>\n<p style=\"text-align: justify;\">D\u0117l \u0161ios prie\u017easties suteikiame prieig\u0105 prie turtingos Atvir\u0173j\u0173 \u0160vietimo I\u0161tekli\u0173 (OER) ekosistemos \u2013 visada prieinamos, visada aktualios \u2013 pateikiamos dviem novatori\u0161kais formatais:<\/p>\n<p>[\/vc_column_text]<div class=\"grve-empty-space grve-height-1x\" style=\"\"><\/div>[\/vc_column][\/vc_row][vc_row padding_top_multiplier=&#8221;&#8221; padding_bottom_multiplier=&#8221;3x&#8221;][vc_column width=&#8221;1\/3&#8243;]<div class=\"grve-element grve-image grve-align-center\" style=\"\">  <div class=\"grve-image-wrapper\"><img loading=\"lazy\" decoding=\"async\" width=\"800\" height=\"800\" src=\"https:\/\/micene.conform.it\/wp-content\/uploads\/2025\/06\/IMG-Microlearning.webp\" class=\"attachment-full size-full\" alt=\"Microlearning\" srcset=\"https:\/\/micene.conform.it\/wp-content\/uploads\/2025\/06\/IMG-Microlearning.webp 800w, https:\/\/micene.conform.it\/wp-content\/uploads\/2025\/06\/IMG-Microlearning-300x300.webp 300w, https:\/\/micene.conform.it\/wp-content\/uploads\/2025\/06\/IMG-Microlearning-150x150.webp 150w, https:\/\/micene.conform.it\/wp-content\/uploads\/2025\/06\/IMG-Microlearning-768x768.webp 768w, https:\/\/micene.conform.it\/wp-content\/uploads\/2025\/06\/IMG-Microlearning-560x560.webp 560w\" sizes=\"auto, (max-width: 800px) 100vw, 800px\" \/>   <\/div><\/div>[\/vc_column][vc_column width=&#8221;2\/3&#8243;]<div class=\"grve-empty-space\" style=\"height: 20px;\"><\/div>[vc_column_text css=&#8221;.vc_custom_1753725897883{margin-bottom: 0px !important;border-bottom-width: 0px !important;padding-bottom: 0px !important;}&#8221; animation=&#8221;grve-fade-in-down&#8221; animation_delay=&#8221;400&#8243;]<\/p>\n<ul>\n<li style=\"text-align: justify;\"><strong>Mikromokymosi kapsul\u0117s<\/strong>: trumpas, \u012f tiksl\u0105 orientuotas ir i\u0161kart pritaikomas turinys, skirtas selektyviam, efektyviam ir laiku pateikiamam mokymuisi, reaguojant \u012f realius i\u0161\u0161\u016bkius praktikoje.<\/li>\n<li style=\"text-align: justify;\"><strong>\u0160akotiniai naratyviniai scenarijai<\/strong>: \u012ftraukiantys mokymosi keliai, pagr\u012fsti prie\u017easties ir pasekm\u0117s logika, leid\u017eiantys besimokantiems tyrin\u0117ti skirting\u0173 elgesio b\u016bd\u0173 teigiamas ir neigiamas pasekmes. Puikiai tinka mokymuisi per refleksij\u0105, kompetencij\u0173 stiprinimui ir sprendim\u0173 pri\u0117mimo patir\u010diai virtualioje, ta\u010diau itin realisti\u0161koje aplinkoje. Dalyviai gali priimti sprendimus, kurie paveiks pasakojimo eig\u0105. Scenarijai pateikia realaus gyvenimo problemas ir kelet\u0105 pasirinkimo galimybi\u0173 mokymosi turinio pristatymo metu, \u012fskaitant pasirinkim\u0173 \u012fvertinimo ir per\u017ei\u016bros momentus.<\/li>\n<\/ul>\n<p>[\/vc_column_text]<div class=\"grve-empty-space\" style=\"height: 10px;\"><\/div><div class=\"grve-element grve-align-center grve-fluid-button\"><a href=\"https:\/\/erudire.it\/course\/view.php?id=33\" title=\"PRISIJUNKITE PRIE MIK\u0116N\u0172 KURSO\" target=\"_blank\" rel=\"noopener noreferrer\" class=\"grve-btn grve-btn-medium grve-square grve-bg-primary-1 grve-bg-hover-primary-2\" style=\"max-width: 300px;\"><span>PRISIJUNKITE PRIE MIK\u0116N\u0172 KURSO<\/span><\/a><\/div>[\/vc_column][\/vc_row][vc_row heading_color=&#8221;light&#8221; disable_element=&#8221;yes&#8221; padding_top_multiplier=&#8221;2x&#8221; padding_bottom_multiplier=&#8221;3x&#8221; scroll_header_style=&#8221;default&#8221; font_color=&#8221;#ffffff&#8221;][vc_column]<h3 class=\"grve-element grve-title grve-align-center grve-animated-item grve-duration-normal grve-fade-in-up grve-h6\" style=\"\" data-delay=\"400\"><span><br>\n<h4>Don&#8217;t miss out on the adventure: hit play now and immerse yourself in a world of excitement!<\/h4>\n<\/span><\/h3><div class=\"grve-empty-space grve-height-1x\" style=\"\"><\/div><div class=\"grve-element grve-video\" style=\"\"><iframe loading=\"lazy\" title=\"Video Brunella\" src=\"https:\/\/player.vimeo.com\/video\/869581059?dnt=1&amp;app_id=122963\" width=\"1080\" height=\"608\" frameborder=\"0\" allow=\"autoplay; fullscreen; picture-in-picture; clipboard-write; encrypted-media; web-share\"><\/iframe><\/div><div class=\"grve-empty-space grve-height-1x\" style=\"\"><\/div>[\/vc_column][\/vc_row][vc_row heading_color=&#8221;light&#8221; disable_element=&#8221;yes&#8221; bg_type=&#8221;image&#8221; bg_image=&#8221;16815&#8243; bg_image_type=&#8221;parallax&#8221; color_overlay=&#8221;primary-2&#8243; opacity_overlay=&#8221;70&#8243; padding_top_multiplier=&#8221;6x&#8221; padding_bottom_multiplier=&#8221;6x&#8221; parallax_sensor=&#8221;550&#8243; font_color=&#8221;#ffffff&#8221; section_id=&#8221;newsletters&#8221;][vc_column width=&#8221;1\/6&#8243;][\/vc_column][vc_column width=&#8221;2\/3&#8243;]<h3 class=\"grve-element grve-title grve-align-center grve-h6\" style=\"\"><span><br>\n<h1>Newsletters<\/h1>\n<span class=\"grve-title-line grve-bg-white\" style=\"width: 50px;height: 2px;\"><\/span><\/span><\/h3>[vc_column_text]<\/p>\n<p style=\"text-align: center;\">In this section you can download the newsletters that contains information on project activities.<\/p>\n<p>[\/vc_column_text][\/vc_column][vc_column width=&#8221;1\/6&#8243;][\/vc_column][\/vc_row][vc_row heading_color=&#8221;light&#8221; disable_element=&#8221;yes&#8221; section_type=&#8221;fullwidth&#8221; bg_type=&#8221;image&#8221; bg_image=&#8221;16749&#8243; padding_top_multiplier=&#8221;&#8221; padding_bottom_multiplier=&#8221;&#8221; columns_gap=&#8221;none&#8221; equal_column_height=&#8221;equal-column&#8221; parallax_style=&#8221;vcpb-default&#8221; bg_image_new=&#8221;id^16749|url^https:\/\/start.conform.it\/wp-content\/uploads\/2023\/05\/Communication.webp|caption^Communication|alt^Communication|title^Communication|description^Communication&#8221; font_color=&#8221;#ffffff&#8221;][vc_column width=&#8221;1\/2&#8243; css=&#8221;.vc_custom_1507880751781{padding: 14% !important;}&#8221;]<h3 class=\"grve-element grve-title grve-align-left grve-h5\" style=\"\"><span>Eos solum doming ornatus.<\/span><\/h3><h3 class=\"grve-element grve-title grve-align-left grve-small-text\" style=\"margin-bottom: 18px;\"><span><span style=\"color: #000000;\">Situation extremely<\/span><\/span><\/h3>[\/vc_column][vc_column width=&#8221;1\/2&#8243; css=&#8221;.vc_custom_1699009720039{padding-top: 14% !important;padding-right: 14% !important;padding-bottom: 14% !important;padding-left: 14% !important;}&#8221;]<h3 class=\"grve-element grve-title grve-align-left grve-h5\" style=\"\"><span>Eos solum doming ornatus.<\/span><\/h3>[vc_column_text]You one delay nor begin our folly abode. By disposed replying mr me unpacked no. As moonlight of my resolving unwilling. [\/vc_column_text][\/vc_column][\/vc_row][vc_row disable_element=&#8221;yes&#8221;][vc_column]<div class=\"grve-element grve-slogan grve-align-left grve-animated-item grve-fade-in-down grve-duration-normal\" style=\"\" data-delay=\"400\"><div class=\"grve-btn-wrapper\"><a href=\"https:\/\/start.conform.it\/wp-content\/uploads\/2023\/05\/01-The-impact-of-digitalisation-on-the-tourism-sector-transforming-the-way-we-travel.pdf\" target=\"_blank\" rel=\"noopener noreferrer\" class=\"grve-btn grve-btn-extralarge grve-square grve-bg-primary-1 grve-bg-hover-primary-1 grve-btn-line\"><span><i class=\"fas fa-search-plus\"><\/i>Read More<\/span><\/a><\/div><\/div>[vc_tta_tour][vc_tta_section i_icon_fontawesome=&#8221;far fa-paper-plane&#8221; add_icon=&#8221;true&#8221; title=&#8221;Newsletter&#8221; tab_id=&#8221;1699011948224-08403114-c3e9&#8243;][vc_row_inner][vc_column_inner width=&#8221;1\/3&#8243;]<div class=\"grve-element grve-counter grve-align-center grve-animated-item grve-fade-in-up grve-duration-normal\" style=\"\" data-delay=\"200\">  <div class=\"grve-counter-icon\">  <i class=\"et-icon-profile-male grve-text-primary-2 grve-medium\"><\/i>  <\/div>  <div class=\"grve-counter-content\">    <div class=\"grve-counter-item grve-h1 grve-text-primary-1 grve-increase-heading grve-heading-140\">      <span data-thousands-separator-vis=\"\" data-thousands-separator=\",\" data-prefix=\"\" data-suffix=\"\" data-start-val=\"0\" data-end-val=\"80\" data-decimal-points=\"0\" data-decimal-separator=\".\" >0<\/span>    <\/div>\t<h3 class=\"grve-counter-title grve-h3\">Tourism Sector Workers Trained<\/h3>  <\/div><\/div>[\/vc_column_inner][vc_column_inner width=&#8221;1\/3&#8243;]<div class=\"grve-element grve-counter grve-align-center grve-animated-item grve-fade-in-up grve-duration-normal\" style=\"\" data-delay=\"200\">  <div class=\"grve-counter-icon\">  <i class=\"et-icon-profile-male grve-text-primary-2 grve-medium\"><\/i>  <\/div>  <div class=\"grve-counter-content\">    <div class=\"grve-counter-item grve-h1 grve-text-primary-1 grve-increase-heading grve-heading-140\">      <span data-thousands-separator-vis=\"\" data-thousands-separator=\",\" data-prefix=\"\" data-suffix=\"\" data-start-val=\"0\" data-end-val=\"80\" data-decimal-points=\"0\" data-decimal-separator=\".\" >0<\/span>    <\/div>\t<h3 class=\"grve-counter-title grve-h3\">Tourism Sector Workers Trained<\/h3>  <\/div><\/div>[\/vc_column_inner][vc_column_inner width=&#8221;1\/3&#8243;]<div class=\"grve-element grve-counter grve-align-center grve-animated-item grve-fade-in-up grve-duration-normal\" style=\"\" data-delay=\"200\">  <div class=\"grve-counter-icon\">  <i class=\"et-icon-profile-male grve-text-primary-2 grve-medium\"><\/i>  <\/div>  <div class=\"grve-counter-content\">    <div class=\"grve-counter-item grve-h1 grve-text-primary-1 grve-increase-heading grve-heading-140\">      <span data-thousands-separator-vis=\"\" data-thousands-separator=\",\" data-prefix=\"\" data-suffix=\"\" data-start-val=\"0\" data-end-val=\"80\" data-decimal-points=\"0\" data-decimal-separator=\".\" >0<\/span>    <\/div>\t<h3 class=\"grve-counter-title grve-h3\">Tourism Sector Workers Trained<\/h3>  <\/div><\/div>[\/vc_column_inner][\/vc_row_inner][\/vc_tta_section][vc_tta_section title=&#8221;Sezione 2&#8243; tab_id=&#8221;1699011950064-fb19e031-b4cd&#8221;][\/vc_tta_section][\/vc_tta_tour][\/vc_column][\/vc_row]<\/p>\n<\/div>","protected":false},"excerpt":{"rendered":"<p>[vc_row padding_top_multiplier=&#8221;3x&#8221; padding_bottom_multiplier=&#8221;&#8221;][vc_column][vc_column_text css=&#8221;&#8221; animation=&#8221;grve-fade-in-down&#8221; animation_delay=&#8221;400&#8243;] Mikromokymosi moduliai ir pasakojimo \u0161ak\u0173 scenarijai, sukurti MICENE projektui, leid\u017eia verslo srities studentams \u012fgyti ir i\u0161laikyti \u017eali\u0105sias, skaitmenines ir vadybines kompetencijas, siekiant padidinti MICE sektoriaus konkurencingum\u0105! [\/vc_column_text][vc_column_text css=&#8221;&#8221; animation=&#8221;grve-fade-in-down&#8221; animation_delay=&#8221;400&#8243;] D\u0117l \u0161ios prie\u017easties suteikiame prieig\u0105 prie turtingos Atvir\u0173j\u0173 \u0160vietimo I\u0161tekli\u0173 (OER) ekosistemos \u2013 visada prieinamos, visada aktualios \u2013 pateikiamos [&hellip;]<\/p>\n","protected":false},"author":1,"featured_media":945,"parent":0,"menu_order":0,"comment_status":"closed","ping_status":"closed","template":"","meta":{"footnotes":""},"class_list":["post-1097","page","type-page","status-publish","has-post-thumbnail","hentry"],"yoast_head":"<!-- This site is optimized with the Yoast SEO plugin v27.4 - https:\/\/yoast.com\/product\/yoast-seo-wordpress\/ -->\n<title>MIKROMOKYMOSI DOZ\u0116S - MICENE<\/title>\n<meta name=\"description\" content=\"Mikromokymosi moduliai ir pasakojimo \u0161ak\u0173 scenarijai, sukurti MICENE projektui, leid\u017eia verslo srities studentams \u012fgyti ir i\u0161laikyti\" \/>\n<meta name=\"robots\" content=\"index, follow, max-snippet:-1, max-image-preview:large, max-video-preview:-1\" \/>\n<link rel=\"canonical\" href=\"https:\/\/micene.conform.it\/lt\/microlearning-pills\/\" \/>\n<meta property=\"og:locale\" content=\"lt_LT\" \/>\n<meta property=\"og:type\" content=\"article\" \/>\n<meta property=\"og:title\" content=\"MIKROMOKYMOSI DOZ\u0116S - MICENE\" \/>\n<meta property=\"og:description\" content=\"Mikromokymosi moduliai ir pasakojimo \u0161ak\u0173 scenarijai, sukurti MICENE projektui, leid\u017eia verslo srities studentams \u012fgyti ir i\u0161laikyti\" \/>\n<meta property=\"og:url\" content=\"https:\/\/micene.conform.it\/lt\/microlearning-pills\/\" \/>\n<meta property=\"og:site_name\" content=\"MICENE\" \/>\n<meta property=\"article:modified_time\" content=\"2025-07-28T18:06:04+00:00\" \/>\n<meta property=\"og:image\" content=\"https:\/\/micene.conform.it\/wp-content\/uploads\/2025\/06\/Microlearning.webp\" \/>\n\t<meta property=\"og:image:width\" content=\"1920\" \/>\n\t<meta property=\"og:image:height\" content=\"500\" \/>\n\t<meta property=\"og:image:type\" content=\"image\/webp\" \/>\n<meta name=\"twitter:card\" content=\"summary_large_image\" \/>\n<meta name=\"twitter:label1\" content=\"Est. reading time\" \/>\n\t<meta name=\"twitter:data1\" content=\"3 minut\u0117s\" \/>\n<script type=\"application\/ld+json\" class=\"yoast-schema-graph\">{\"@context\":\"https:\\\/\\\/schema.org\",\"@graph\":[{\"@type\":\"WebPage\",\"@id\":\"https:\\\/\\\/micene.conform.it\\\/lt\\\/microlearning-pills\\\/\",\"url\":\"https:\\\/\\\/micene.conform.it\\\/lt\\\/microlearning-pills\\\/\",\"name\":\"MIKROMOKYMOSI DOZ\u0116S - MICENE\",\"isPartOf\":{\"@id\":\"https:\\\/\\\/micene.conform.it\\\/lt\\\/#website\"},\"primaryImageOfPage\":{\"@id\":\"https:\\\/\\\/micene.conform.it\\\/lt\\\/microlearning-pills\\\/#primaryimage\"},\"image\":{\"@id\":\"https:\\\/\\\/micene.conform.it\\\/lt\\\/microlearning-pills\\\/#primaryimage\"},\"thumbnailUrl\":\"https:\\\/\\\/micene.conform.it\\\/wp-content\\\/uploads\\\/2025\\\/06\\\/Microlearning.webp\",\"datePublished\":\"2025-06-21T11:03:48+00:00\",\"dateModified\":\"2025-07-28T18:06:04+00:00\",\"description\":\"Mikromokymosi moduliai ir pasakojimo \u0161ak\u0173 scenarijai, sukurti MICENE projektui, leid\u017eia verslo srities studentams \u012fgyti ir i\u0161laikyti\",\"breadcrumb\":{\"@id\":\"https:\\\/\\\/micene.conform.it\\\/lt\\\/microlearning-pills\\\/#breadcrumb\"},\"inLanguage\":\"lt-LT\",\"potentialAction\":[{\"@type\":\"ReadAction\",\"target\":[\"https:\\\/\\\/micene.conform.it\\\/lt\\\/microlearning-pills\\\/\"]}]},{\"@type\":\"ImageObject\",\"inLanguage\":\"lt-LT\",\"@id\":\"https:\\\/\\\/micene.conform.it\\\/lt\\\/microlearning-pills\\\/#primaryimage\",\"url\":\"https:\\\/\\\/micene.conform.it\\\/wp-content\\\/uploads\\\/2025\\\/06\\\/Microlearning.webp\",\"contentUrl\":\"https:\\\/\\\/micene.conform.it\\\/wp-content\\\/uploads\\\/2025\\\/06\\\/Microlearning.webp\",\"width\":1920,\"height\":500,\"caption\":\"Microlearning\"},{\"@type\":\"BreadcrumbList\",\"@id\":\"https:\\\/\\\/micene.conform.it\\\/lt\\\/microlearning-pills\\\/#breadcrumb\",\"itemListElement\":[{\"@type\":\"ListItem\",\"position\":1,\"name\":\"Home\",\"item\":\"https:\\\/\\\/micene.conform.it\\\/lt\\\/\"},{\"@type\":\"ListItem\",\"position\":2,\"name\":\"MIKROMOKYMOSI DOZ\u0116S\"}]},{\"@type\":\"WebSite\",\"@id\":\"https:\\\/\\\/micene.conform.it\\\/lt\\\/#website\",\"url\":\"https:\\\/\\\/micene.conform.it\\\/lt\\\/\",\"name\":\"MICENE\",\"description\":\"Mice Next Evolution\",\"potentialAction\":[{\"@type\":\"SearchAction\",\"target\":{\"@type\":\"EntryPoint\",\"urlTemplate\":\"https:\\\/\\\/micene.conform.it\\\/lt\\\/?s={search_term_string}\"},\"query-input\":{\"@type\":\"PropertyValueSpecification\",\"valueRequired\":true,\"valueName\":\"search_term_string\"}}],\"inLanguage\":\"lt-LT\"}]}<\/script>\n<!-- \/ Yoast SEO plugin. -->","yoast_head_json":{"title":"MIKROMOKYMOSI DOZ\u0116S - MICENE","description":"Mikromokymosi moduliai ir pasakojimo \u0161ak\u0173 scenarijai, sukurti MICENE projektui, leid\u017eia verslo srities studentams \u012fgyti ir i\u0161laikyti","robots":{"index":"index","follow":"follow","max-snippet":"max-snippet:-1","max-image-preview":"max-image-preview:large","max-video-preview":"max-video-preview:-1"},"canonical":"https:\/\/micene.conform.it\/lt\/microlearning-pills\/","og_locale":"lt_LT","og_type":"article","og_title":"MIKROMOKYMOSI DOZ\u0116S - MICENE","og_description":"Mikromokymosi moduliai ir pasakojimo \u0161ak\u0173 scenarijai, sukurti MICENE projektui, leid\u017eia verslo srities studentams \u012fgyti ir i\u0161laikyti","og_url":"https:\/\/micene.conform.it\/lt\/microlearning-pills\/","og_site_name":"MICENE","article_modified_time":"2025-07-28T18:06:04+00:00","og_image":[{"width":1920,"height":500,"url":"https:\/\/micene.conform.it\/wp-content\/uploads\/2025\/06\/Microlearning.webp","type":"image\/webp"}],"twitter_card":"summary_large_image","twitter_misc":{"Est. reading time":"3 minut\u0117s"},"schema":{"@context":"https:\/\/schema.org","@graph":[{"@type":"WebPage","@id":"https:\/\/micene.conform.it\/lt\/microlearning-pills\/","url":"https:\/\/micene.conform.it\/lt\/microlearning-pills\/","name":"MIKROMOKYMOSI DOZ\u0116S - MICENE","isPartOf":{"@id":"https:\/\/micene.conform.it\/lt\/#website"},"primaryImageOfPage":{"@id":"https:\/\/micene.conform.it\/lt\/microlearning-pills\/#primaryimage"},"image":{"@id":"https:\/\/micene.conform.it\/lt\/microlearning-pills\/#primaryimage"},"thumbnailUrl":"https:\/\/micene.conform.it\/wp-content\/uploads\/2025\/06\/Microlearning.webp","datePublished":"2025-06-21T11:03:48+00:00","dateModified":"2025-07-28T18:06:04+00:00","description":"Mikromokymosi moduliai ir pasakojimo \u0161ak\u0173 scenarijai, sukurti MICENE projektui, leid\u017eia verslo srities studentams \u012fgyti ir i\u0161laikyti","breadcrumb":{"@id":"https:\/\/micene.conform.it\/lt\/microlearning-pills\/#breadcrumb"},"inLanguage":"lt-LT","potentialAction":[{"@type":"ReadAction","target":["https:\/\/micene.conform.it\/lt\/microlearning-pills\/"]}]},{"@type":"ImageObject","inLanguage":"lt-LT","@id":"https:\/\/micene.conform.it\/lt\/microlearning-pills\/#primaryimage","url":"https:\/\/micene.conform.it\/wp-content\/uploads\/2025\/06\/Microlearning.webp","contentUrl":"https:\/\/micene.conform.it\/wp-content\/uploads\/2025\/06\/Microlearning.webp","width":1920,"height":500,"caption":"Microlearning"},{"@type":"BreadcrumbList","@id":"https:\/\/micene.conform.it\/lt\/microlearning-pills\/#breadcrumb","itemListElement":[{"@type":"ListItem","position":1,"name":"Home","item":"https:\/\/micene.conform.it\/lt\/"},{"@type":"ListItem","position":2,"name":"MIKROMOKYMOSI DOZ\u0116S"}]},{"@type":"WebSite","@id":"https:\/\/micene.conform.it\/lt\/#website","url":"https:\/\/micene.conform.it\/lt\/","name":"MICENE","description":"Mice Next Evolution","potentialAction":[{"@type":"SearchAction","target":{"@type":"EntryPoint","urlTemplate":"https:\/\/micene.conform.it\/lt\/?s={search_term_string}"},"query-input":{"@type":"PropertyValueSpecification","valueRequired":true,"valueName":"search_term_string"}}],"inLanguage":"lt-LT"}]}},"_links":{"self":[{"href":"https:\/\/micene.conform.it\/lt\/wp-json\/wp\/v2\/pages\/1097","targetHints":{"allow":["GET"]}}],"collection":[{"href":"https:\/\/micene.conform.it\/lt\/wp-json\/wp\/v2\/pages"}],"about":[{"href":"https:\/\/micene.conform.it\/lt\/wp-json\/wp\/v2\/types\/page"}],"author":[{"embeddable":true,"href":"https:\/\/micene.conform.it\/lt\/wp-json\/wp\/v2\/users\/1"}],"replies":[{"embeddable":true,"href":"https:\/\/micene.conform.it\/lt\/wp-json\/wp\/v2\/comments?post=1097"}],"version-history":[{"count":3,"href":"https:\/\/micene.conform.it\/lt\/wp-json\/wp\/v2\/pages\/1097\/revisions"}],"predecessor-version":[{"id":1100,"href":"https:\/\/micene.conform.it\/lt\/wp-json\/wp\/v2\/pages\/1097\/revisions\/1100"}],"wp:featuredmedia":[{"embeddable":true,"href":"https:\/\/micene.conform.it\/lt\/wp-json\/wp\/v2\/media\/945"}],"wp:attachment":[{"href":"https:\/\/micene.conform.it\/lt\/wp-json\/wp\/v2\/media?parent=1097"}],"curies":[{"name":"wp","href":"https:\/\/api.w.org\/{rel}","templated":true}]}}