{"id":741,"date":"2024-10-25T19:07:29","date_gmt":"2024-10-25T19:07:29","guid":{"rendered":"https:\/\/micene.conform.it\/mice-management-he-curriculum\/"},"modified":"2026-02-04T18:01:42","modified_gmt":"2026-02-04T18:01:42","slug":"mice-management-he-curriculum","status":"publish","type":"page","link":"https:\/\/micene.conform.it\/fr\/mice-management-he-curriculum\/","title":{"rendered":"GESTION DES HE CURRICULUM MICE"},"content":{"rendered":"<div class=\"wpb-content-wrapper\"><p>[vc_row padding_top_multiplier=\u00a0\u00bb3x\u00a0\u00bb padding_bottom_multiplier=\u00a0\u00bb\u00a0\u00bb][vc_column]<style type=\"text\/css\">.grve-title-gradient.grve-title-69ff7c08ac737 > span,.grve-title-gradient.grve-title-69ff7c08ac737 .grve-clipping-content > span {color: #1a3e79;background-image: -moz-linear-gradient(-45deg, #1a3e79 0%, #1a3e79 100%);background-image: -webkit-linear-gradient(-45deg, #1a3e79 0%, #1a3e79 100%);background-image: linear-gradient(135deg, #1a3e79 0%, #1a3e79 100%);}<\/style><h3 class=\"grve-element grve-title grve-align-center grve-animated-item grve-duration-normal grve-fade-in-up grve-h6 grve-title-gradient grve-title-69ff7c08ac737\" style=\"\" data-delay=\"400\"><span><br>\n<h4>La zone du curriculum du projet MICE.N.E<\/h4>\n<\/span><\/h3><div class=\"grve-element grve-divider grve-animated-item grve-fade-in-up grve-duration-normal grve-align-center\" style=\"\" data-delay=\"200\"><span class=\"grve-custom-divider grve-bg-primary-1\" style=\"width: 50px;height: 2px;\"><\/span><\/div><div class=\"grve-empty-space grve-height-1x\" style=\"\"><\/div>[vc_column_text css=\u00a0\u00bb\u00a0\u00bb animation=\u00a0\u00bbgrve-fade-in-down\u00a0\u00bb animation_delay=\u00a0\u00bb400&Prime;]<\/p>\n<p style=\"text-align: justify;\">La micro-conception du <strong>programme d&rsquo;enseignement sup\u00e9rieur en gestion MICE<\/strong> sert de plan strat\u00e9gique, guidant les \u00e9tudiants europ\u00e9ens issus de milieux \u00e9conomiques \u00e0 travers un parcours exp\u00e9rientiel de connaissances sp\u00e9cialis\u00e9es. Ce programme \u00e9quilibre les comp\u00e9tences manag\u00e9riales, num\u00e9riques et \u00e9cologiques, alignant leur expertise sur les demandes en constante \u00e9volution du secteur MICE. V\u00e9ritables architectes de leur avenir professionnel, les \u00e9tudiants fa\u00e7onnent et red\u00e9finissent leurs comp\u00e9tences, en s&rsquo;appuyant sur un programme d&rsquo;\u00e9tudes \u00e9labor\u00e9 en collaboration entre les universit\u00e9s et les partenaires industriels, ce qui favorise \u00e0 la fois la croissance comp\u00e9titive des entreprises et le d\u00e9veloppement enrichissant des \u00e9tudiants dans le cadre des transitions \u00e9cologiques et num\u00e9riques.<\/p>\n<p>[\/vc_column_text]<div class=\"grve-empty-space grve-height-1x\" style=\"\"><\/div>[\/vc_column][\/vc_row][vc_row padding_top_multiplier=\u00a0\u00bb\u00a0\u00bb padding_bottom_multiplier=\u00a0\u00bb3x\u00a0\u00bb][vc_column width=\u00a0\u00bb1\/3&Prime;]<div class=\"grve-element grve-image grve-align-center\" style=\"\">  <div class=\"grve-image-wrapper\"><img loading=\"lazy\" decoding=\"async\" width=\"800\" height=\"800\" src=\"https:\/\/micene.conform.it\/wp-content\/uploads\/2024\/10\/IMG-Mice-Management-He-Curriculum.webp\" class=\"attachment-full size-full\" alt=\"\" srcset=\"https:\/\/micene.conform.it\/wp-content\/uploads\/2024\/10\/IMG-Mice-Management-He-Curriculum.webp 800w, https:\/\/micene.conform.it\/wp-content\/uploads\/2024\/10\/IMG-Mice-Management-He-Curriculum-300x300.webp 300w, https:\/\/micene.conform.it\/wp-content\/uploads\/2024\/10\/IMG-Mice-Management-He-Curriculum-150x150.webp 150w, https:\/\/micene.conform.it\/wp-content\/uploads\/2024\/10\/IMG-Mice-Management-He-Curriculum-768x768.webp 768w, https:\/\/micene.conform.it\/wp-content\/uploads\/2024\/10\/IMG-Mice-Management-He-Curriculum-560x560.webp 560w\" sizes=\"auto, (max-width: 800px) 100vw, 800px\" \/>   <\/div><\/div>[\/vc_column][vc_column width=\u00a0\u00bb2\/3&Prime;]<div class=\"grve-empty-space grve-height-1x\" style=\"\"><\/div>[vc_column_text css=\u00a0\u00bb\u00a0\u00bb animation=\u00a0\u00bbgrve-fade-in-down\u00a0\u00bb animation_delay=\u00a0\u00bb400&Prime;]<strong>Le programme d&rsquo;\u00e9tudes a \u00e9t\u00e9 \u00e9labor\u00e9 par les partenaires dans le cadre de deux activit\u00e9s int\u00e9gr\u00e9es:<\/strong><\/p>\n<ul>\n<li>l&rsquo;<strong>EXAMEN DE L&rsquo;ANALYSE DES BESOINS BAS\u00c9E SUR LE BUREAU<\/strong>, qui a servi de boussole pour orienter la conception du programme d&rsquo;\u00e9tudes et identifier ses \u00e9l\u00e9ments constitutifs<\/li>\n<li><strong>l&rsquo;ANALYSE DE TERRAIN,<\/strong> par le biais d&rsquo;une s\u00e9rie d&rsquo;ateliers de validation avec des conf\u00e9renciers et des repr\u00e9sentants du secteur MICE, qui ont cr\u00e9\u00e9 un tourbillon dynamique d&rsquo;engagement<\/li>\n<\/ul>\n<p><strong>Cliquez sur les boutons ci-dessous pour t\u00e9l\u00e9charger le MICE.N.E. Curriculum<\/strong>[\/vc_column_text]<div class=\"grve-empty-space grve-height-1x\" style=\"\"><\/div>[vc_row_inner][vc_column_inner width=\u00a0\u00bb1\/12&Prime;][\/vc_column_inner][vc_column_inner width=\u00a0\u00bb5\/12&Prime;]<div class=\"grve-element grve-align-center grve-fluid-button\"><a href=\"https:\/\/micene.conform.it\/wp-content\/uploads\/2026\/02\/WP2_MICENE_HE-MICE-Management-Curriculum_FR.pdf\" target=\"_blank\" rel=\"noopener noreferrer\" class=\"grve-btn grve-btn-medium grve-square grve-bg-primary-1 grve-bg-hover-primary-2\" style=\"max-width: 250px;\"><span>LE CURRICULUM MICE.N.E.<\/span><\/a><\/div><div class=\"grve-empty-space\" style=\"height: 20px;\"><\/div>[\/vc_column_inner][vc_column_inner width=\u00a0\u00bb5\/12&Prime;][\/vc_column_inner][vc_column_inner width=\u00a0\u00bb1\/12&Prime;][\/vc_column_inner][\/vc_row_inner][\/vc_column][\/vc_row][vc_row heading_color=\u00a0\u00bblight\u00a0\u00bb disable_element=\u00a0\u00bbyes\u00a0\u00bb padding_top_multiplier=\u00a0\u00bb2x\u00a0\u00bb padding_bottom_multiplier=\u00a0\u00bb3x\u00a0\u00bb scroll_header_style=\u00a0\u00bbdefault\u00a0\u00bb font_color=\u00a0\u00bb#ffffff\u00a0\u00bb][vc_column]<h3 class=\"grve-element grve-title grve-align-center grve-animated-item grve-duration-normal grve-fade-in-up grve-h6\" style=\"\" data-delay=\"400\"><span><br>\n<h4>Don&rsquo;t miss out on the adventure: hit play now and immerse yourself in a world of excitement!<\/h4>\n<\/span><\/h3><div class=\"grve-empty-space grve-height-1x\" style=\"\"><\/div><div class=\"grve-element grve-video\" style=\"\"><iframe loading=\"lazy\" title=\"Video Brunella\" src=\"https:\/\/player.vimeo.com\/video\/869581059?dnt=1&amp;app_id=122963\" width=\"1080\" height=\"608\" frameborder=\"0\" allow=\"autoplay; fullscreen; picture-in-picture; clipboard-write\"><\/iframe><\/div><div class=\"grve-empty-space grve-height-1x\" style=\"\"><\/div>[\/vc_column][\/vc_row][vc_row disable_element=\u00a0\u00bbyes\u00a0\u00bb][vc_column][vc_column_text css=\u00a0\u00bb\u00a0\u00bb]<\/p>\n<p style=\"text-align: center;\"><a href=\"https:\/\/micene.conform.it\/fr\/privacy-policy\/\">internal<\/a><\/p>\n<p>&nbsp;<\/p>\n<p style=\"text-align: center;\"><a href=\"https:\/\/conform.it\/privacy-policy\/\">esternal<\/a><\/p>\n<p>&nbsp;<\/p>\n<p>[\/vc_column_text][\/vc_column][\/vc_row][vc_row heading_color=\u00a0\u00bblight\u00a0\u00bb disable_element=\u00a0\u00bbyes\u00a0\u00bb bg_type=\u00a0\u00bbimage\u00a0\u00bb bg_image=\u00a0\u00bb16815&Prime; bg_image_type=\u00a0\u00bbparallax\u00a0\u00bb color_overlay=\u00a0\u00bbprimary-2&Prime; opacity_overlay=\u00a0\u00bb70&Prime; padding_top_multiplier=\u00a0\u00bb6x\u00a0\u00bb padding_bottom_multiplier=\u00a0\u00bb6x\u00a0\u00bb parallax_sensor=\u00a0\u00bb550&Prime; font_color=\u00a0\u00bb#ffffff\u00a0\u00bb section_id=\u00a0\u00bbnewsletters\u00a0\u00bb][vc_column width=\u00a0\u00bb1\/6&Prime;][\/vc_column][vc_column width=\u00a0\u00bb2\/3&Prime;]<h3 class=\"grve-element grve-title grve-align-center grve-h6\" style=\"\"><span><br>\n<h1>Newsletters<\/h1>\n<span class=\"grve-title-line grve-bg-white\" style=\"width: 50px;height: 2px;\"><\/span><\/span><\/h3>[vc_column_text]<\/p>\n<p style=\"text-align: center;\">In this section you can download the newsletters that contains information on project activities.<\/p>\n<p>[\/vc_column_text][\/vc_column][vc_column width=\u00a0\u00bb1\/6&Prime;][\/vc_column][\/vc_row][vc_row heading_color=\u00a0\u00bblight\u00a0\u00bb disable_element=\u00a0\u00bbyes\u00a0\u00bb section_type=\u00a0\u00bbfullwidth\u00a0\u00bb bg_type=\u00a0\u00bbimage\u00a0\u00bb bg_image=\u00a0\u00bb16749&Prime; padding_top_multiplier=\u00a0\u00bb\u00a0\u00bb padding_bottom_multiplier=\u00a0\u00bb\u00a0\u00bb columns_gap=\u00a0\u00bbnone\u00a0\u00bb equal_column_height=\u00a0\u00bbequal-column\u00a0\u00bb parallax_style=\u00a0\u00bbvcpb-default\u00a0\u00bb bg_image_new=\u00a0\u00bbid^16749|url^https:\/\/start.conform.it\/wp-content\/uploads\/2023\/05\/Communication.webp|caption^Communication|alt^Communication|title^Communication|description^Communication\u00a0\u00bb font_color=\u00a0\u00bb#ffffff\u00a0\u00bb][vc_column width=\u00a0\u00bb1\/2&Prime; css=\u00a0\u00bb.vc_custom_1507880751781{padding: 14% !important;}\u00a0\u00bb]<h3 class=\"grve-element grve-title grve-align-left grve-h5\" style=\"\"><span>Eos solum doming ornatus.<\/span><\/h3><h3 class=\"grve-element grve-title grve-align-left grve-small-text\" style=\"margin-bottom: 18px;\"><span><span style=\"color: #000000;\">Situation extremely<\/span><\/span><\/h3>[\/vc_column][vc_column width=\u00a0\u00bb1\/2&Prime; css=\u00a0\u00bb.vc_custom_1699009720039{padding-top: 14% !important;padding-right: 14% !important;padding-bottom: 14% !important;padding-left: 14% !important;}\u00a0\u00bb]<h3 class=\"grve-element grve-title grve-align-left grve-h5\" style=\"\"><span>Eos solum doming ornatus.<\/span><\/h3>[vc_column_text]You one delay nor begin our folly abode. By disposed replying mr me unpacked no. As moonlight of my resolving unwilling. [\/vc_column_text][\/vc_column][\/vc_row][vc_row disable_element=\u00a0\u00bbyes\u00a0\u00bb][vc_column]<div class=\"grve-element grve-slogan grve-align-left grve-animated-item grve-fade-in-down grve-duration-normal\" style=\"\" data-delay=\"400\"><div class=\"grve-btn-wrapper\"><a href=\"https:\/\/start.conform.it\/wp-content\/uploads\/2023\/05\/01-The-impact-of-digitalisation-on-the-tourism-sector-transforming-the-way-we-travel.pdf\" target=\"_blank\" rel=\"noopener noreferrer\" class=\"grve-btn grve-btn-extralarge grve-square grve-bg-primary-1 grve-bg-hover-primary-1 grve-btn-line\"><span><i class=\"fas fa-search-plus\"><\/i>Read More<\/span><\/a><\/div><\/div>[vc_tta_tour][vc_tta_section i_icon_fontawesome=\u00a0\u00bbfar fa-paper-plane\u00a0\u00bb add_icon=\u00a0\u00bbtrue\u00a0\u00bb title=\u00a0\u00bbNewsletter\u00a0\u00bb tab_id=\u00a0\u00bb1699011948224-08403114-c3e9&Prime;][vc_row_inner][vc_column_inner width=\u00a0\u00bb1\/3&Prime;]<div class=\"grve-element grve-counter grve-align-center grve-animated-item grve-fade-in-up grve-duration-normal\" style=\"\" data-delay=\"200\">  <div class=\"grve-counter-icon\">  <i class=\"et-icon-profile-male grve-text-primary-2 grve-medium\"><\/i>  <\/div>  <div class=\"grve-counter-content\">    <div class=\"grve-counter-item grve-h1 grve-text-primary-1 grve-increase-heading grve-heading-140\">      <span data-thousands-separator-vis=\"\" data-thousands-separator=\",\" data-prefix=\"\" data-suffix=\"\" data-start-val=\"0\" data-end-val=\"80\" data-decimal-points=\"0\" data-decimal-separator=\".\" >0<\/span>    <\/div>\t<h3 class=\"grve-counter-title grve-h3\">Tourism Sector Workers Trained<\/h3>  <\/div><\/div>[\/vc_column_inner][vc_column_inner width=\u00a0\u00bb1\/3&Prime;]<div class=\"grve-element grve-counter grve-align-center grve-animated-item grve-fade-in-up grve-duration-normal\" style=\"\" data-delay=\"200\">  <div class=\"grve-counter-icon\">  <i class=\"et-icon-profile-male grve-text-primary-2 grve-medium\"><\/i>  <\/div>  <div class=\"grve-counter-content\">    <div class=\"grve-counter-item grve-h1 grve-text-primary-1 grve-increase-heading grve-heading-140\">      <span data-thousands-separator-vis=\"\" data-thousands-separator=\",\" data-prefix=\"\" data-suffix=\"\" data-start-val=\"0\" data-end-val=\"80\" data-decimal-points=\"0\" data-decimal-separator=\".\" >0<\/span>    <\/div>\t<h3 class=\"grve-counter-title grve-h3\">Tourism Sector Workers Trained<\/h3>  <\/div><\/div>[\/vc_column_inner][vc_column_inner width=\u00a0\u00bb1\/3&Prime;]<div class=\"grve-element grve-counter grve-align-center grve-animated-item grve-fade-in-up grve-duration-normal\" style=\"\" data-delay=\"200\">  <div class=\"grve-counter-icon\">  <i class=\"et-icon-profile-male grve-text-primary-2 grve-medium\"><\/i>  <\/div>  <div class=\"grve-counter-content\">    <div class=\"grve-counter-item grve-h1 grve-text-primary-1 grve-increase-heading grve-heading-140\">      <span data-thousands-separator-vis=\"\" data-thousands-separator=\",\" data-prefix=\"\" data-suffix=\"\" data-start-val=\"0\" data-end-val=\"80\" data-decimal-points=\"0\" data-decimal-separator=\".\" >0<\/span>    <\/div>\t<h3 class=\"grve-counter-title grve-h3\">Tourism Sector Workers Trained<\/h3>  <\/div><\/div>[\/vc_column_inner][\/vc_row_inner][\/vc_tta_section][vc_tta_section title=\u00a0\u00bbSezione 2&Prime; tab_id=\u00a0\u00bb1699011950064-fb19e031-b4cd\u00a0\u00bb][\/vc_tta_section][\/vc_tta_tour][\/vc_column][\/vc_row]<\/p>\n<\/div>","protected":false},"excerpt":{"rendered":"<p>[vc_row padding_top_multiplier=\u00a0\u00bb3x\u00a0\u00bb padding_bottom_multiplier=\u00a0\u00bb\u00a0\u00bb][vc_column][vc_column_text css=\u00a0\u00bb\u00a0\u00bb animation=\u00a0\u00bbgrve-fade-in-down\u00a0\u00bb animation_delay=\u00a0\u00bb400&Prime;] La micro-conception du programme d&rsquo;enseignement sup\u00e9rieur en gestion MICE sert de plan strat\u00e9gique, guidant les \u00e9tudiants europ\u00e9ens issus de milieux \u00e9conomiques \u00e0 travers un parcours exp\u00e9rientiel de connaissances sp\u00e9cialis\u00e9es. Ce programme \u00e9quilibre les comp\u00e9tences manag\u00e9riales, num\u00e9riques et \u00e9cologiques, alignant leur expertise sur les demandes en constante \u00e9volution du secteur [&hellip;]<\/p>\n","protected":false},"author":1,"featured_media":627,"parent":0,"menu_order":0,"comment_status":"closed","ping_status":"closed","template":"","meta":{"footnotes":""},"class_list":["post-741","page","type-page","status-publish","has-post-thumbnail","hentry"],"yoast_head":"<!-- This site is optimized with the Yoast SEO plugin v27.5 - https:\/\/yoast.com\/product\/yoast-seo-wordpress\/ -->\n<title>GESTION DES HE CURRICULUM MICE - MICENE<\/title>\n<meta name=\"description\" content=\"Le Micro-design of the Higher Education Curriculum for MICE Management sert de sch\u00e9ma directeur strat\u00e9gique, guidant..\" \/>\n<meta name=\"robots\" content=\"index, follow, max-snippet:-1, max-image-preview:large, max-video-preview:-1\" \/>\n<link rel=\"canonical\" href=\"https:\/\/micene.conform.it\/fr\/mice-management-he-curriculum\/\" \/>\n<meta property=\"og:locale\" content=\"fr_FR\" \/>\n<meta property=\"og:type\" content=\"article\" \/>\n<meta property=\"og:title\" content=\"GESTION DES HE CURRICULUM MICE - MICENE\" \/>\n<meta property=\"og:description\" content=\"Le Micro-design of the Higher Education Curriculum for MICE Management sert de sch\u00e9ma directeur strat\u00e9gique, guidant..\" \/>\n<meta property=\"og:url\" content=\"https:\/\/micene.conform.it\/fr\/mice-management-he-curriculum\/\" \/>\n<meta property=\"og:site_name\" content=\"MICENE\" \/>\n<meta property=\"article:modified_time\" content=\"2026-02-04T18:01:42+00:00\" \/>\n<meta property=\"og:image\" content=\"https:\/\/micene.conform.it\/wp-content\/uploads\/2024\/10\/Mice-Management-He-Curriculum.webp\" \/>\n\t<meta property=\"og:image:width\" content=\"1920\" \/>\n\t<meta property=\"og:image:height\" content=\"500\" \/>\n\t<meta property=\"og:image:type\" content=\"image\/webp\" \/>\n<meta name=\"twitter:card\" content=\"summary_large_image\" \/>\n<meta name=\"twitter:label1\" content=\"Dur\u00e9e de lecture estim\u00e9e\" \/>\n\t<meta name=\"twitter:data1\" content=\"3 minutes\" \/>\n<script type=\"application\/ld+json\" class=\"yoast-schema-graph\">{\"@context\":\"https:\\\/\\\/schema.org\",\"@graph\":[{\"@type\":\"WebPage\",\"@id\":\"https:\\\/\\\/micene.conform.it\\\/fr\\\/mice-management-he-curriculum\\\/\",\"url\":\"https:\\\/\\\/micene.conform.it\\\/fr\\\/mice-management-he-curriculum\\\/\",\"name\":\"GESTION DES HE CURRICULUM MICE - MICENE\",\"isPartOf\":{\"@id\":\"https:\\\/\\\/micene.conform.it\\\/fr\\\/#website\"},\"primaryImageOfPage\":{\"@id\":\"https:\\\/\\\/micene.conform.it\\\/fr\\\/mice-management-he-curriculum\\\/#primaryimage\"},\"image\":{\"@id\":\"https:\\\/\\\/micene.conform.it\\\/fr\\\/mice-management-he-curriculum\\\/#primaryimage\"},\"thumbnailUrl\":\"https:\\\/\\\/micene.conform.it\\\/wp-content\\\/uploads\\\/2024\\\/10\\\/Mice-Management-He-Curriculum.webp\",\"datePublished\":\"2024-10-25T19:07:29+00:00\",\"dateModified\":\"2026-02-04T18:01:42+00:00\",\"description\":\"Le Micro-design of the Higher Education Curriculum for MICE Management sert de sch\u00e9ma directeur strat\u00e9gique, guidant..\",\"breadcrumb\":{\"@id\":\"https:\\\/\\\/micene.conform.it\\\/fr\\\/mice-management-he-curriculum\\\/#breadcrumb\"},\"inLanguage\":\"fr-FR\",\"potentialAction\":[{\"@type\":\"ReadAction\",\"target\":[\"https:\\\/\\\/micene.conform.it\\\/fr\\\/mice-management-he-curriculum\\\/\"]}]},{\"@type\":\"ImageObject\",\"inLanguage\":\"fr-FR\",\"@id\":\"https:\\\/\\\/micene.conform.it\\\/fr\\\/mice-management-he-curriculum\\\/#primaryimage\",\"url\":\"https:\\\/\\\/micene.conform.it\\\/wp-content\\\/uploads\\\/2024\\\/10\\\/Mice-Management-He-Curriculum.webp\",\"contentUrl\":\"https:\\\/\\\/micene.conform.it\\\/wp-content\\\/uploads\\\/2024\\\/10\\\/Mice-Management-He-Curriculum.webp\",\"width\":1920,\"height\":500,\"caption\":\"Mice Management He Curriculum\"},{\"@type\":\"BreadcrumbList\",\"@id\":\"https:\\\/\\\/micene.conform.it\\\/fr\\\/mice-management-he-curriculum\\\/#breadcrumb\",\"itemListElement\":[{\"@type\":\"ListItem\",\"position\":1,\"name\":\"Home\",\"item\":\"https:\\\/\\\/micene.conform.it\\\/fr\\\/\"},{\"@type\":\"ListItem\",\"position\":2,\"name\":\"GESTION DES HE CURRICULUM MICE\"}]},{\"@type\":\"WebSite\",\"@id\":\"https:\\\/\\\/micene.conform.it\\\/fr\\\/#website\",\"url\":\"https:\\\/\\\/micene.conform.it\\\/fr\\\/\",\"name\":\"MICENE\",\"description\":\"Mice Next Evolution\",\"potentialAction\":[{\"@type\":\"SearchAction\",\"target\":{\"@type\":\"EntryPoint\",\"urlTemplate\":\"https:\\\/\\\/micene.conform.it\\\/fr\\\/?s={search_term_string}\"},\"query-input\":{\"@type\":\"PropertyValueSpecification\",\"valueRequired\":true,\"valueName\":\"search_term_string\"}}],\"inLanguage\":\"fr-FR\"}]}<\/script>\n<!-- \/ Yoast SEO plugin. -->","yoast_head_json":{"title":"GESTION DES HE CURRICULUM MICE - MICENE","description":"Le Micro-design of the Higher Education Curriculum for MICE Management sert de sch\u00e9ma directeur strat\u00e9gique, guidant..","robots":{"index":"index","follow":"follow","max-snippet":"max-snippet:-1","max-image-preview":"max-image-preview:large","max-video-preview":"max-video-preview:-1"},"canonical":"https:\/\/micene.conform.it\/fr\/mice-management-he-curriculum\/","og_locale":"fr_FR","og_type":"article","og_title":"GESTION DES HE CURRICULUM MICE - MICENE","og_description":"Le Micro-design of the Higher Education Curriculum for MICE Management sert de sch\u00e9ma directeur strat\u00e9gique, guidant..","og_url":"https:\/\/micene.conform.it\/fr\/mice-management-he-curriculum\/","og_site_name":"MICENE","article_modified_time":"2026-02-04T18:01:42+00:00","og_image":[{"width":1920,"height":500,"url":"https:\/\/micene.conform.it\/wp-content\/uploads\/2024\/10\/Mice-Management-He-Curriculum.webp","type":"image\/webp"}],"twitter_card":"summary_large_image","twitter_misc":{"Dur\u00e9e de lecture estim\u00e9e":"3 minutes"},"schema":{"@context":"https:\/\/schema.org","@graph":[{"@type":"WebPage","@id":"https:\/\/micene.conform.it\/fr\/mice-management-he-curriculum\/","url":"https:\/\/micene.conform.it\/fr\/mice-management-he-curriculum\/","name":"GESTION DES HE CURRICULUM MICE - MICENE","isPartOf":{"@id":"https:\/\/micene.conform.it\/fr\/#website"},"primaryImageOfPage":{"@id":"https:\/\/micene.conform.it\/fr\/mice-management-he-curriculum\/#primaryimage"},"image":{"@id":"https:\/\/micene.conform.it\/fr\/mice-management-he-curriculum\/#primaryimage"},"thumbnailUrl":"https:\/\/micene.conform.it\/wp-content\/uploads\/2024\/10\/Mice-Management-He-Curriculum.webp","datePublished":"2024-10-25T19:07:29+00:00","dateModified":"2026-02-04T18:01:42+00:00","description":"Le Micro-design of the Higher Education Curriculum for MICE Management sert de sch\u00e9ma directeur strat\u00e9gique, guidant..","breadcrumb":{"@id":"https:\/\/micene.conform.it\/fr\/mice-management-he-curriculum\/#breadcrumb"},"inLanguage":"fr-FR","potentialAction":[{"@type":"ReadAction","target":["https:\/\/micene.conform.it\/fr\/mice-management-he-curriculum\/"]}]},{"@type":"ImageObject","inLanguage":"fr-FR","@id":"https:\/\/micene.conform.it\/fr\/mice-management-he-curriculum\/#primaryimage","url":"https:\/\/micene.conform.it\/wp-content\/uploads\/2024\/10\/Mice-Management-He-Curriculum.webp","contentUrl":"https:\/\/micene.conform.it\/wp-content\/uploads\/2024\/10\/Mice-Management-He-Curriculum.webp","width":1920,"height":500,"caption":"Mice Management He Curriculum"},{"@type":"BreadcrumbList","@id":"https:\/\/micene.conform.it\/fr\/mice-management-he-curriculum\/#breadcrumb","itemListElement":[{"@type":"ListItem","position":1,"name":"Home","item":"https:\/\/micene.conform.it\/fr\/"},{"@type":"ListItem","position":2,"name":"GESTION DES HE CURRICULUM MICE"}]},{"@type":"WebSite","@id":"https:\/\/micene.conform.it\/fr\/#website","url":"https:\/\/micene.conform.it\/fr\/","name":"MICENE","description":"Mice Next Evolution","potentialAction":[{"@type":"SearchAction","target":{"@type":"EntryPoint","urlTemplate":"https:\/\/micene.conform.it\/fr\/?s={search_term_string}"},"query-input":{"@type":"PropertyValueSpecification","valueRequired":true,"valueName":"search_term_string"}}],"inLanguage":"fr-FR"}]}},"_links":{"self":[{"href":"https:\/\/micene.conform.it\/fr\/wp-json\/wp\/v2\/pages\/741","targetHints":{"allow":["GET"]}}],"collection":[{"href":"https:\/\/micene.conform.it\/fr\/wp-json\/wp\/v2\/pages"}],"about":[{"href":"https:\/\/micene.conform.it\/fr\/wp-json\/wp\/v2\/types\/page"}],"author":[{"embeddable":true,"href":"https:\/\/micene.conform.it\/fr\/wp-json\/wp\/v2\/users\/1"}],"replies":[{"embeddable":true,"href":"https:\/\/micene.conform.it\/fr\/wp-json\/wp\/v2\/comments?post=741"}],"version-history":[{"count":5,"href":"https:\/\/micene.conform.it\/fr\/wp-json\/wp\/v2\/pages\/741\/revisions"}],"predecessor-version":[{"id":1438,"href":"https:\/\/micene.conform.it\/fr\/wp-json\/wp\/v2\/pages\/741\/revisions\/1438"}],"wp:featuredmedia":[{"embeddable":true,"href":"https:\/\/micene.conform.it\/fr\/wp-json\/wp\/v2\/media\/627"}],"wp:attachment":[{"href":"https:\/\/micene.conform.it\/fr\/wp-json\/wp\/v2\/media?parent=741"}],"curies":[{"name":"wp","href":"https:\/\/api.w.org\/{rel}","templated":true}]}}