{"id":1084,"date":"2025-06-21T11:03:48","date_gmt":"2025-06-21T11:03:48","guid":{"rendered":"https:\/\/micene.conform.it\/microlearning-pills\/"},"modified":"2025-07-29T10:17:49","modified_gmt":"2025-07-29T10:17:49","slug":"microlearning-pills","status":"publish","type":"page","link":"https:\/\/micene.conform.it\/fr\/microlearning-pills\/","title":{"rendered":"MICROCAPSULES"},"content":{"rendered":"<div class=\"wpb-content-wrapper\"><p>[vc_row padding_top_multiplier=\u00a0\u00bb3x\u00a0\u00bb padding_bottom_multiplier=\u00a0\u00bb\u00a0\u00bb][vc_column]<h3 class=\"grve-element grve-title grve-align-center grve-animated-item grve-duration-normal grve-fade-in-up grve-h6\" style=\"\" data-delay=\"400\"><span><br>\n<h4>Le cours MICE.N.E.<\/h4>\n<\/span><\/h3>[vc_column_text css=\u00a0\u00bb\u00a0\u00bb animation=\u00a0\u00bbgrve-fade-in-down\u00a0\u00bb animation_delay=\u00a0\u00bb400&Prime;]<\/p>\n<p style=\"text-align: justify;\">Les <strong>microcapsules d&rsquo;apprentissage et les sc\u00e9narios \u00e0 embranchements narratifs<\/strong> r\u00e9alis\u00e9s dans le cadre du projet MICENE permettent aux \u00e9tudiants issus de formations en commerce d\u2019acqu\u00e9rir et de maintenir des comp\u00e9tences vertes, num\u00e9riques et manag\u00e9riales afin d\u2019accro\u00eetre la <strong>comp\u00e9titivit\u00e9 du secteur MICE<\/strong>.<\/p>\n<p>[\/vc_column_text]<div class=\"grve-element grve-divider grve-animated-item grve-fade-in-up grve-duration-normal grve-align-center\" style=\"\" data-delay=\"200\"><span class=\"grve-custom-divider grve-bg-primary-1\" style=\"width: 50px;height: 2px;\"><\/span><\/div><div class=\"grve-empty-space grve-height-1x\" style=\"\"><\/div>[vc_column_text css=\u00a0\u00bb\u00a0\u00bb animation=\u00a0\u00bbgrve-fade-in-down\u00a0\u00bb animation_delay=\u00a0\u00bb400&Prime;]<\/p>\n<p style=\"text-align: justify;\">Pour cette raison, nous offrons l\u2019acc\u00e8s \u00e0 un riche \u00e9cosyst\u00e8me de ressources \u00e9ducatives libres (REL) \u2013 toujours disponibles, toujours pertinentes \u2013 propos\u00e9es sous deux formats innovants:<\/p>\n<p>[\/vc_column_text]<div class=\"grve-empty-space grve-height-1x\" style=\"\"><\/div>[\/vc_column][\/vc_row][vc_row padding_top_multiplier=\u00a0\u00bb\u00a0\u00bb padding_bottom_multiplier=\u00a0\u00bb3x\u00a0\u00bb][vc_column width=\u00a0\u00bb1\/3&Prime;]<div class=\"grve-element grve-image grve-align-center\" style=\"\">  <div class=\"grve-image-wrapper\"><img loading=\"lazy\" decoding=\"async\" width=\"800\" height=\"800\" src=\"https:\/\/micene.conform.it\/wp-content\/uploads\/2025\/06\/IMG-Microlearning.webp\" class=\"attachment-full size-full\" alt=\"Microlearning\" srcset=\"https:\/\/micene.conform.it\/wp-content\/uploads\/2025\/06\/IMG-Microlearning.webp 800w, https:\/\/micene.conform.it\/wp-content\/uploads\/2025\/06\/IMG-Microlearning-300x300.webp 300w, https:\/\/micene.conform.it\/wp-content\/uploads\/2025\/06\/IMG-Microlearning-150x150.webp 150w, https:\/\/micene.conform.it\/wp-content\/uploads\/2025\/06\/IMG-Microlearning-768x768.webp 768w, https:\/\/micene.conform.it\/wp-content\/uploads\/2025\/06\/IMG-Microlearning-560x560.webp 560w\" sizes=\"auto, (max-width: 800px) 100vw, 800px\" \/>   <\/div><\/div>[\/vc_column][vc_column width=\u00a0\u00bb2\/3&Prime;]<div class=\"grve-empty-space\" style=\"height: 20px;\"><\/div>[vc_column_text css=\u00a0\u00bb.vc_custom_1753721835254{margin-bottom: 0px !important;border-bottom-width: 0px !important;padding-bottom: 0px !important;}\u00a0\u00bb animation=\u00a0\u00bbgrve-fade-in-down\u00a0\u00bb animation_delay=\u00a0\u00bb400&Prime;]<\/p>\n<ul>\n<li style=\"text-align: justify;\"><strong>Pilules de micro-apprentissage<\/strong> : contenus courts, cibl\u00e9s et imm\u00e9diatement applicables, con\u00e7us pour offrir un apprentissage s\u00e9lectif, efficace et \u00ab juste \u00e0 temps \u00bb en r\u00e9ponse \u00e0 des d\u00e9fis r\u00e9els sur le terrain.<\/li>\n<li style=\"text-align: justify;\"><strong>Sc\u00e9narios narratifs \u00e0 embranchements<\/strong> : parcours d\u2019apprentissage immersifs bas\u00e9s sur une logique de cause \u00e0 effet, permettant aux apprenants d\u2019explorer les cons\u00e9quences positives et n\u00e9gatives de diff\u00e9rents comportements. Parfaits pour apprendre par la r\u00e9flexion, renforcer les comp\u00e9tences et exp\u00e9rimenter la prise de d\u00e9cision dans un environnement virtuel mais \u00e9tonnamment r\u00e9aliste. Ils permettent aux b\u00e9n\u00e9ficiaires de faire des choix qui influenceront le d\u00e9roulement de l\u2019histoire. Les sc\u00e9narios pr\u00e9sentent en effet \u00e0 l\u2019apprenant des situations r\u00e9elles avec plusieurs options \u00e0 choisir pendant la diffusion du contenu p\u00e9dagogique, incluant des moments d\u2019\u00e9valuation et de r\u00e9vision des choix effectu\u00e9s.<\/li>\n<\/ul>\n<p>[\/vc_column_text]<div class=\"grve-empty-space\" style=\"height: 10px;\"><\/div><div class=\"grve-element grve-align-center grve-fluid-button\"><a href=\"https:\/\/erudire.it\/course\/view.php?id=33\" title=\"REJOIGNEZ LE COURS DE MYC\u00c8NES\" target=\"_blank\" rel=\"noopener noreferrer\" class=\"grve-btn grve-btn-medium grve-square grve-bg-primary-1 grve-bg-hover-primary-2\" style=\"max-width: 300px;\"><span>REJOIGNEZ LE COURS DE MYC\u00c8NES<\/span><\/a><\/div>[\/vc_column][\/vc_row][vc_row heading_color=\u00a0\u00bblight\u00a0\u00bb disable_element=\u00a0\u00bbyes\u00a0\u00bb padding_top_multiplier=\u00a0\u00bb2x\u00a0\u00bb padding_bottom_multiplier=\u00a0\u00bb3x\u00a0\u00bb scroll_header_style=\u00a0\u00bbdefault\u00a0\u00bb font_color=\u00a0\u00bb#ffffff\u00a0\u00bb][vc_column]<h3 class=\"grve-element grve-title grve-align-center grve-animated-item grve-duration-normal grve-fade-in-up grve-h6\" style=\"\" data-delay=\"400\"><span><br>\n<h4>Don&rsquo;t miss out on the adventure: hit play now and immerse yourself in a world of excitement!<\/h4>\n<\/span><\/h3><div class=\"grve-empty-space grve-height-1x\" style=\"\"><\/div><div class=\"grve-element grve-video\" style=\"\"><iframe loading=\"lazy\" title=\"Video Brunella\" src=\"https:\/\/player.vimeo.com\/video\/869581059?dnt=1&amp;app_id=122963\" width=\"1080\" height=\"608\" frameborder=\"0\" allow=\"autoplay; fullscreen; picture-in-picture; clipboard-write; encrypted-media; web-share\"><\/iframe><\/div><div class=\"grve-empty-space grve-height-1x\" style=\"\"><\/div>[\/vc_column][\/vc_row][vc_row heading_color=\u00a0\u00bblight\u00a0\u00bb disable_element=\u00a0\u00bbyes\u00a0\u00bb bg_type=\u00a0\u00bbimage\u00a0\u00bb bg_image=\u00a0\u00bb16815&Prime; bg_image_type=\u00a0\u00bbparallax\u00a0\u00bb color_overlay=\u00a0\u00bbprimary-2&Prime; opacity_overlay=\u00a0\u00bb70&Prime; padding_top_multiplier=\u00a0\u00bb6x\u00a0\u00bb padding_bottom_multiplier=\u00a0\u00bb6x\u00a0\u00bb parallax_sensor=\u00a0\u00bb550&Prime; font_color=\u00a0\u00bb#ffffff\u00a0\u00bb section_id=\u00a0\u00bbnewsletters\u00a0\u00bb][vc_column width=\u00a0\u00bb1\/6&Prime;][\/vc_column][vc_column width=\u00a0\u00bb2\/3&Prime;]<h3 class=\"grve-element grve-title grve-align-center grve-h6\" style=\"\"><span><br>\n<h1>Newsletters<\/h1>\n<span class=\"grve-title-line grve-bg-white\" style=\"width: 50px;height: 2px;\"><\/span><\/span><\/h3>[vc_column_text]<\/p>\n<p style=\"text-align: center;\">In this section you can download the newsletters that contains information on project activities.<\/p>\n<p>[\/vc_column_text][\/vc_column][vc_column width=\u00a0\u00bb1\/6&Prime;][\/vc_column][\/vc_row][vc_row heading_color=\u00a0\u00bblight\u00a0\u00bb disable_element=\u00a0\u00bbyes\u00a0\u00bb section_type=\u00a0\u00bbfullwidth\u00a0\u00bb bg_type=\u00a0\u00bbimage\u00a0\u00bb bg_image=\u00a0\u00bb16749&Prime; padding_top_multiplier=\u00a0\u00bb\u00a0\u00bb padding_bottom_multiplier=\u00a0\u00bb\u00a0\u00bb columns_gap=\u00a0\u00bbnone\u00a0\u00bb equal_column_height=\u00a0\u00bbequal-column\u00a0\u00bb parallax_style=\u00a0\u00bbvcpb-default\u00a0\u00bb bg_image_new=\u00a0\u00bbid^16749|url^https:\/\/start.conform.it\/wp-content\/uploads\/2023\/05\/Communication.webp|caption^Communication|alt^Communication|title^Communication|description^Communication\u00a0\u00bb font_color=\u00a0\u00bb#ffffff\u00a0\u00bb][vc_column width=\u00a0\u00bb1\/2&Prime; css=\u00a0\u00bb.vc_custom_1507880751781{padding: 14% !important;}\u00a0\u00bb]<h3 class=\"grve-element grve-title grve-align-left grve-h5\" style=\"\"><span>Eos solum doming ornatus.<\/span><\/h3><h3 class=\"grve-element grve-title grve-align-left grve-small-text\" style=\"margin-bottom: 18px;\"><span><span style=\"color: #000000;\">Situation extremely<\/span><\/span><\/h3>[\/vc_column][vc_column width=\u00a0\u00bb1\/2&Prime; css=\u00a0\u00bb.vc_custom_1699009720039{padding-top: 14% !important;padding-right: 14% !important;padding-bottom: 14% !important;padding-left: 14% !important;}\u00a0\u00bb]<h3 class=\"grve-element grve-title grve-align-left grve-h5\" style=\"\"><span>Eos solum doming ornatus.<\/span><\/h3>[vc_column_text]You one delay nor begin our folly abode. By disposed replying mr me unpacked no. As moonlight of my resolving unwilling. [\/vc_column_text][\/vc_column][\/vc_row][vc_row disable_element=\u00a0\u00bbyes\u00a0\u00bb][vc_column]<div class=\"grve-element grve-slogan grve-align-left grve-animated-item grve-fade-in-down grve-duration-normal\" style=\"\" data-delay=\"400\"><div class=\"grve-btn-wrapper\"><a href=\"https:\/\/start.conform.it\/wp-content\/uploads\/2023\/05\/01-The-impact-of-digitalisation-on-the-tourism-sector-transforming-the-way-we-travel.pdf\" target=\"_blank\" rel=\"noopener noreferrer\" class=\"grve-btn grve-btn-extralarge grve-square grve-bg-primary-1 grve-bg-hover-primary-1 grve-btn-line\"><span><i class=\"fas fa-search-plus\"><\/i>Read More<\/span><\/a><\/div><\/div>[vc_tta_tour][vc_tta_section i_icon_fontawesome=\u00a0\u00bbfar fa-paper-plane\u00a0\u00bb add_icon=\u00a0\u00bbtrue\u00a0\u00bb title=\u00a0\u00bbNewsletter\u00a0\u00bb tab_id=\u00a0\u00bb1699011948224-08403114-c3e9&Prime;][vc_row_inner][vc_column_inner width=\u00a0\u00bb1\/3&Prime;]<div class=\"grve-element grve-counter grve-align-center grve-animated-item grve-fade-in-up grve-duration-normal\" style=\"\" data-delay=\"200\">  <div class=\"grve-counter-icon\">  <i class=\"et-icon-profile-male grve-text-primary-2 grve-medium\"><\/i>  <\/div>  <div class=\"grve-counter-content\">    <div class=\"grve-counter-item grve-h1 grve-text-primary-1 grve-increase-heading grve-heading-140\">      <span data-thousands-separator-vis=\"\" data-thousands-separator=\",\" data-prefix=\"\" data-suffix=\"\" data-start-val=\"0\" data-end-val=\"80\" data-decimal-points=\"0\" data-decimal-separator=\".\" >0<\/span>    <\/div>\t<h3 class=\"grve-counter-title grve-h3\">Tourism Sector Workers Trained<\/h3>  <\/div><\/div>[\/vc_column_inner][vc_column_inner width=\u00a0\u00bb1\/3&Prime;]<div class=\"grve-element grve-counter grve-align-center grve-animated-item grve-fade-in-up grve-duration-normal\" style=\"\" data-delay=\"200\">  <div class=\"grve-counter-icon\">  <i class=\"et-icon-profile-male grve-text-primary-2 grve-medium\"><\/i>  <\/div>  <div class=\"grve-counter-content\">    <div class=\"grve-counter-item grve-h1 grve-text-primary-1 grve-increase-heading grve-heading-140\">      <span data-thousands-separator-vis=\"\" data-thousands-separator=\",\" data-prefix=\"\" data-suffix=\"\" data-start-val=\"0\" data-end-val=\"80\" data-decimal-points=\"0\" data-decimal-separator=\".\" >0<\/span>    <\/div>\t<h3 class=\"grve-counter-title grve-h3\">Tourism Sector Workers Trained<\/h3>  <\/div><\/div>[\/vc_column_inner][vc_column_inner width=\u00a0\u00bb1\/3&Prime;]<div class=\"grve-element grve-counter grve-align-center grve-animated-item grve-fade-in-up grve-duration-normal\" style=\"\" data-delay=\"200\">  <div class=\"grve-counter-icon\">  <i class=\"et-icon-profile-male grve-text-primary-2 grve-medium\"><\/i>  <\/div>  <div class=\"grve-counter-content\">    <div class=\"grve-counter-item grve-h1 grve-text-primary-1 grve-increase-heading grve-heading-140\">      <span data-thousands-separator-vis=\"\" data-thousands-separator=\",\" data-prefix=\"\" data-suffix=\"\" data-start-val=\"0\" data-end-val=\"80\" data-decimal-points=\"0\" data-decimal-separator=\".\" >0<\/span>    <\/div>\t<h3 class=\"grve-counter-title grve-h3\">Tourism Sector Workers Trained<\/h3>  <\/div><\/div>[\/vc_column_inner][\/vc_row_inner][\/vc_tta_section][vc_tta_section title=\u00a0\u00bbSezione 2&Prime; tab_id=\u00a0\u00bb1699011950064-fb19e031-b4cd\u00a0\u00bb][\/vc_tta_section][\/vc_tta_tour][\/vc_column][\/vc_row]<\/p>\n<\/div>","protected":false},"excerpt":{"rendered":"<p>[vc_row padding_top_multiplier=\u00a0\u00bb3x\u00a0\u00bb padding_bottom_multiplier=\u00a0\u00bb\u00a0\u00bb][vc_column][vc_column_text css=\u00a0\u00bb\u00a0\u00bb animation=\u00a0\u00bbgrve-fade-in-down\u00a0\u00bb animation_delay=\u00a0\u00bb400&Prime;] Les microcapsules d&rsquo;apprentissage et les sc\u00e9narios \u00e0 embranchements narratifs r\u00e9alis\u00e9s dans le cadre du projet MICENE permettent aux \u00e9tudiants issus de formations en commerce d\u2019acqu\u00e9rir et de maintenir des comp\u00e9tences vertes, num\u00e9riques et manag\u00e9riales afin d\u2019accro\u00eetre la comp\u00e9titivit\u00e9 du secteur MICE. [\/vc_column_text][vc_column_text css=\u00a0\u00bb\u00a0\u00bb animation=\u00a0\u00bbgrve-fade-in-down\u00a0\u00bb animation_delay=\u00a0\u00bb400&Prime;] Pour cette raison, nous [&hellip;]<\/p>\n","protected":false},"author":1,"featured_media":943,"parent":0,"menu_order":0,"comment_status":"closed","ping_status":"closed","template":"","meta":{"footnotes":""},"class_list":["post-1084","page","type-page","status-publish","has-post-thumbnail","hentry"],"yoast_head":"<!-- This site is optimized with the Yoast SEO plugin v27.5 - https:\/\/yoast.com\/product\/yoast-seo-wordpress\/ -->\n<title>MICROCAPSULES - MICENE<\/title>\n<meta name=\"description\" content=\"Les microcapsules d&#039;apprentissage et les sc\u00e9narios \u00e0 embranchements narratifs r\u00e9alis\u00e9s dans le cadre du projet MICENE permettent aux...\" \/>\n<meta name=\"robots\" content=\"index, follow, max-snippet:-1, max-image-preview:large, max-video-preview:-1\" \/>\n<link rel=\"canonical\" href=\"https:\/\/micene.conform.it\/fr\/microlearning-pills\/\" \/>\n<meta property=\"og:locale\" content=\"fr_FR\" \/>\n<meta property=\"og:type\" content=\"article\" \/>\n<meta property=\"og:title\" content=\"MICROCAPSULES - MICENE\" \/>\n<meta property=\"og:description\" content=\"Les microcapsules d&#039;apprentissage et les sc\u00e9narios \u00e0 embranchements narratifs r\u00e9alis\u00e9s dans le cadre du projet MICENE permettent aux...\" \/>\n<meta property=\"og:url\" content=\"https:\/\/micene.conform.it\/fr\/microlearning-pills\/\" \/>\n<meta property=\"og:site_name\" content=\"MICENE\" \/>\n<meta property=\"article:modified_time\" content=\"2025-07-29T10:17:49+00:00\" \/>\n<meta property=\"og:image\" content=\"https:\/\/micene.conform.it\/wp-content\/uploads\/2025\/06\/Microlearning.webp\" \/>\n\t<meta property=\"og:image:width\" content=\"1920\" \/>\n\t<meta property=\"og:image:height\" content=\"500\" \/>\n\t<meta property=\"og:image:type\" content=\"image\/webp\" \/>\n<meta name=\"twitter:card\" content=\"summary_large_image\" \/>\n<meta name=\"twitter:label1\" content=\"Dur\u00e9e de lecture estim\u00e9e\" \/>\n\t<meta name=\"twitter:data1\" content=\"3 minutes\" \/>\n<script type=\"application\/ld+json\" class=\"yoast-schema-graph\">{\"@context\":\"https:\\\/\\\/schema.org\",\"@graph\":[{\"@type\":\"WebPage\",\"@id\":\"https:\\\/\\\/micene.conform.it\\\/fr\\\/microlearning-pills\\\/\",\"url\":\"https:\\\/\\\/micene.conform.it\\\/fr\\\/microlearning-pills\\\/\",\"name\":\"MICROCAPSULES - MICENE\",\"isPartOf\":{\"@id\":\"https:\\\/\\\/micene.conform.it\\\/fr\\\/#website\"},\"primaryImageOfPage\":{\"@id\":\"https:\\\/\\\/micene.conform.it\\\/fr\\\/microlearning-pills\\\/#primaryimage\"},\"image\":{\"@id\":\"https:\\\/\\\/micene.conform.it\\\/fr\\\/microlearning-pills\\\/#primaryimage\"},\"thumbnailUrl\":\"https:\\\/\\\/micene.conform.it\\\/wp-content\\\/uploads\\\/2025\\\/06\\\/Microlearning.webp\",\"datePublished\":\"2025-06-21T11:03:48+00:00\",\"dateModified\":\"2025-07-29T10:17:49+00:00\",\"description\":\"Les microcapsules d'apprentissage et les sc\u00e9narios \u00e0 embranchements narratifs r\u00e9alis\u00e9s dans le cadre du projet MICENE permettent aux...\",\"breadcrumb\":{\"@id\":\"https:\\\/\\\/micene.conform.it\\\/fr\\\/microlearning-pills\\\/#breadcrumb\"},\"inLanguage\":\"fr-FR\",\"potentialAction\":[{\"@type\":\"ReadAction\",\"target\":[\"https:\\\/\\\/micene.conform.it\\\/fr\\\/microlearning-pills\\\/\"]}]},{\"@type\":\"ImageObject\",\"inLanguage\":\"fr-FR\",\"@id\":\"https:\\\/\\\/micene.conform.it\\\/fr\\\/microlearning-pills\\\/#primaryimage\",\"url\":\"https:\\\/\\\/micene.conform.it\\\/wp-content\\\/uploads\\\/2025\\\/06\\\/Microlearning.webp\",\"contentUrl\":\"https:\\\/\\\/micene.conform.it\\\/wp-content\\\/uploads\\\/2025\\\/06\\\/Microlearning.webp\",\"width\":1920,\"height\":500,\"caption\":\"Microlearning\"},{\"@type\":\"BreadcrumbList\",\"@id\":\"https:\\\/\\\/micene.conform.it\\\/fr\\\/microlearning-pills\\\/#breadcrumb\",\"itemListElement\":[{\"@type\":\"ListItem\",\"position\":1,\"name\":\"Home\",\"item\":\"https:\\\/\\\/micene.conform.it\\\/fr\\\/\"},{\"@type\":\"ListItem\",\"position\":2,\"name\":\"MICROCAPSULES\"}]},{\"@type\":\"WebSite\",\"@id\":\"https:\\\/\\\/micene.conform.it\\\/fr\\\/#website\",\"url\":\"https:\\\/\\\/micene.conform.it\\\/fr\\\/\",\"name\":\"MICENE\",\"description\":\"Mice Next Evolution\",\"potentialAction\":[{\"@type\":\"SearchAction\",\"target\":{\"@type\":\"EntryPoint\",\"urlTemplate\":\"https:\\\/\\\/micene.conform.it\\\/fr\\\/?s={search_term_string}\"},\"query-input\":{\"@type\":\"PropertyValueSpecification\",\"valueRequired\":true,\"valueName\":\"search_term_string\"}}],\"inLanguage\":\"fr-FR\"}]}<\/script>\n<!-- \/ Yoast SEO plugin. -->","yoast_head_json":{"title":"MICROCAPSULES - MICENE","description":"Les microcapsules d'apprentissage et les sc\u00e9narios \u00e0 embranchements narratifs r\u00e9alis\u00e9s dans le cadre du projet MICENE permettent aux...","robots":{"index":"index","follow":"follow","max-snippet":"max-snippet:-1","max-image-preview":"max-image-preview:large","max-video-preview":"max-video-preview:-1"},"canonical":"https:\/\/micene.conform.it\/fr\/microlearning-pills\/","og_locale":"fr_FR","og_type":"article","og_title":"MICROCAPSULES - MICENE","og_description":"Les microcapsules d'apprentissage et les sc\u00e9narios \u00e0 embranchements narratifs r\u00e9alis\u00e9s dans le cadre du projet MICENE permettent aux...","og_url":"https:\/\/micene.conform.it\/fr\/microlearning-pills\/","og_site_name":"MICENE","article_modified_time":"2025-07-29T10:17:49+00:00","og_image":[{"width":1920,"height":500,"url":"https:\/\/micene.conform.it\/wp-content\/uploads\/2025\/06\/Microlearning.webp","type":"image\/webp"}],"twitter_card":"summary_large_image","twitter_misc":{"Dur\u00e9e de lecture estim\u00e9e":"3 minutes"},"schema":{"@context":"https:\/\/schema.org","@graph":[{"@type":"WebPage","@id":"https:\/\/micene.conform.it\/fr\/microlearning-pills\/","url":"https:\/\/micene.conform.it\/fr\/microlearning-pills\/","name":"MICROCAPSULES - MICENE","isPartOf":{"@id":"https:\/\/micene.conform.it\/fr\/#website"},"primaryImageOfPage":{"@id":"https:\/\/micene.conform.it\/fr\/microlearning-pills\/#primaryimage"},"image":{"@id":"https:\/\/micene.conform.it\/fr\/microlearning-pills\/#primaryimage"},"thumbnailUrl":"https:\/\/micene.conform.it\/wp-content\/uploads\/2025\/06\/Microlearning.webp","datePublished":"2025-06-21T11:03:48+00:00","dateModified":"2025-07-29T10:17:49+00:00","description":"Les microcapsules d'apprentissage et les sc\u00e9narios \u00e0 embranchements narratifs r\u00e9alis\u00e9s dans le cadre du projet MICENE permettent aux...","breadcrumb":{"@id":"https:\/\/micene.conform.it\/fr\/microlearning-pills\/#breadcrumb"},"inLanguage":"fr-FR","potentialAction":[{"@type":"ReadAction","target":["https:\/\/micene.conform.it\/fr\/microlearning-pills\/"]}]},{"@type":"ImageObject","inLanguage":"fr-FR","@id":"https:\/\/micene.conform.it\/fr\/microlearning-pills\/#primaryimage","url":"https:\/\/micene.conform.it\/wp-content\/uploads\/2025\/06\/Microlearning.webp","contentUrl":"https:\/\/micene.conform.it\/wp-content\/uploads\/2025\/06\/Microlearning.webp","width":1920,"height":500,"caption":"Microlearning"},{"@type":"BreadcrumbList","@id":"https:\/\/micene.conform.it\/fr\/microlearning-pills\/#breadcrumb","itemListElement":[{"@type":"ListItem","position":1,"name":"Home","item":"https:\/\/micene.conform.it\/fr\/"},{"@type":"ListItem","position":2,"name":"MICROCAPSULES"}]},{"@type":"WebSite","@id":"https:\/\/micene.conform.it\/fr\/#website","url":"https:\/\/micene.conform.it\/fr\/","name":"MICENE","description":"Mice Next Evolution","potentialAction":[{"@type":"SearchAction","target":{"@type":"EntryPoint","urlTemplate":"https:\/\/micene.conform.it\/fr\/?s={search_term_string}"},"query-input":{"@type":"PropertyValueSpecification","valueRequired":true,"valueName":"search_term_string"}}],"inLanguage":"fr-FR"}]}},"_links":{"self":[{"href":"https:\/\/micene.conform.it\/fr\/wp-json\/wp\/v2\/pages\/1084","targetHints":{"allow":["GET"]}}],"collection":[{"href":"https:\/\/micene.conform.it\/fr\/wp-json\/wp\/v2\/pages"}],"about":[{"href":"https:\/\/micene.conform.it\/fr\/wp-json\/wp\/v2\/types\/page"}],"author":[{"embeddable":true,"href":"https:\/\/micene.conform.it\/fr\/wp-json\/wp\/v2\/users\/1"}],"replies":[{"embeddable":true,"href":"https:\/\/micene.conform.it\/fr\/wp-json\/wp\/v2\/comments?post=1084"}],"version-history":[{"count":3,"href":"https:\/\/micene.conform.it\/fr\/wp-json\/wp\/v2\/pages\/1084\/revisions"}],"predecessor-version":[{"id":1131,"href":"https:\/\/micene.conform.it\/fr\/wp-json\/wp\/v2\/pages\/1084\/revisions\/1131"}],"wp:featuredmedia":[{"embeddable":true,"href":"https:\/\/micene.conform.it\/fr\/wp-json\/wp\/v2\/media\/943"}],"wp:attachment":[{"href":"https:\/\/micene.conform.it\/fr\/wp-json\/wp\/v2\/media?parent=1084"}],"curies":[{"name":"wp","href":"https:\/\/api.w.org\/{rel}","templated":true}]}}