{"id":893,"date":"2024-10-25T19:07:29","date_gmt":"2024-10-25T19:07:29","guid":{"rendered":"https:\/\/micene.conform.it\/mice-management-he-curriculum\/"},"modified":"2026-02-04T18:00:59","modified_gmt":"2026-02-04T18:00:59","slug":"mice-management-he-curriculum","status":"publish","type":"page","link":"https:\/\/micene.conform.it\/es\/mice-management-he-curriculum\/","title":{"rendered":"MICE GESTI\u00d3N ES CURRICULAR"},"content":{"rendered":"<div class=\"wpb-content-wrapper\"><p>[vc_row padding_top_multiplier=\u00bb3x\u00bb padding_bottom_multiplier=\u00bb\u00bb][vc_column]<style type=\"text\/css\">.grve-title-gradient.grve-title-69e884790afa5 > span,.grve-title-gradient.grve-title-69e884790afa5 .grve-clipping-content > span {color: #1a3e79;background-image: -moz-linear-gradient(-45deg, #1a3e79 0%, #1a3e79 100%);background-image: -webkit-linear-gradient(-45deg, #1a3e79 0%, #1a3e79 100%);background-image: linear-gradient(135deg, #1a3e79 0%, #1a3e79 100%);}<\/style><h3 class=\"grve-element grve-title grve-align-center grve-animated-item grve-duration-normal grve-fade-in-up grve-h6 grve-title-gradient grve-title-69e884790afa5\" style=\"\" data-delay=\"400\"><span><br>\n<h4>El \u00e1rea curricular del proyecto MICE.N.E<\/h4>\n<\/span><\/h3><div class=\"grve-element grve-divider grve-animated-item grve-fade-in-up grve-duration-normal grve-align-center\" style=\"\" data-delay=\"200\"><span class=\"grve-custom-divider grve-bg-primary-1\" style=\"width: 50px;height: 2px;\"><\/span><\/div><div class=\"grve-empty-space grve-height-1x\" style=\"\"><\/div>[vc_column_text css=\u00bb\u00bb animation=\u00bbgrve-fade-in-down\u00bb animation_delay=\u00bb400&#8243;]<\/p>\n<p style=\"text-align: justify;\">El Microdise\u00f1o del <strong>Plan de Estudios de Educaci\u00f3n Superior para la Gesti\u00f3n MICE<\/strong> sirve como plan estrat\u00e9gico, guiando a los estudiantes europeos con formaci\u00f3n econ\u00f3mica a trav\u00e9s de un viaje experiencial de conocimientos especializados. Este programa equilibra las competencias de gesti\u00f3n, digitales y ecol\u00f3gicas, alineando su experiencia con las demandas cambiantes del sector MICE. Al igual que los arquitectos de su futuro profesional, los estudiantes dan forma y redefinen sus competencias, con el apoyo de un plan de estudios desarrollado en colaboraci\u00f3n entre las universidades y los socios de la industria, fomentando tanto el crecimiento empresarial competitivo como el desarrollo enriquecido de los estudiantes dentro de las transiciones verde y digital.<\/p>\n<p>[\/vc_column_text]<div class=\"grve-empty-space grve-height-1x\" style=\"\"><\/div>[\/vc_column][\/vc_row][vc_row padding_top_multiplier=\u00bb\u00bb padding_bottom_multiplier=\u00bb3x\u00bb][vc_column width=\u00bb1\/3&#8243;]<div class=\"grve-element grve-image grve-align-center\" style=\"\">  <div class=\"grve-image-wrapper\"><img loading=\"lazy\" decoding=\"async\" width=\"800\" height=\"800\" src=\"https:\/\/micene.conform.it\/wp-content\/uploads\/2024\/10\/IMG-Mice-Management-He-Curriculum.webp\" class=\"attachment-full size-full\" alt=\"\" srcset=\"https:\/\/micene.conform.it\/wp-content\/uploads\/2024\/10\/IMG-Mice-Management-He-Curriculum.webp 800w, https:\/\/micene.conform.it\/wp-content\/uploads\/2024\/10\/IMG-Mice-Management-He-Curriculum-300x300.webp 300w, https:\/\/micene.conform.it\/wp-content\/uploads\/2024\/10\/IMG-Mice-Management-He-Curriculum-150x150.webp 150w, https:\/\/micene.conform.it\/wp-content\/uploads\/2024\/10\/IMG-Mice-Management-He-Curriculum-768x768.webp 768w, https:\/\/micene.conform.it\/wp-content\/uploads\/2024\/10\/IMG-Mice-Management-He-Curriculum-560x560.webp 560w\" sizes=\"auto, (max-width: 800px) 100vw, 800px\" \/>   <\/div><\/div>[\/vc_column][vc_column width=\u00bb2\/3&#8243;]<div class=\"grve-empty-space grve-height-1x\" style=\"\"><\/div>[vc_column_text css=\u00bb\u00bb animation=\u00bbgrve-fade-in-down\u00bb animation_delay=\u00bb400&#8243;]<strong>Los socios elaboraron el plan de estudios mediante dos actividades integradas:<\/strong><\/p>\n<ul>\n<li>la <strong>REVISI\u00d3N DEL AN\u00c1LISIS DE NECESIDADES BASADO EN EL ESCRITORIO<\/strong> que sirvi\u00f3 de br\u00fajula para orientar el dise\u00f1o del plan de estudios e identificar sus elementos constitutivos<\/li>\n<li>el <strong>AN\u00c1LISIS DE CAMPO<\/strong>, a trav\u00e9s de una serie de talleres de validaci\u00f3n con profesores y representantes del sector MICE, que crearon un v\u00f3rtice din\u00e1mico de compromiso<\/li>\n<\/ul>\n<p><strong>Haga clic en los botones siguientes para descargar el plan de estudios de la MICE.N.E.<\/strong>[\/vc_column_text]<div class=\"grve-empty-space grve-height-1x\" style=\"\"><\/div>[vc_row_inner][vc_column_inner width=\u00bb1\/12&#8243;][\/vc_column_inner][vc_column_inner width=\u00bb5\/12&#8243;]<div class=\"grve-element grve-align-center grve-fluid-button\"><a href=\"https:\/\/micene.conform.it\/wp-content\/uploads\/2026\/02\/WP2_MICENE_HE-MICE-Management-Curriculum_ES.pdf\" target=\"_blank\" rel=\"noopener noreferrer\" class=\"grve-btn grve-btn-medium grve-square grve-bg-primary-1 grve-bg-hover-primary-2\" style=\"max-width: 250px;\"><span>EL PLAN DE ESTUDIOS DEL MICE.N.E.<\/span><\/a><\/div><div class=\"grve-empty-space\" style=\"height: 20px;\"><\/div>[\/vc_column_inner][vc_column_inner width=\u00bb5\/12&#8243;][\/vc_column_inner][vc_column_inner width=\u00bb1\/12&#8243;][\/vc_column_inner][\/vc_row_inner][\/vc_column][\/vc_row][vc_row heading_color=\u00bblight\u00bb disable_element=\u00bbyes\u00bb padding_top_multiplier=\u00bb2x\u00bb padding_bottom_multiplier=\u00bb3x\u00bb scroll_header_style=\u00bbdefault\u00bb font_color=\u00bb#ffffff\u00bb][vc_column]<h3 class=\"grve-element grve-title grve-align-center grve-animated-item grve-duration-normal grve-fade-in-up grve-h6\" style=\"\" data-delay=\"400\"><span><br>\n<h4>Don&#8217;t miss out on the adventure: hit play now and immerse yourself in a world of excitement!<\/h4>\n<\/span><\/h3><div class=\"grve-empty-space grve-height-1x\" style=\"\"><\/div><div class=\"grve-element grve-video\" style=\"\"><iframe loading=\"lazy\" title=\"Video Brunella\" src=\"https:\/\/player.vimeo.com\/video\/869581059?dnt=1&amp;app_id=122963\" width=\"1080\" height=\"608\" frameborder=\"0\" allow=\"autoplay; fullscreen; picture-in-picture; clipboard-write\"><\/iframe><\/div><div class=\"grve-empty-space grve-height-1x\" style=\"\"><\/div>[\/vc_column][\/vc_row][vc_row disable_element=\u00bbyes\u00bb][vc_column][vc_column_text css=\u00bb\u00bb]<\/p>\n<p style=\"text-align: center;\"><a href=\"https:\/\/micene.conform.it\/es\/privacy-policy\/\">internal<\/a><\/p>\n<p>&nbsp;<\/p>\n<p style=\"text-align: center;\"><a href=\"https:\/\/conform.it\/privacy-policy\/\">esternal<\/a><\/p>\n<p>&nbsp;<\/p>\n<p>[\/vc_column_text][\/vc_column][\/vc_row][vc_row heading_color=\u00bblight\u00bb disable_element=\u00bbyes\u00bb bg_type=\u00bbimage\u00bb bg_image=\u00bb16815&#8243; bg_image_type=\u00bbparallax\u00bb color_overlay=\u00bbprimary-2&#8243; opacity_overlay=\u00bb70&#8243; padding_top_multiplier=\u00bb6x\u00bb padding_bottom_multiplier=\u00bb6x\u00bb parallax_sensor=\u00bb550&#8243; font_color=\u00bb#ffffff\u00bb section_id=\u00bbnewsletters\u00bb][vc_column width=\u00bb1\/6&#8243;][\/vc_column][vc_column width=\u00bb2\/3&#8243;]<h3 class=\"grve-element grve-title grve-align-center grve-h6\" style=\"\"><span><br>\n<h1>Newsletters<\/h1>\n<span class=\"grve-title-line grve-bg-white\" style=\"width: 50px;height: 2px;\"><\/span><\/span><\/h3>[vc_column_text]<\/p>\n<p style=\"text-align: center;\">In this section you can download the newsletters that contains information on project activities.<\/p>\n<p>[\/vc_column_text][\/vc_column][vc_column width=\u00bb1\/6&#8243;][\/vc_column][\/vc_row][vc_row heading_color=\u00bblight\u00bb disable_element=\u00bbyes\u00bb section_type=\u00bbfullwidth\u00bb bg_type=\u00bbimage\u00bb bg_image=\u00bb16749&#8243; padding_top_multiplier=\u00bb\u00bb padding_bottom_multiplier=\u00bb\u00bb columns_gap=\u00bbnone\u00bb equal_column_height=\u00bbequal-column\u00bb parallax_style=\u00bbvcpb-default\u00bb bg_image_new=\u00bbid^16749|url^https:\/\/start.conform.it\/wp-content\/uploads\/2023\/05\/Communication.webp|caption^Communication|alt^Communication|title^Communication|description^Communication\u00bb font_color=\u00bb#ffffff\u00bb][vc_column width=\u00bb1\/2&#8243; css=\u00bb.vc_custom_1507880751781{padding: 14% !important;}\u00bb]<h3 class=\"grve-element grve-title grve-align-left grve-h5\" style=\"\"><span>Eos solum doming ornatus.<\/span><\/h3><h3 class=\"grve-element grve-title grve-align-left grve-small-text\" style=\"margin-bottom: 18px;\"><span><span style=\"color: #000000;\">Situation extremely<\/span><\/span><\/h3>[\/vc_column][vc_column width=\u00bb1\/2&#8243; css=\u00bb.vc_custom_1699009720039{padding-top: 14% !important;padding-right: 14% !important;padding-bottom: 14% !important;padding-left: 14% !important;}\u00bb]<h3 class=\"grve-element grve-title grve-align-left grve-h5\" style=\"\"><span>Eos solum doming ornatus.<\/span><\/h3>[vc_column_text]You one delay nor begin our folly abode. By disposed replying mr me unpacked no. As moonlight of my resolving unwilling. [\/vc_column_text][\/vc_column][\/vc_row][vc_row disable_element=\u00bbyes\u00bb][vc_column]<div class=\"grve-element grve-slogan grve-align-left grve-animated-item grve-fade-in-down grve-duration-normal\" style=\"\" data-delay=\"400\"><div class=\"grve-btn-wrapper\"><a href=\"https:\/\/start.conform.it\/wp-content\/uploads\/2023\/05\/01-The-impact-of-digitalisation-on-the-tourism-sector-transforming-the-way-we-travel.pdf\" target=\"_blank\" rel=\"noopener noreferrer\" class=\"grve-btn grve-btn-extralarge grve-square grve-bg-primary-1 grve-bg-hover-primary-1 grve-btn-line\"><span><i class=\"fas fa-search-plus\"><\/i>Read More<\/span><\/a><\/div><\/div>[vc_tta_tour][vc_tta_section i_icon_fontawesome=\u00bbfar fa-paper-plane\u00bb add_icon=\u00bbtrue\u00bb title=\u00bbNewsletter\u00bb tab_id=\u00bb1699011948224-08403114-c3e9&#8243;][vc_row_inner][vc_column_inner width=\u00bb1\/3&#8243;]<div class=\"grve-element grve-counter grve-align-center grve-animated-item grve-fade-in-up grve-duration-normal\" style=\"\" data-delay=\"200\">  <div class=\"grve-counter-icon\">  <i class=\"et-icon-profile-male grve-text-primary-2 grve-medium\"><\/i>  <\/div>  <div class=\"grve-counter-content\">    <div class=\"grve-counter-item grve-h1 grve-text-primary-1 grve-increase-heading grve-heading-140\">      <span data-thousands-separator-vis=\"\" data-thousands-separator=\",\" data-prefix=\"\" data-suffix=\"\" data-start-val=\"0\" data-end-val=\"80\" data-decimal-points=\"0\" data-decimal-separator=\".\" >0<\/span>    <\/div>\t<h3 class=\"grve-counter-title grve-h3\">Tourism Sector Workers Trained<\/h3>  <\/div><\/div>[\/vc_column_inner][vc_column_inner width=\u00bb1\/3&#8243;]<div class=\"grve-element grve-counter grve-align-center grve-animated-item grve-fade-in-up grve-duration-normal\" style=\"\" data-delay=\"200\">  <div class=\"grve-counter-icon\">  <i class=\"et-icon-profile-male grve-text-primary-2 grve-medium\"><\/i>  <\/div>  <div class=\"grve-counter-content\">    <div class=\"grve-counter-item grve-h1 grve-text-primary-1 grve-increase-heading grve-heading-140\">      <span data-thousands-separator-vis=\"\" data-thousands-separator=\",\" data-prefix=\"\" data-suffix=\"\" data-start-val=\"0\" data-end-val=\"80\" data-decimal-points=\"0\" data-decimal-separator=\".\" >0<\/span>    <\/div>\t<h3 class=\"grve-counter-title grve-h3\">Tourism Sector Workers Trained<\/h3>  <\/div><\/div>[\/vc_column_inner][vc_column_inner width=\u00bb1\/3&#8243;]<div class=\"grve-element grve-counter grve-align-center grve-animated-item grve-fade-in-up grve-duration-normal\" style=\"\" data-delay=\"200\">  <div class=\"grve-counter-icon\">  <i class=\"et-icon-profile-male grve-text-primary-2 grve-medium\"><\/i>  <\/div>  <div class=\"grve-counter-content\">    <div class=\"grve-counter-item grve-h1 grve-text-primary-1 grve-increase-heading grve-heading-140\">      <span data-thousands-separator-vis=\"\" data-thousands-separator=\",\" data-prefix=\"\" data-suffix=\"\" data-start-val=\"0\" data-end-val=\"80\" data-decimal-points=\"0\" data-decimal-separator=\".\" >0<\/span>    <\/div>\t<h3 class=\"grve-counter-title grve-h3\">Tourism Sector Workers Trained<\/h3>  <\/div><\/div>[\/vc_column_inner][\/vc_row_inner][\/vc_tta_section][vc_tta_section title=\u00bbSezione 2&#8243; tab_id=\u00bb1699011950064-fb19e031-b4cd\u00bb][\/vc_tta_section][\/vc_tta_tour][\/vc_column][\/vc_row]<\/p>\n<\/div>","protected":false},"excerpt":{"rendered":"<p>[vc_row padding_top_multiplier=\u00bb3x\u00bb padding_bottom_multiplier=\u00bb\u00bb][vc_column][vc_column_text css=\u00bb\u00bb animation=\u00bbgrve-fade-in-down\u00bb animation_delay=\u00bb400&#8243;] El Microdise\u00f1o del Plan de Estudios de Educaci\u00f3n Superior para la Gesti\u00f3n MICE sirve como plan estrat\u00e9gico, guiando a los estudiantes europeos con formaci\u00f3n econ\u00f3mica a trav\u00e9s de un viaje experiencial de conocimientos especializados. Este programa equilibra las competencias de gesti\u00f3n, digitales y ecol\u00f3gicas, alineando su experiencia con las [&hellip;]<\/p>\n","protected":false},"author":1,"featured_media":631,"parent":0,"menu_order":0,"comment_status":"closed","ping_status":"closed","template":"","meta":{"footnotes":""},"class_list":["post-893","page","type-page","status-publish","has-post-thumbnail","hentry"],"yoast_head":"<!-- This site is optimized with the Yoast SEO plugin v27.4 - https:\/\/yoast.com\/product\/yoast-seo-wordpress\/ -->\n<title>MICE GESTI\u00d3N ES CURRICULAR - MICENE<\/title>\n<meta name=\"description\" content=\"El Micro-design of the Higher Education Curriculum for MICE Management sirve como plan estrat\u00e9gico, guiando a los estudiantes europeos con...\" \/>\n<meta name=\"robots\" content=\"index, follow, max-snippet:-1, max-image-preview:large, max-video-preview:-1\" \/>\n<link rel=\"canonical\" href=\"https:\/\/micene.conform.it\/es\/mice-management-he-curriculum\/\" \/>\n<meta property=\"og:locale\" content=\"es_ES\" \/>\n<meta property=\"og:type\" content=\"article\" \/>\n<meta property=\"og:title\" content=\"MICE GESTI\u00d3N ES CURRICULAR - MICENE\" \/>\n<meta property=\"og:description\" content=\"El Micro-design of the Higher Education Curriculum for MICE Management sirve como plan estrat\u00e9gico, guiando a los estudiantes europeos con...\" \/>\n<meta property=\"og:url\" content=\"https:\/\/micene.conform.it\/es\/mice-management-he-curriculum\/\" \/>\n<meta property=\"og:site_name\" content=\"MICENE\" \/>\n<meta property=\"article:modified_time\" content=\"2026-02-04T18:00:59+00:00\" \/>\n<meta property=\"og:image\" content=\"https:\/\/micene.conform.it\/wp-content\/uploads\/2024\/10\/Mice-Management-He-Curriculum.webp\" \/>\n\t<meta property=\"og:image:width\" content=\"1920\" \/>\n\t<meta property=\"og:image:height\" content=\"500\" \/>\n\t<meta property=\"og:image:type\" content=\"image\/webp\" \/>\n<meta name=\"twitter:card\" content=\"summary_large_image\" \/>\n<meta name=\"twitter:label1\" content=\"Tiempo de lectura\" \/>\n\t<meta name=\"twitter:data1\" content=\"3 minutos\" \/>\n<script type=\"application\/ld+json\" class=\"yoast-schema-graph\">{\"@context\":\"https:\\\/\\\/schema.org\",\"@graph\":[{\"@type\":\"WebPage\",\"@id\":\"https:\\\/\\\/micene.conform.it\\\/es\\\/mice-management-he-curriculum\\\/\",\"url\":\"https:\\\/\\\/micene.conform.it\\\/es\\\/mice-management-he-curriculum\\\/\",\"name\":\"MICE GESTI\u00d3N ES CURRICULAR - MICENE\",\"isPartOf\":{\"@id\":\"https:\\\/\\\/micene.conform.it\\\/es\\\/#website\"},\"primaryImageOfPage\":{\"@id\":\"https:\\\/\\\/micene.conform.it\\\/es\\\/mice-management-he-curriculum\\\/#primaryimage\"},\"image\":{\"@id\":\"https:\\\/\\\/micene.conform.it\\\/es\\\/mice-management-he-curriculum\\\/#primaryimage\"},\"thumbnailUrl\":\"https:\\\/\\\/micene.conform.it\\\/wp-content\\\/uploads\\\/2024\\\/10\\\/Mice-Management-He-Curriculum.webp\",\"datePublished\":\"2024-10-25T19:07:29+00:00\",\"dateModified\":\"2026-02-04T18:00:59+00:00\",\"description\":\"El Micro-design of the Higher Education Curriculum for MICE Management sirve como plan estrat\u00e9gico, guiando a los estudiantes europeos con...\",\"breadcrumb\":{\"@id\":\"https:\\\/\\\/micene.conform.it\\\/es\\\/mice-management-he-curriculum\\\/#breadcrumb\"},\"inLanguage\":\"es\",\"potentialAction\":[{\"@type\":\"ReadAction\",\"target\":[\"https:\\\/\\\/micene.conform.it\\\/es\\\/mice-management-he-curriculum\\\/\"]}]},{\"@type\":\"ImageObject\",\"inLanguage\":\"es\",\"@id\":\"https:\\\/\\\/micene.conform.it\\\/es\\\/mice-management-he-curriculum\\\/#primaryimage\",\"url\":\"https:\\\/\\\/micene.conform.it\\\/wp-content\\\/uploads\\\/2024\\\/10\\\/Mice-Management-He-Curriculum.webp\",\"contentUrl\":\"https:\\\/\\\/micene.conform.it\\\/wp-content\\\/uploads\\\/2024\\\/10\\\/Mice-Management-He-Curriculum.webp\",\"width\":1920,\"height\":500,\"caption\":\"Mice Management He Curriculum\"},{\"@type\":\"BreadcrumbList\",\"@id\":\"https:\\\/\\\/micene.conform.it\\\/es\\\/mice-management-he-curriculum\\\/#breadcrumb\",\"itemListElement\":[{\"@type\":\"ListItem\",\"position\":1,\"name\":\"Home\",\"item\":\"https:\\\/\\\/micene.conform.it\\\/es\\\/\"},{\"@type\":\"ListItem\",\"position\":2,\"name\":\"MICE GESTI\u00d3N ES CURRICULAR\"}]},{\"@type\":\"WebSite\",\"@id\":\"https:\\\/\\\/micene.conform.it\\\/es\\\/#website\",\"url\":\"https:\\\/\\\/micene.conform.it\\\/es\\\/\",\"name\":\"MICENE\",\"description\":\"Mice Next Evolution\",\"potentialAction\":[{\"@type\":\"SearchAction\",\"target\":{\"@type\":\"EntryPoint\",\"urlTemplate\":\"https:\\\/\\\/micene.conform.it\\\/es\\\/?s={search_term_string}\"},\"query-input\":{\"@type\":\"PropertyValueSpecification\",\"valueRequired\":true,\"valueName\":\"search_term_string\"}}],\"inLanguage\":\"es\"}]}<\/script>\n<!-- \/ Yoast SEO plugin. -->","yoast_head_json":{"title":"MICE GESTI\u00d3N ES CURRICULAR - MICENE","description":"El Micro-design of the Higher Education Curriculum for MICE Management sirve como plan estrat\u00e9gico, guiando a los estudiantes europeos con...","robots":{"index":"index","follow":"follow","max-snippet":"max-snippet:-1","max-image-preview":"max-image-preview:large","max-video-preview":"max-video-preview:-1"},"canonical":"https:\/\/micene.conform.it\/es\/mice-management-he-curriculum\/","og_locale":"es_ES","og_type":"article","og_title":"MICE GESTI\u00d3N ES CURRICULAR - MICENE","og_description":"El Micro-design of the Higher Education Curriculum for MICE Management sirve como plan estrat\u00e9gico, guiando a los estudiantes europeos con...","og_url":"https:\/\/micene.conform.it\/es\/mice-management-he-curriculum\/","og_site_name":"MICENE","article_modified_time":"2026-02-04T18:00:59+00:00","og_image":[{"width":1920,"height":500,"url":"https:\/\/micene.conform.it\/wp-content\/uploads\/2024\/10\/Mice-Management-He-Curriculum.webp","type":"image\/webp"}],"twitter_card":"summary_large_image","twitter_misc":{"Tiempo de lectura":"3 minutos"},"schema":{"@context":"https:\/\/schema.org","@graph":[{"@type":"WebPage","@id":"https:\/\/micene.conform.it\/es\/mice-management-he-curriculum\/","url":"https:\/\/micene.conform.it\/es\/mice-management-he-curriculum\/","name":"MICE GESTI\u00d3N ES CURRICULAR - MICENE","isPartOf":{"@id":"https:\/\/micene.conform.it\/es\/#website"},"primaryImageOfPage":{"@id":"https:\/\/micene.conform.it\/es\/mice-management-he-curriculum\/#primaryimage"},"image":{"@id":"https:\/\/micene.conform.it\/es\/mice-management-he-curriculum\/#primaryimage"},"thumbnailUrl":"https:\/\/micene.conform.it\/wp-content\/uploads\/2024\/10\/Mice-Management-He-Curriculum.webp","datePublished":"2024-10-25T19:07:29+00:00","dateModified":"2026-02-04T18:00:59+00:00","description":"El Micro-design of the Higher Education Curriculum for MICE Management sirve como plan estrat\u00e9gico, guiando a los estudiantes europeos con...","breadcrumb":{"@id":"https:\/\/micene.conform.it\/es\/mice-management-he-curriculum\/#breadcrumb"},"inLanguage":"es","potentialAction":[{"@type":"ReadAction","target":["https:\/\/micene.conform.it\/es\/mice-management-he-curriculum\/"]}]},{"@type":"ImageObject","inLanguage":"es","@id":"https:\/\/micene.conform.it\/es\/mice-management-he-curriculum\/#primaryimage","url":"https:\/\/micene.conform.it\/wp-content\/uploads\/2024\/10\/Mice-Management-He-Curriculum.webp","contentUrl":"https:\/\/micene.conform.it\/wp-content\/uploads\/2024\/10\/Mice-Management-He-Curriculum.webp","width":1920,"height":500,"caption":"Mice Management He Curriculum"},{"@type":"BreadcrumbList","@id":"https:\/\/micene.conform.it\/es\/mice-management-he-curriculum\/#breadcrumb","itemListElement":[{"@type":"ListItem","position":1,"name":"Home","item":"https:\/\/micene.conform.it\/es\/"},{"@type":"ListItem","position":2,"name":"MICE GESTI\u00d3N ES CURRICULAR"}]},{"@type":"WebSite","@id":"https:\/\/micene.conform.it\/es\/#website","url":"https:\/\/micene.conform.it\/es\/","name":"MICENE","description":"Mice Next Evolution","potentialAction":[{"@type":"SearchAction","target":{"@type":"EntryPoint","urlTemplate":"https:\/\/micene.conform.it\/es\/?s={search_term_string}"},"query-input":{"@type":"PropertyValueSpecification","valueRequired":true,"valueName":"search_term_string"}}],"inLanguage":"es"}]}},"_links":{"self":[{"href":"https:\/\/micene.conform.it\/es\/wp-json\/wp\/v2\/pages\/893","targetHints":{"allow":["GET"]}}],"collection":[{"href":"https:\/\/micene.conform.it\/es\/wp-json\/wp\/v2\/pages"}],"about":[{"href":"https:\/\/micene.conform.it\/es\/wp-json\/wp\/v2\/types\/page"}],"author":[{"embeddable":true,"href":"https:\/\/micene.conform.it\/es\/wp-json\/wp\/v2\/users\/1"}],"replies":[{"embeddable":true,"href":"https:\/\/micene.conform.it\/es\/wp-json\/wp\/v2\/comments?post=893"}],"version-history":[{"count":5,"href":"https:\/\/micene.conform.it\/es\/wp-json\/wp\/v2\/pages\/893\/revisions"}],"predecessor-version":[{"id":1436,"href":"https:\/\/micene.conform.it\/es\/wp-json\/wp\/v2\/pages\/893\/revisions\/1436"}],"wp:featuredmedia":[{"embeddable":true,"href":"https:\/\/micene.conform.it\/es\/wp-json\/wp\/v2\/media\/631"}],"wp:attachment":[{"href":"https:\/\/micene.conform.it\/es\/wp-json\/wp\/v2\/media?parent=893"}],"curies":[{"name":"wp","href":"https:\/\/api.w.org\/{rel}","templated":true}]}}