{"id":1091,"date":"2025-06-21T11:03:48","date_gmt":"2025-06-21T11:03:48","guid":{"rendered":"https:\/\/micene.conform.it\/microlearning-pills\/"},"modified":"2025-07-28T17:53:53","modified_gmt":"2025-07-28T17:53:53","slug":"microlearning-pills","status":"publish","type":"page","link":"https:\/\/micene.conform.it\/es\/microlearning-pills\/","title":{"rendered":"P\u00cdLDORAS DE MICROAPRENDIZAJE"},"content":{"rendered":"<div class=\"wpb-content-wrapper\"><p>[vc_row padding_top_multiplier=\u00bb3x\u00bb padding_bottom_multiplier=\u00bb\u00bb][vc_column]<h3 class=\"grve-element grve-title grve-align-center grve-animated-item grve-duration-normal grve-fade-in-up grve-h6\" style=\"\" data-delay=\"400\"><span><br>\n<h4>El Curso MICE.N.E.<\/h4>\n<\/span><\/h3>[vc_column_text css=\u00bb\u00bb animation=\u00bbgrve-fade-in-down\u00bb animation_delay=\u00bb400&#8243;]<\/p>\n<p style=\"text-align: justify;\">\u00a1<strong>Las P\u00edldoras de Microaprendizaje y los escenarios de narrativa ramificada<\/strong> realizados para el proyecto MICENE permiten a los estudiantes con formaci\u00f3n empresarial adquirir y mantener competencias verdes, digitales y de gesti\u00f3n para<strong> aumentar la competitividad del sector MICE<\/strong>!<\/p>\n<p>[\/vc_column_text]<div class=\"grve-element grve-divider grve-animated-item grve-fade-in-up grve-duration-normal grve-align-center\" style=\"\" data-delay=\"200\"><span class=\"grve-custom-divider grve-bg-primary-1\" style=\"width: 50px;height: 2px;\"><\/span><\/div><div class=\"grve-empty-space grve-height-1x\" style=\"\"><\/div>[vc_column_text css=\u00bb\u00bb animation=\u00bbgrve-fade-in-down\u00bb animation_delay=\u00bb400&#8243;]<\/p>\n<p style=\"text-align: justify;\">Por esta raz\u00f3n, ofrecemos acceso a un rico ecosistema de Recursos Educativos Abiertos (REA) \u2013 siempre disponibles, siempre relevantes \u2013 presentados en dos formatos innovadores:<\/p>\n<p>[\/vc_column_text]<div class=\"grve-empty-space grve-height-1x\" style=\"\"><\/div>[\/vc_column][\/vc_row][vc_row padding_top_multiplier=\u00bb\u00bb padding_bottom_multiplier=\u00bb3x\u00bb][vc_column width=\u00bb1\/3&#8243;]<div class=\"grve-element grve-image grve-align-center\" style=\"\">  <div class=\"grve-image-wrapper\"><img loading=\"lazy\" decoding=\"async\" width=\"800\" height=\"800\" src=\"https:\/\/micene.conform.it\/wp-content\/uploads\/2025\/06\/IMG-Microlearning.webp\" class=\"attachment-full size-full\" alt=\"Microlearning\" srcset=\"https:\/\/micene.conform.it\/wp-content\/uploads\/2025\/06\/IMG-Microlearning.webp 800w, https:\/\/micene.conform.it\/wp-content\/uploads\/2025\/06\/IMG-Microlearning-300x300.webp 300w, https:\/\/micene.conform.it\/wp-content\/uploads\/2025\/06\/IMG-Microlearning-150x150.webp 150w, https:\/\/micene.conform.it\/wp-content\/uploads\/2025\/06\/IMG-Microlearning-768x768.webp 768w, https:\/\/micene.conform.it\/wp-content\/uploads\/2025\/06\/IMG-Microlearning-560x560.webp 560w\" sizes=\"auto, (max-width: 800px) 100vw, 800px\" \/>   <\/div><\/div>[\/vc_column][vc_column width=\u00bb2\/3&#8243;]<div class=\"grve-empty-space\" style=\"height: 20px;\"><\/div>[vc_column_text css=\u00bb.vc_custom_1753725202746{margin-bottom: 0px !important;border-bottom-width: 0px !important;padding-bottom: 0px !important;}\u00bb animation=\u00bbgrve-fade-in-down\u00bb animation_delay=\u00bb400&#8243;]<\/p>\n<ul>\n<li style=\"text-align: justify;\"><strong>P\u00edldoras de microaprendizaje:<\/strong> contenido breve, enfocado e inmediatamente aplicable, dise\u00f1ado para ofrecer un aprendizaje selectivo, eficiente y justo a tiempo, en respuesta a desaf\u00edos reales en el terreno.<\/li>\n<li style=\"text-align: justify;\"><strong>Escenarios narrativos ramificados:<\/strong> recorridos de aprendizaje inmersivos basados en una l\u00f3gica de causa y efecto, que permiten a los alumnos explorar los resultados positivos y negativos de diferentes comportamientos. Son ideales para aprender a trav\u00e9s de la reflexi\u00f3n, fortalecer competencias y experimentar la toma de decisiones en un entorno virtual pero sorprendentemente realista. Permiten a los beneficiarios tomar decisiones que influir\u00e1n en el desarrollo de la historia. De hecho, los escenarios presentan al alumno problemas de la vida real, ofreciendo m\u00faltiples opciones para elegir durante la entrega del contenido formativo, incluyendo momentos de evaluaci\u00f3n y revisi\u00f3n de las decisiones tomadas.<\/li>\n<\/ul>\n<p>[\/vc_column_text]<div class=\"grve-empty-space\" style=\"height: 10px;\"><\/div><div class=\"grve-element grve-align-center grve-fluid-button\"><a href=\"https:\/\/erudire.it\/course\/view.php?id=33\" title=\"\u00daNETE AL CURSO DE MICENAS\" target=\"_blank\" rel=\"noopener noreferrer\" class=\"grve-btn grve-btn-medium grve-square grve-bg-primary-1 grve-bg-hover-primary-2\" style=\"max-width: 250px;\"><span>\u00daNETE AL CURSO DE MICENAS<\/span><\/a><\/div>[\/vc_column][\/vc_row][vc_row heading_color=\u00bblight\u00bb disable_element=\u00bbyes\u00bb padding_top_multiplier=\u00bb2x\u00bb padding_bottom_multiplier=\u00bb3x\u00bb scroll_header_style=\u00bbdefault\u00bb font_color=\u00bb#ffffff\u00bb][vc_column]<h3 class=\"grve-element grve-title grve-align-center grve-animated-item grve-duration-normal grve-fade-in-up grve-h6\" style=\"\" data-delay=\"400\"><span><br>\n<h4>Don&#8217;t miss out on the adventure: hit play now and immerse yourself in a world of excitement!<\/h4>\n<\/span><\/h3><div class=\"grve-empty-space grve-height-1x\" style=\"\"><\/div><div class=\"grve-element grve-video\" style=\"\"><iframe loading=\"lazy\" title=\"Video Brunella\" src=\"https:\/\/player.vimeo.com\/video\/869581059?dnt=1&amp;app_id=122963\" width=\"1080\" height=\"608\" frameborder=\"0\" allow=\"autoplay; fullscreen; picture-in-picture; clipboard-write; encrypted-media; web-share\"><\/iframe><\/div><div class=\"grve-empty-space grve-height-1x\" style=\"\"><\/div>[\/vc_column][\/vc_row][vc_row heading_color=\u00bblight\u00bb disable_element=\u00bbyes\u00bb bg_type=\u00bbimage\u00bb bg_image=\u00bb16815&#8243; bg_image_type=\u00bbparallax\u00bb color_overlay=\u00bbprimary-2&#8243; opacity_overlay=\u00bb70&#8243; padding_top_multiplier=\u00bb6x\u00bb padding_bottom_multiplier=\u00bb6x\u00bb parallax_sensor=\u00bb550&#8243; font_color=\u00bb#ffffff\u00bb section_id=\u00bbnewsletters\u00bb][vc_column width=\u00bb1\/6&#8243;][\/vc_column][vc_column width=\u00bb2\/3&#8243;]<h3 class=\"grve-element grve-title grve-align-center grve-h6\" style=\"\"><span><br>\n<h1>Newsletters<\/h1>\n<span class=\"grve-title-line grve-bg-white\" style=\"width: 50px;height: 2px;\"><\/span><\/span><\/h3>[vc_column_text]<\/p>\n<p style=\"text-align: center;\">In this section you can download the newsletters that contains information on project activities.<\/p>\n<p>[\/vc_column_text][\/vc_column][vc_column width=\u00bb1\/6&#8243;][\/vc_column][\/vc_row][vc_row heading_color=\u00bblight\u00bb disable_element=\u00bbyes\u00bb section_type=\u00bbfullwidth\u00bb bg_type=\u00bbimage\u00bb bg_image=\u00bb16749&#8243; padding_top_multiplier=\u00bb\u00bb padding_bottom_multiplier=\u00bb\u00bb columns_gap=\u00bbnone\u00bb equal_column_height=\u00bbequal-column\u00bb parallax_style=\u00bbvcpb-default\u00bb bg_image_new=\u00bbid^16749|url^https:\/\/start.conform.it\/wp-content\/uploads\/2023\/05\/Communication.webp|caption^Communication|alt^Communication|title^Communication|description^Communication\u00bb font_color=\u00bb#ffffff\u00bb][vc_column width=\u00bb1\/2&#8243; css=\u00bb.vc_custom_1507880751781{padding: 14% !important;}\u00bb]<h3 class=\"grve-element grve-title grve-align-left grve-h5\" style=\"\"><span>Eos solum doming ornatus.<\/span><\/h3><h3 class=\"grve-element grve-title grve-align-left grve-small-text\" style=\"margin-bottom: 18px;\"><span><span style=\"color: #000000;\">Situation extremely<\/span><\/span><\/h3>[\/vc_column][vc_column width=\u00bb1\/2&#8243; css=\u00bb.vc_custom_1699009720039{padding-top: 14% !important;padding-right: 14% !important;padding-bottom: 14% !important;padding-left: 14% !important;}\u00bb]<h3 class=\"grve-element grve-title grve-align-left grve-h5\" style=\"\"><span>Eos solum doming ornatus.<\/span><\/h3>[vc_column_text]You one delay nor begin our folly abode. By disposed replying mr me unpacked no. As moonlight of my resolving unwilling. [\/vc_column_text][\/vc_column][\/vc_row][vc_row disable_element=\u00bbyes\u00bb][vc_column]<div class=\"grve-element grve-slogan grve-align-left grve-animated-item grve-fade-in-down grve-duration-normal\" style=\"\" data-delay=\"400\"><div class=\"grve-btn-wrapper\"><a href=\"https:\/\/start.conform.it\/wp-content\/uploads\/2023\/05\/01-The-impact-of-digitalisation-on-the-tourism-sector-transforming-the-way-we-travel.pdf\" target=\"_blank\" rel=\"noopener noreferrer\" class=\"grve-btn grve-btn-extralarge grve-square grve-bg-primary-1 grve-bg-hover-primary-1 grve-btn-line\"><span><i class=\"fas fa-search-plus\"><\/i>Read More<\/span><\/a><\/div><\/div>[vc_tta_tour][vc_tta_section i_icon_fontawesome=\u00bbfar fa-paper-plane\u00bb add_icon=\u00bbtrue\u00bb title=\u00bbNewsletter\u00bb tab_id=\u00bb1699011948224-08403114-c3e9&#8243;][vc_row_inner][vc_column_inner width=\u00bb1\/3&#8243;]<div class=\"grve-element grve-counter grve-align-center grve-animated-item grve-fade-in-up grve-duration-normal\" style=\"\" data-delay=\"200\">  <div class=\"grve-counter-icon\">  <i class=\"et-icon-profile-male grve-text-primary-2 grve-medium\"><\/i>  <\/div>  <div class=\"grve-counter-content\">    <div class=\"grve-counter-item grve-h1 grve-text-primary-1 grve-increase-heading grve-heading-140\">      <span data-thousands-separator-vis=\"\" data-thousands-separator=\",\" data-prefix=\"\" data-suffix=\"\" data-start-val=\"0\" data-end-val=\"80\" data-decimal-points=\"0\" data-decimal-separator=\".\" >0<\/span>    <\/div>\t<h3 class=\"grve-counter-title grve-h3\">Tourism Sector Workers Trained<\/h3>  <\/div><\/div>[\/vc_column_inner][vc_column_inner width=\u00bb1\/3&#8243;]<div class=\"grve-element grve-counter grve-align-center grve-animated-item grve-fade-in-up grve-duration-normal\" style=\"\" data-delay=\"200\">  <div class=\"grve-counter-icon\">  <i class=\"et-icon-profile-male grve-text-primary-2 grve-medium\"><\/i>  <\/div>  <div class=\"grve-counter-content\">    <div class=\"grve-counter-item grve-h1 grve-text-primary-1 grve-increase-heading grve-heading-140\">      <span data-thousands-separator-vis=\"\" data-thousands-separator=\",\" data-prefix=\"\" data-suffix=\"\" data-start-val=\"0\" data-end-val=\"80\" data-decimal-points=\"0\" data-decimal-separator=\".\" >0<\/span>    <\/div>\t<h3 class=\"grve-counter-title grve-h3\">Tourism Sector Workers Trained<\/h3>  <\/div><\/div>[\/vc_column_inner][vc_column_inner width=\u00bb1\/3&#8243;]<div class=\"grve-element grve-counter grve-align-center grve-animated-item grve-fade-in-up grve-duration-normal\" style=\"\" data-delay=\"200\">  <div class=\"grve-counter-icon\">  <i class=\"et-icon-profile-male grve-text-primary-2 grve-medium\"><\/i>  <\/div>  <div class=\"grve-counter-content\">    <div class=\"grve-counter-item grve-h1 grve-text-primary-1 grve-increase-heading grve-heading-140\">      <span data-thousands-separator-vis=\"\" data-thousands-separator=\",\" data-prefix=\"\" data-suffix=\"\" data-start-val=\"0\" data-end-val=\"80\" data-decimal-points=\"0\" data-decimal-separator=\".\" >0<\/span>    <\/div>\t<h3 class=\"grve-counter-title grve-h3\">Tourism Sector Workers Trained<\/h3>  <\/div><\/div>[\/vc_column_inner][\/vc_row_inner][\/vc_tta_section][vc_tta_section title=\u00bbSezione 2&#8243; tab_id=\u00bb1699011950064-fb19e031-b4cd\u00bb][\/vc_tta_section][\/vc_tta_tour][\/vc_column][\/vc_row]<\/p>\n<\/div>","protected":false},"excerpt":{"rendered":"<p>[vc_row padding_top_multiplier=\u00bb3x\u00bb padding_bottom_multiplier=\u00bb\u00bb][vc_column][vc_column_text css=\u00bb\u00bb animation=\u00bbgrve-fade-in-down\u00bb animation_delay=\u00bb400&#8243;] \u00a1Las P\u00edldoras de Microaprendizaje y los escenarios de narrativa ramificada realizados para el proyecto MICENE permiten a los estudiantes con formaci\u00f3n empresarial adquirir y mantener competencias verdes, digitales y de gesti\u00f3n para aumentar la competitividad del sector MICE! [\/vc_column_text][vc_column_text css=\u00bb\u00bb animation=\u00bbgrve-fade-in-down\u00bb animation_delay=\u00bb400&#8243;] Por esta raz\u00f3n, ofrecemos acceso a un [&hellip;]<\/p>\n","protected":false},"author":1,"featured_media":947,"parent":0,"menu_order":0,"comment_status":"closed","ping_status":"closed","template":"","meta":{"footnotes":""},"class_list":["post-1091","page","type-page","status-publish","has-post-thumbnail","hentry"],"yoast_head":"<!-- This site is optimized with the Yoast SEO plugin v27.4 - https:\/\/yoast.com\/product\/yoast-seo-wordpress\/ -->\n<title>P\u00cdLDORAS DE MICROAPRENDIZAJE - MICENE<\/title>\n<meta name=\"description\" content=\"\u00a1Las P\u00edldoras de Microaprendizaje y los escenarios de narrativa ramificada realizados para el proyecto MICENE permiten a los estudiantes...\" \/>\n<meta name=\"robots\" content=\"index, follow, max-snippet:-1, max-image-preview:large, max-video-preview:-1\" \/>\n<link rel=\"canonical\" href=\"https:\/\/micene.conform.it\/es\/microlearning-pills\/\" \/>\n<meta property=\"og:locale\" content=\"es_ES\" \/>\n<meta property=\"og:type\" content=\"article\" \/>\n<meta property=\"og:title\" content=\"P\u00cdLDORAS DE MICROAPRENDIZAJE - MICENE\" \/>\n<meta property=\"og:description\" content=\"\u00a1Las P\u00edldoras de Microaprendizaje y los escenarios de narrativa ramificada realizados para el proyecto MICENE permiten a los estudiantes...\" \/>\n<meta property=\"og:url\" content=\"https:\/\/micene.conform.it\/es\/microlearning-pills\/\" \/>\n<meta property=\"og:site_name\" content=\"MICENE\" \/>\n<meta property=\"article:modified_time\" content=\"2025-07-28T17:53:53+00:00\" \/>\n<meta property=\"og:image\" content=\"https:\/\/micene.conform.it\/wp-content\/uploads\/2025\/06\/Microlearning.webp\" \/>\n\t<meta property=\"og:image:width\" content=\"1920\" \/>\n\t<meta property=\"og:image:height\" content=\"500\" \/>\n\t<meta property=\"og:image:type\" content=\"image\/webp\" \/>\n<meta name=\"twitter:card\" content=\"summary_large_image\" \/>\n<meta name=\"twitter:label1\" content=\"Tiempo de lectura\" \/>\n\t<meta name=\"twitter:data1\" content=\"3 minutos\" \/>\n<script type=\"application\/ld+json\" class=\"yoast-schema-graph\">{\"@context\":\"https:\\\/\\\/schema.org\",\"@graph\":[{\"@type\":\"WebPage\",\"@id\":\"https:\\\/\\\/micene.conform.it\\\/es\\\/microlearning-pills\\\/\",\"url\":\"https:\\\/\\\/micene.conform.it\\\/es\\\/microlearning-pills\\\/\",\"name\":\"P\u00cdLDORAS DE MICROAPRENDIZAJE - MICENE\",\"isPartOf\":{\"@id\":\"https:\\\/\\\/micene.conform.it\\\/es\\\/#website\"},\"primaryImageOfPage\":{\"@id\":\"https:\\\/\\\/micene.conform.it\\\/es\\\/microlearning-pills\\\/#primaryimage\"},\"image\":{\"@id\":\"https:\\\/\\\/micene.conform.it\\\/es\\\/microlearning-pills\\\/#primaryimage\"},\"thumbnailUrl\":\"https:\\\/\\\/micene.conform.it\\\/wp-content\\\/uploads\\\/2025\\\/06\\\/Microlearning.webp\",\"datePublished\":\"2025-06-21T11:03:48+00:00\",\"dateModified\":\"2025-07-28T17:53:53+00:00\",\"description\":\"\u00a1Las P\u00edldoras de Microaprendizaje y los escenarios de narrativa ramificada realizados para el proyecto MICENE permiten a los estudiantes...\",\"breadcrumb\":{\"@id\":\"https:\\\/\\\/micene.conform.it\\\/es\\\/microlearning-pills\\\/#breadcrumb\"},\"inLanguage\":\"es\",\"potentialAction\":[{\"@type\":\"ReadAction\",\"target\":[\"https:\\\/\\\/micene.conform.it\\\/es\\\/microlearning-pills\\\/\"]}]},{\"@type\":\"ImageObject\",\"inLanguage\":\"es\",\"@id\":\"https:\\\/\\\/micene.conform.it\\\/es\\\/microlearning-pills\\\/#primaryimage\",\"url\":\"https:\\\/\\\/micene.conform.it\\\/wp-content\\\/uploads\\\/2025\\\/06\\\/Microlearning.webp\",\"contentUrl\":\"https:\\\/\\\/micene.conform.it\\\/wp-content\\\/uploads\\\/2025\\\/06\\\/Microlearning.webp\",\"width\":1920,\"height\":500,\"caption\":\"Microlearning\"},{\"@type\":\"BreadcrumbList\",\"@id\":\"https:\\\/\\\/micene.conform.it\\\/es\\\/microlearning-pills\\\/#breadcrumb\",\"itemListElement\":[{\"@type\":\"ListItem\",\"position\":1,\"name\":\"Home\",\"item\":\"https:\\\/\\\/micene.conform.it\\\/es\\\/\"},{\"@type\":\"ListItem\",\"position\":2,\"name\":\"P\u00cdLDORAS DE MICROAPRENDIZAJE\"}]},{\"@type\":\"WebSite\",\"@id\":\"https:\\\/\\\/micene.conform.it\\\/es\\\/#website\",\"url\":\"https:\\\/\\\/micene.conform.it\\\/es\\\/\",\"name\":\"MICENE\",\"description\":\"Mice Next Evolution\",\"potentialAction\":[{\"@type\":\"SearchAction\",\"target\":{\"@type\":\"EntryPoint\",\"urlTemplate\":\"https:\\\/\\\/micene.conform.it\\\/es\\\/?s={search_term_string}\"},\"query-input\":{\"@type\":\"PropertyValueSpecification\",\"valueRequired\":true,\"valueName\":\"search_term_string\"}}],\"inLanguage\":\"es\"}]}<\/script>\n<!-- \/ Yoast SEO plugin. -->","yoast_head_json":{"title":"P\u00cdLDORAS DE MICROAPRENDIZAJE - MICENE","description":"\u00a1Las P\u00edldoras de Microaprendizaje y los escenarios de narrativa ramificada realizados para el proyecto MICENE permiten a los estudiantes...","robots":{"index":"index","follow":"follow","max-snippet":"max-snippet:-1","max-image-preview":"max-image-preview:large","max-video-preview":"max-video-preview:-1"},"canonical":"https:\/\/micene.conform.it\/es\/microlearning-pills\/","og_locale":"es_ES","og_type":"article","og_title":"P\u00cdLDORAS DE MICROAPRENDIZAJE - MICENE","og_description":"\u00a1Las P\u00edldoras de Microaprendizaje y los escenarios de narrativa ramificada realizados para el proyecto MICENE permiten a los estudiantes...","og_url":"https:\/\/micene.conform.it\/es\/microlearning-pills\/","og_site_name":"MICENE","article_modified_time":"2025-07-28T17:53:53+00:00","og_image":[{"width":1920,"height":500,"url":"https:\/\/micene.conform.it\/wp-content\/uploads\/2025\/06\/Microlearning.webp","type":"image\/webp"}],"twitter_card":"summary_large_image","twitter_misc":{"Tiempo de lectura":"3 minutos"},"schema":{"@context":"https:\/\/schema.org","@graph":[{"@type":"WebPage","@id":"https:\/\/micene.conform.it\/es\/microlearning-pills\/","url":"https:\/\/micene.conform.it\/es\/microlearning-pills\/","name":"P\u00cdLDORAS DE MICROAPRENDIZAJE - MICENE","isPartOf":{"@id":"https:\/\/micene.conform.it\/es\/#website"},"primaryImageOfPage":{"@id":"https:\/\/micene.conform.it\/es\/microlearning-pills\/#primaryimage"},"image":{"@id":"https:\/\/micene.conform.it\/es\/microlearning-pills\/#primaryimage"},"thumbnailUrl":"https:\/\/micene.conform.it\/wp-content\/uploads\/2025\/06\/Microlearning.webp","datePublished":"2025-06-21T11:03:48+00:00","dateModified":"2025-07-28T17:53:53+00:00","description":"\u00a1Las P\u00edldoras de Microaprendizaje y los escenarios de narrativa ramificada realizados para el proyecto MICENE permiten a los estudiantes...","breadcrumb":{"@id":"https:\/\/micene.conform.it\/es\/microlearning-pills\/#breadcrumb"},"inLanguage":"es","potentialAction":[{"@type":"ReadAction","target":["https:\/\/micene.conform.it\/es\/microlearning-pills\/"]}]},{"@type":"ImageObject","inLanguage":"es","@id":"https:\/\/micene.conform.it\/es\/microlearning-pills\/#primaryimage","url":"https:\/\/micene.conform.it\/wp-content\/uploads\/2025\/06\/Microlearning.webp","contentUrl":"https:\/\/micene.conform.it\/wp-content\/uploads\/2025\/06\/Microlearning.webp","width":1920,"height":500,"caption":"Microlearning"},{"@type":"BreadcrumbList","@id":"https:\/\/micene.conform.it\/es\/microlearning-pills\/#breadcrumb","itemListElement":[{"@type":"ListItem","position":1,"name":"Home","item":"https:\/\/micene.conform.it\/es\/"},{"@type":"ListItem","position":2,"name":"P\u00cdLDORAS DE MICROAPRENDIZAJE"}]},{"@type":"WebSite","@id":"https:\/\/micene.conform.it\/es\/#website","url":"https:\/\/micene.conform.it\/es\/","name":"MICENE","description":"Mice Next Evolution","potentialAction":[{"@type":"SearchAction","target":{"@type":"EntryPoint","urlTemplate":"https:\/\/micene.conform.it\/es\/?s={search_term_string}"},"query-input":{"@type":"PropertyValueSpecification","valueRequired":true,"valueName":"search_term_string"}}],"inLanguage":"es"}]}},"_links":{"self":[{"href":"https:\/\/micene.conform.it\/es\/wp-json\/wp\/v2\/pages\/1091","targetHints":{"allow":["GET"]}}],"collection":[{"href":"https:\/\/micene.conform.it\/es\/wp-json\/wp\/v2\/pages"}],"about":[{"href":"https:\/\/micene.conform.it\/es\/wp-json\/wp\/v2\/types\/page"}],"author":[{"embeddable":true,"href":"https:\/\/micene.conform.it\/es\/wp-json\/wp\/v2\/users\/1"}],"replies":[{"embeddable":true,"href":"https:\/\/micene.conform.it\/es\/wp-json\/wp\/v2\/comments?post=1091"}],"version-history":[{"count":2,"href":"https:\/\/micene.conform.it\/es\/wp-json\/wp\/v2\/pages\/1091\/revisions"}],"predecessor-version":[{"id":1093,"href":"https:\/\/micene.conform.it\/es\/wp-json\/wp\/v2\/pages\/1091\/revisions\/1093"}],"wp:featuredmedia":[{"embeddable":true,"href":"https:\/\/micene.conform.it\/es\/wp-json\/wp\/v2\/media\/947"}],"wp:attachment":[{"href":"https:\/\/micene.conform.it\/es\/wp-json\/wp\/v2\/media?parent=1091"}],"curies":[{"name":"wp","href":"https:\/\/api.w.org\/{rel}","templated":true}]}}